{"id":35256,"date":"2025-02-20T22:37:10","date_gmt":"2025-02-20T22:37:10","guid":{"rendered":"http:\/\/olemosaic.com\/producto\/bola-de-navidad-con-caja-motivos-marinos-lanzarote\/"},"modified":"2025-07-25T20:18:23","modified_gmt":"2025-07-25T18:18:23","slug":"boule-de-noel-avec-boite-motifs-marins-lanzarote","status":"publish","type":"product","link":"https:\/\/olemosaic.com\/fr\/produit\/boule-de-noel-avec-boite-motifs-marins-lanzarote\/","title":{"rendered":"Boule de No\u00ebl avec bo\u00eete. Motifs marins. Lanzarote."},"content":{"rendered":"<p>Cette boule de No\u00ebl d\u00e9corative, aux motifs marins, est un souvenir attachant de Lanzarote qui encapsule la beaut\u00e9 naturelle de l&rsquo;oc\u00e9an canarien. Pr\u00e9sent\u00e9e dans une jolie bo\u00eete, la pi\u00e8ce resplendit avec des illustrations vibrantes de tortues et d&rsquo;\u00e9l\u00e9ments marins, sur un fond bleu intense qui \u00e9voque la profondeur de la mer. Le design se distingue par sa finition brillante, qui refl\u00e8te la lumi\u00e8re de mani\u00e8re captivante, tandis que le ruban rouge pour la suspendre ajoute une touche festive, faisant de cet ornement une option parfaite pour d\u00e9corer votre sapin ou n&rsquo;importe quel coin de la maison.<\/p>\n<p>Avec un diam\u00e8tre id\u00e9al pour briller dans votre d\u00e9coration de No\u00ebl, cette boule n&rsquo;est pas seulement un ornement, mais un rappel de l&rsquo;ambiance marine de Lanzarote, une \u00eele riche en paysages naturels et en culture. La repr\u00e9sentation artistique des tortues et des coraux n&#8217;embellit pas seulement la maison, mais souligne \u00e9galement la connexion de l&rsquo;\u00eele avec son extraordinaire biodiversit\u00e9 marine, soulignant sa pertinence culturelle en tant que destination touristique.<\/p>\n<p>Chez Ol\u00e9 Mosaic, nous nous sp\u00e9cialisons dans la distribution de souvenirs en gros, offrant des produits authentiques et repr\u00e9sentatifs des diverses r\u00e9gions d&rsquo;Espagne et du Portugal. Cette boule de No\u00ebl est une excellente option pour les boutiques de souvenirs touristiques \u00e0 la recherche d&rsquo;articles uniques et de qualit\u00e9, id\u00e9ale pour ceux qui souhaitent apporter un morceau de la magique Lanzarote dans leur foyer.<\/p>\n","protected":false},"excerpt":{"rendered":"<p>Boule de No\u00ebl d\u00e9corative aux motifs marins, inspir\u00e9e par la beaut\u00e9 naturelle de Lanzarote. Cet ornement, pr\u00e9sent\u00e9 dans une bo\u00eete charmante, montre des illustrations vibrantes de tortues et d&rsquo;\u00e9l\u00e9ments du fond marin sur un fond bleu intense. Avec une finition brillante et un ruban rouge pour la suspendre, c&rsquo;est la pi\u00e8ce id\u00e9ale pour apporter une touche de couleur et un air festif \u00e0 votre maison, \u00e9voquant l&rsquo;esprit de l&rsquo;oc\u00e9an canarien.<\/p>\n","protected":false},"featured_media":13855,"template":"","meta":{"_acf_changed":false},"product_brand":[],"product_cat":[659],"product_tag":[530,646],"class_list":{"0":"post-35256","1":"product","2":"type-product","3":"status-publish","4":"has-post-thumbnail","6":"product_cat-boules-de-noel","7":"product_tag-animaux","8":"product_tag-noel","9":"pa_ciudad-lanzarote","10":"pa_motivo-animaux-marins","11":"pa_pais-espana","13":"first","14":"instock","15":"shipping-taxable","16":"product-type-simple"},"acf":[],"_links":{"self":[{"href":"https:\/\/olemosaic.com\/fr\/wp-json\/wp\/v2\/product\/35256","targetHints":{"allow":["GET"]}}],"collection":[{"href":"https:\/\/olemosaic.com\/fr\/wp-json\/wp\/v2\/product"}],"about":[{"href":"https:\/\/olemosaic.com\/fr\/wp-json\/wp\/v2\/types\/product"}],"wp:featuredmedia":[{"embeddable":true,"href":"https:\/\/olemosaic.com\/fr\/wp-json\/wp\/v2\/media\/13855"}],"wp:attachment":[{"href":"https:\/\/olemosaic.com\/fr\/wp-json\/wp\/v2\/media?parent=35256"}],"wp:term":[{"taxonomy":"product_brand","embeddable":true,"href":"https:\/\/olemosaic.com\/fr\/wp-json\/wp\/v2\/product_brand?post=35256"},{"taxonomy":"product_cat","embeddable":true,"href":"https:\/\/olemosaic.com\/fr\/wp-json\/wp\/v2\/product_cat?post=35256"},{"taxonomy":"product_tag","embeddable":true,"href":"https:\/\/olemosaic.com\/fr\/wp-json\/wp\/v2\/product_tag?post=35256"}],"curies":[{"name":"wp","href":"https:\/\/api.w.org\/{rel}","templated":true}]}}