{"id":35255,"date":"2025-02-20T22:37:10","date_gmt":"2025-02-20T22:37:10","guid":{"rendered":"http:\/\/olemosaic.com\/producto\/bola-de-navidad-con-caja-salamandra-y-flores-tenerife\/"},"modified":"2025-07-25T18:47:08","modified_gmt":"2025-07-25T16:47:08","slug":"boule-de-noel-avec-boite-salamandre-et-fleurs-tenerife","status":"publish","type":"product","link":"https:\/\/olemosaic.com\/fr\/produit\/boule-de-noel-avec-boite-salamandre-et-fleurs-tenerife\/","title":{"rendered":"Boule de No\u00ebl avec bo\u00eete. Salamandre et fleurs. Tenerife."},"content":{"rendered":"<p>Cette boule de No\u00ebl d\u00e9corative est un souvenir exquis qui capture l&rsquo;essence festive de Tenerife. Avec un design exclusif, elle pr\u00e9sente une salamandre vibrante entour\u00e9e de fleurs color\u00e9es, symbole de la riche biodiversit\u00e9 de l&rsquo;\u00eele. Fabriqu\u00e9e en c\u00e9ramique de haute qualit\u00e9, cette pi\u00e8ce allie art et tradition, offrant une touche distinctive \u00e0 la d\u00e9coration de No\u00ebl. La boule comprend un d\u00e9licat ruban violet qui, en plus de faciliter son installation sur le sapin, ajoute un air festif et \u00e9l\u00e9gant. Avec le texte \u00ab\u00a0Tenerife\u00a0\u00bb imprim\u00e9 clairement, ce souvenir devient un rappel sp\u00e9cial des c\u00e9l\u00e9brations de No\u00ebl sur cette \u00eele magnifique.<\/p>\n<p>La mosa\u00efque color\u00e9e qui orne la boule \u00e9voque le c\u00e9l\u00e8bre art de rue de Tenerife, o\u00f9 la culture locale se refl\u00e8te \u00e0 chaque coin de rue \u00e0 travers ses couleurs vibrantes et ses motifs inspir\u00e9s de la nature. Ce produit n&rsquo;est pas seulement un attrait d\u00e9coratif, mais il transmet \u00e9galement l&rsquo;essence authentique des f\u00eates dans la r\u00e9gion, ce qui en fait un cadeau parfait pour ceux qui souhaitent emporter un morceau de Tenerife chez eux.<\/p>\n<p>Chez Ol\u00e9 Mosaic, nous sommes fiers de proposer des souvenirs authentiques, comme cette boule de No\u00ebl, id\u00e9ale pour les boutiques de souvenirs touristiques. Notre approche de la distribution de produits en gros garantit que chaque pi\u00e8ce conserve sa valeur culturelle et artistique, en faisant une excellente option pour les touristes \u00e0 la recherche de souvenirs repr\u00e9sentatifs de leur exp\u00e9rience.<\/p>\n","protected":false},"excerpt":{"rendered":"<p>Boule de No\u00ebl d\u00e9corative avec un design exclusif repr\u00e9sentant une salamandre entour\u00e9e de fleurs color\u00e9es, \u00e9voquant la beaut\u00e9 de Tenerife. Fabriqu\u00e9e en c\u00e9ramique, cette boule comprend un ruban violet pour la suspendre et sa mosa\u00efque color\u00e9e refl\u00e8te la riche culture locale. Avec le mot \u00ab\u00a0Tenerife\u00a0\u00bb imprim\u00e9, c&rsquo;est un souvenir id\u00e9al pour les f\u00eates de No\u00ebl sur l&rsquo;\u00eele, alliant art et tradition dans un \u00e9l\u00e9ment d\u00e9coratif attrayant.<\/p>\n","protected":false},"featured_media":13854,"template":"","meta":{"_acf_changed":false},"product_brand":[],"product_cat":[659],"product_tag":[530,646],"class_list":{"0":"post-35255","1":"product","2":"type-product","3":"status-publish","4":"has-post-thumbnail","6":"product_cat-boules-de-noel","7":"product_tag-animaux","8":"product_tag-noel","9":"pa_ciudad-tenerife","10":"pa_motivo-salamandres","11":"pa_pais-espana","13":"first","14":"instock","15":"shipping-taxable","16":"product-type-simple"},"acf":[],"_links":{"self":[{"href":"https:\/\/olemosaic.com\/fr\/wp-json\/wp\/v2\/product\/35255","targetHints":{"allow":["GET"]}}],"collection":[{"href":"https:\/\/olemosaic.com\/fr\/wp-json\/wp\/v2\/product"}],"about":[{"href":"https:\/\/olemosaic.com\/fr\/wp-json\/wp\/v2\/types\/product"}],"wp:featuredmedia":[{"embeddable":true,"href":"https:\/\/olemosaic.com\/fr\/wp-json\/wp\/v2\/media\/13854"}],"wp:attachment":[{"href":"https:\/\/olemosaic.com\/fr\/wp-json\/wp\/v2\/media?parent=35255"}],"wp:term":[{"taxonomy":"product_brand","embeddable":true,"href":"https:\/\/olemosaic.com\/fr\/wp-json\/wp\/v2\/product_brand?post=35255"},{"taxonomy":"product_cat","embeddable":true,"href":"https:\/\/olemosaic.com\/fr\/wp-json\/wp\/v2\/product_cat?post=35255"},{"taxonomy":"product_tag","embeddable":true,"href":"https:\/\/olemosaic.com\/fr\/wp-json\/wp\/v2\/product_tag?post=35255"}],"curies":[{"name":"wp","href":"https:\/\/api.w.org\/{rel}","templated":true}]}}