{"id":35254,"date":"2025-02-20T22:37:09","date_gmt":"2025-02-20T22:37:09","guid":{"rendered":"http:\/\/olemosaic.com\/producto\/bola-de-navidad-con-caja-mariposa-mallorca\/"},"modified":"2025-07-25T19:25:53","modified_gmt":"2025-07-25T17:25:53","slug":"boule-de-noel-avec-boite-papillon-majorque","status":"publish","type":"product","link":"https:\/\/olemosaic.com\/fr\/produit\/boule-de-noel-avec-boite-papillon-majorque\/","title":{"rendered":"Boule de No\u00ebl avec bo\u00eete. Papillon. Majorque."},"content":{"rendered":"<p>Boule de No\u00ebl d\u00e9corative avec des papillons, inspir\u00e9e par la beaut\u00e9 de Majorque. Parfaite pour ajouter une touche festive \u00e0 votre sapin ou comme un charmant souvenir des \u00eeles Bal\u00e9ares. Cet ornement sph\u00e9rique pr\u00e9sente un design vibrant avec des papillons et des fleurs color\u00e9s sur un fond de mosa\u00efque, capturant l&rsquo;essence de l&rsquo;art m\u00e9diterran\u00e9en. La technique graphique utilis\u00e9e souligne la richesse des couleurs, avec des nuances de bleu, violet, jaune et orange qui symbolisent l&rsquo;exub\u00e9rance de la flore et de la faune de Majorque.<\/p>\n<p>La boule est orn\u00e9e d&rsquo;un \u00e9l\u00e9gant ruban violet, qui lui donne une finition sophistiqu\u00e9e. Elle est id\u00e9ale \u00e0 offrir ou pour que les touristes emportent un morceau de Majorque chez eux. Elle est compl\u00e9t\u00e9e par une bo\u00eete de pr\u00e9sentation, ce qui fait de cette boule de No\u00ebl non seulement un bel \u00e9l\u00e9ment d\u00e9coratif, mais aussi un symbole culturel refl\u00e9tant la connexion de l&rsquo;\u00eele avec la nature et sa magnifique biodiversit\u00e9.<\/p>\n<p>Chez Ol\u00e9 Mosaic, nous sommes fiers de proposer des souvenirs authentiques qui capturent l&rsquo;essence de chaque r\u00e9gion. Cette boule de No\u00ebl avec papillons est une excellente option pour les boutiques de souvenirs touristiques \u00e0 la recherche de produits uniques et repr\u00e9sentatifs. En tant que grossistes de souvenirs, nous garantissons la qualit\u00e9 et l&rsquo;authenticit\u00e9 de chaque pi\u00e8ce, faisant de cet ornement un souvenir parfait des merveilles de Majorque.<\/p>\n","protected":false},"excerpt":{"rendered":"<p>Boule de No\u00ebl d\u00e9corative au design de papillons, inspir\u00e9e par la beaut\u00e9 de Majorque. Cet ornement sph\u00e9rique pr\u00e9sente des papillons et des fleurs color\u00e9s sur un fond de mosa\u00efque, se distinguant par sa technique graphique vibrante et moderne. Comprend une \u00e9l\u00e9gante bo\u00eete pour sa pr\u00e9sentation et est orn\u00e9e d&rsquo;un ruban violet. Elle est parfaite pour apporter une touche festive et r\u00e9gionale \u00e0 votre sapin, ou comme un charmant souvenir des \u00eeles Bal\u00e9ares.<\/p>\n","protected":false},"featured_media":13853,"template":"","meta":{"_acf_changed":false},"product_brand":[],"product_cat":[659],"product_tag":[530,646],"class_list":{"0":"post-35254","1":"product","2":"type-product","3":"status-publish","4":"has-post-thumbnail","6":"product_cat-boules-de-noel","7":"product_tag-animaux","8":"product_tag-noel","9":"pa_ciudad-mallorca","10":"pa_motivo-papillons","11":"pa_pais-espana","13":"first","14":"instock","15":"shipping-taxable","16":"product-type-simple"},"acf":[],"_links":{"self":[{"href":"https:\/\/olemosaic.com\/fr\/wp-json\/wp\/v2\/product\/35254","targetHints":{"allow":["GET"]}}],"collection":[{"href":"https:\/\/olemosaic.com\/fr\/wp-json\/wp\/v2\/product"}],"about":[{"href":"https:\/\/olemosaic.com\/fr\/wp-json\/wp\/v2\/types\/product"}],"wp:featuredmedia":[{"embeddable":true,"href":"https:\/\/olemosaic.com\/fr\/wp-json\/wp\/v2\/media\/13853"}],"wp:attachment":[{"href":"https:\/\/olemosaic.com\/fr\/wp-json\/wp\/v2\/media?parent=35254"}],"wp:term":[{"taxonomy":"product_brand","embeddable":true,"href":"https:\/\/olemosaic.com\/fr\/wp-json\/wp\/v2\/product_brand?post=35254"},{"taxonomy":"product_cat","embeddable":true,"href":"https:\/\/olemosaic.com\/fr\/wp-json\/wp\/v2\/product_cat?post=35254"},{"taxonomy":"product_tag","embeddable":true,"href":"https:\/\/olemosaic.com\/fr\/wp-json\/wp\/v2\/product_tag?post=35254"}],"curies":[{"name":"wp","href":"https:\/\/api.w.org\/{rel}","templated":true}]}}