{"id":35252,"date":"2025-02-20T22:37:09","date_gmt":"2025-02-20T22:37:09","guid":{"rendered":"http:\/\/olemosaic.com\/producto\/bola-de-navidad-con-caja-mosaico-tenerife\/"},"modified":"2025-07-25T18:50:51","modified_gmt":"2025-07-25T16:50:51","slug":"boule-de-noel-avec-boite-mosaique-tenerife","status":"publish","type":"product","link":"https:\/\/olemosaic.com\/fr\/produit\/boule-de-noel-avec-boite-mosaique-tenerife\/","title":{"rendered":"Boule de No\u00ebl avec bo\u00eete. Mosa\u00efque. Tenerife."},"content":{"rendered":"<p>Cette boule de No\u00ebl d\u00e9corative avec bo\u00eete est un charmant souvenir de Tenerife qui encapsule l&rsquo;essence vibrante et color\u00e9e de l&rsquo;\u00eele. L&rsquo;ornement sph\u00e9rique pr\u00e9sente des motifs g\u00e9om\u00e9triques complexes dans une palette captivante de bleus, d&rsquo;oranges et de jaunes, \u00e9voquant le riche h\u00e9ritage culturel des traditions artisanales canariennes. Au centre de la boule, le mot \u00ab\u00a0Tenerife\u00a0\u00bb se d\u00e9tache dans une typographie moderne, ajoutant une touche contemporaine \u00e0 son design traditionnel. Un d\u00e9licat ruban violet sur la partie sup\u00e9rieure non seulement embellit la pr\u00e9sentation, mais apporte \u00e9galement un air festif, id\u00e9al pour compl\u00e9ter la d\u00e9coration de No\u00ebl.<\/p>\n<p>Ce souvenir n&rsquo;est pas seulement un ornement, mais un symbole de l&rsquo;esprit festif de l&rsquo;\u00eele, parfait pour se rappeler visuellement la chaleur et la couleur de Tenerife \u00e0 chaque No\u00ebl. Le lien culturel de cette boule avec l&rsquo;\u00eele se refl\u00e8te dans ses designs, qui \u00e9voquent l&rsquo;art de la mosa\u00efque caract\u00e9ristique de la r\u00e9gion. Ol\u00e9 Mosaic est fier d&rsquo;offrir cette pi\u00e8ce dans le cadre de sa s\u00e9lection de souvenirs authentiques, id\u00e9aux pour ceux qui recherchent un souvenir de qualit\u00e9 repr\u00e9sentant les traditions locales. Ce produit est une excellente option pour les boutiques de cadeaux touristiques qui souhaitent offrir \u00e0 leurs clients un morceau de Tenerife, combinant art et culture en un seul objet d\u00e9coratif.<\/p>\n","protected":false},"excerpt":{"rendered":"<p>Boule de No\u00ebl d\u00e9corative avec bo\u00eete, inspir\u00e9e des mosa\u00efques color\u00e9es de Tenerife. Cet ornement sph\u00e9rique pr\u00e9sente une combinaison vibrante de motifs g\u00e9om\u00e9triques dans des tons bleus, oranges et jaunes, \u00e9voquant le riche h\u00e9ritage culturel de l&rsquo;\u00eele. Le mot \u00ab\u00a0Tenerife\u00a0\u00bb se d\u00e9tache au centre avec une typographie moderne, tandis qu&rsquo;un ruban violet lui ajoute une touche festive. Id\u00e9al pour donner un air de No\u00ebl et culturel \u00e0 votre maison.<\/p>\n","protected":false},"featured_media":13851,"template":"","meta":{"_acf_changed":false},"product_brand":[],"product_cat":[659],"product_tag":[646],"class_list":{"0":"post-35252","1":"product","2":"type-product","3":"status-publish","4":"has-post-thumbnail","6":"product_cat-boules-de-noel","7":"product_tag-noel","8":"pa_ciudad-tenerife","9":"pa_motivo-mosaique","10":"pa_pais-espana","12":"first","13":"instock","14":"shipping-taxable","15":"product-type-simple"},"acf":[],"_links":{"self":[{"href":"https:\/\/olemosaic.com\/fr\/wp-json\/wp\/v2\/product\/35252","targetHints":{"allow":["GET"]}}],"collection":[{"href":"https:\/\/olemosaic.com\/fr\/wp-json\/wp\/v2\/product"}],"about":[{"href":"https:\/\/olemosaic.com\/fr\/wp-json\/wp\/v2\/types\/product"}],"wp:featuredmedia":[{"embeddable":true,"href":"https:\/\/olemosaic.com\/fr\/wp-json\/wp\/v2\/media\/13851"}],"wp:attachment":[{"href":"https:\/\/olemosaic.com\/fr\/wp-json\/wp\/v2\/media?parent=35252"}],"wp:term":[{"taxonomy":"product_brand","embeddable":true,"href":"https:\/\/olemosaic.com\/fr\/wp-json\/wp\/v2\/product_brand?post=35252"},{"taxonomy":"product_cat","embeddable":true,"href":"https:\/\/olemosaic.com\/fr\/wp-json\/wp\/v2\/product_cat?post=35252"},{"taxonomy":"product_tag","embeddable":true,"href":"https:\/\/olemosaic.com\/fr\/wp-json\/wp\/v2\/product_tag?post=35252"}],"curies":[{"name":"wp","href":"https:\/\/api.w.org\/{rel}","templated":true}]}}