{"id":35251,"date":"2025-02-20T22:37:09","date_gmt":"2025-02-20T22:37:09","guid":{"rendered":"http:\/\/olemosaic.com\/producto\/bola-de-navidad-con-caja-flores-fuerteventura\/"},"modified":"2025-07-25T19:51:56","modified_gmt":"2025-07-25T17:51:56","slug":"boule-de-noel-avec-boite-fleurs-fuerteventura","status":"publish","type":"product","link":"https:\/\/olemosaic.com\/fr\/produit\/boule-de-noel-avec-boite-fleurs-fuerteventura\/","title":{"rendered":"Boule de No\u00ebl avec bo\u00eete. Fleurs. Fuerteventura."},"content":{"rendered":"<p>Donnez une touche festive \u00e0 vos d\u00e9corations avec cette magnifique boule de No\u00ebl d\u00e9corative inspir\u00e9e des fleurs vibrantes de Fuerteventura. Cet ornement capture l&rsquo;essence de l&rsquo;\u00eele des Canaries \u00e0 travers un design de mosa\u00efques color\u00e9es combinant des tons bleus, roses et jaunes, \u00e9voquant la beaut\u00e9 naturelle et le climat chaud de Fuerteventura. Le mot \u00ab\u00a0Fuerteventura\u00a0\u00bb ressort avec une typographie moderne, faisant de cette boule un souvenir in\u00e9gal\u00e9 qui c\u00e9l\u00e8bre \u00e0 la fois la modernit\u00e9 et la tradition de la r\u00e9gion.<\/p>\n<p>Fabriqu\u00e9e avec des mat\u00e9riaux de haute qualit\u00e9, cette boule n&rsquo;est pas seulement id\u00e9ale pour orner votre sapin de No\u00ebl, mais peut aussi \u00eatre un \u00e9l\u00e9ment d\u00e9coratif charmant dans n&rsquo;importe quel coin de votre maison pendant les f\u00eates. L&rsquo;\u00e9l\u00e9gante bo\u00eete dans laquelle elle est pr\u00e9sent\u00e9e en fait le cadeau parfait pour les amis et les proches qui souhaitent emporter un petit morceau de la culture canarienne avec eux. Chez Ol\u00e9 Mosaic, nous nous sp\u00e9cialisons dans la distribution de souvenirs authentiques et culturels, et cette boule de No\u00ebl est une excellente option pour les boutiques de cadeaux touristiques qui recherchent des produits distinctifs et repr\u00e9sentatifs. C\u00e9l\u00e9brez les festivit\u00e9s avec style et authenticit\u00e9 gr\u00e2ce \u00e0 ce souvenir attrayant de Fuerteventura.<\/p>\n","protected":false},"excerpt":{"rendered":"<p>Boule de No\u00ebl d\u00e9corative avec bo\u00eete, inspir\u00e9e des fleurs color\u00e9es de Fuerteventura. Cet ornement est id\u00e9al pour donner une touche festive \u00e0 n&rsquo;importe quel environnement, avec un design vibrant de mosa\u00efques dans des tons bleus, roses et jaunes. Avec le texte \u00ab\u00a0Fuerteventura\u00a0\u00bb mis en avant, cette boule combine modernit\u00e9 et tradition dans son esth\u00e9tique. Son emballage \u00e9l\u00e9gant en fait un cadeau parfait pour c\u00e9l\u00e9brer les f\u00eates avec style.<\/p>\n","protected":false},"featured_media":13850,"template":"","meta":{"_acf_changed":false},"product_brand":[],"product_cat":[659],"product_tag":[646],"class_list":{"0":"post-35251","1":"product","2":"type-product","3":"status-publish","4":"has-post-thumbnail","6":"product_cat-boules-de-noel","7":"product_tag-noel","8":"pa_ciudad-fuerteventura","9":"pa_motivo-fleurs","10":"pa_pais-espana","12":"first","13":"instock","14":"shipping-taxable","15":"product-type-simple"},"acf":[],"_links":{"self":[{"href":"https:\/\/olemosaic.com\/fr\/wp-json\/wp\/v2\/product\/35251","targetHints":{"allow":["GET"]}}],"collection":[{"href":"https:\/\/olemosaic.com\/fr\/wp-json\/wp\/v2\/product"}],"about":[{"href":"https:\/\/olemosaic.com\/fr\/wp-json\/wp\/v2\/types\/product"}],"wp:featuredmedia":[{"embeddable":true,"href":"https:\/\/olemosaic.com\/fr\/wp-json\/wp\/v2\/media\/13850"}],"wp:attachment":[{"href":"https:\/\/olemosaic.com\/fr\/wp-json\/wp\/v2\/media?parent=35251"}],"wp:term":[{"taxonomy":"product_brand","embeddable":true,"href":"https:\/\/olemosaic.com\/fr\/wp-json\/wp\/v2\/product_brand?post=35251"},{"taxonomy":"product_cat","embeddable":true,"href":"https:\/\/olemosaic.com\/fr\/wp-json\/wp\/v2\/product_cat?post=35251"},{"taxonomy":"product_tag","embeddable":true,"href":"https:\/\/olemosaic.com\/fr\/wp-json\/wp\/v2\/product_tag?post=35251"}],"curies":[{"name":"wp","href":"https:\/\/api.w.org\/{rel}","templated":true}]}}