{"id":35250,"date":"2025-02-20T22:37:09","date_gmt":"2025-02-20T22:37:09","guid":{"rendered":"http:\/\/olemosaic.com\/producto\/bola-de-navidad-con-caja-salamandra-y-flores-fuerteventura\/"},"modified":"2025-07-25T20:33:31","modified_gmt":"2025-07-25T18:33:31","slug":"boule-de-noel-avec-boite-salamandre-et-fleurs-fuerteventura","status":"publish","type":"product","link":"https:\/\/olemosaic.com\/fr\/produit\/boule-de-noel-avec-boite-salamandre-et-fleurs-fuerteventura\/","title":{"rendered":"Boule de No\u00ebl avec bo\u00eete. Salamandre et fleurs. Fuerteventura."},"content":{"rendered":"<p>Cette boule de No\u00ebl d\u00e9corative, inspir\u00e9e de la flore et de la faune vibrantes de Fuerteventura, est un ornement exquis qui apportera couleur et joie \u00e0 vos f\u00eates. Elle pr\u00e9sente un design frappant d&rsquo;une salamandre, peinte dans divers tons de vert, bleu et jaune, qui se d\u00e9ploie majestueusement sur un fond blanc simulant une mosa\u00efque, \u00e9voquant la riche biodiversit\u00e9 de l&rsquo;\u00eele. Entour\u00e9e de d\u00e9licats motifs floraux, cette boule ne se distingue pas seulement par son esth\u00e9tique, mais repr\u00e9sente \u00e9galement le lien profond de Fuerteventura avec la nature.<\/p>\n<p>Avec un diam\u00e8tre adapt\u00e9 pour \u00eatre accroch\u00e9e \u00e0 votre sapin de No\u00ebl, cette boule d\u00e9corative est pr\u00e9sent\u00e9e dans une bo\u00eete qui garantit sa protection et en fait un cadeau parfait. Ce souvenir de Fuerteventura capture l&rsquo;essence des traditions canariennes, \u00e9tant un souvenir exceptionnel qui c\u00e9l\u00e8bre sa beaut\u00e9 naturelle.<\/p>\n<p>Chez Ol\u00e9 Mosaic, notre engagement est d&rsquo;offrir des souvenirs authentiques et de qualit\u00e9, comme cette boule de No\u00ebl qui transmet la richesse culturelle de Fuerteventura. Id\u00e9al pour les boutiques de cadeaux touristiques, cet ornement incarne l&rsquo;authenticit\u00e9 et la tradition insulaire, en faisant une option irr\u00e9sistible pour les touristes qui cherchent \u00e0 emporter un petit morceau des Canaries.<\/p>\n","protected":false},"excerpt":{"rendered":"<p>Boule de No\u00ebl d\u00e9corative avec bo\u00eete, inspir\u00e9e de la flore et de la faune vibrantes de Fuerteventura. Cet ornement pr\u00e9sente un design color\u00e9 montrant une salamandre peinte dans des tons verts, bleus et jaunes, entour\u00e9e de motifs floraux. La base blanche simule une mosa\u00efque, ajoutant une touche artistique. Id\u00e9ale pour d\u00e9corer votre maison pendant les f\u00eates, cette boule est un souvenir charmant de la beaut\u00e9 canarienne.<\/p>\n","protected":false},"featured_media":13849,"template":"","meta":{"_acf_changed":false},"product_brand":[],"product_cat":[659],"product_tag":[530,646],"class_list":{"0":"post-35250","1":"product","2":"type-product","3":"status-publish","4":"has-post-thumbnail","6":"product_cat-boules-de-noel","7":"product_tag-animaux","8":"product_tag-noel","9":"pa_ciudad-fuerteventura","10":"pa_motivo-salamandres","11":"pa_pais-espana","13":"first","14":"instock","15":"shipping-taxable","16":"product-type-simple"},"acf":[],"_links":{"self":[{"href":"https:\/\/olemosaic.com\/fr\/wp-json\/wp\/v2\/product\/35250","targetHints":{"allow":["GET"]}}],"collection":[{"href":"https:\/\/olemosaic.com\/fr\/wp-json\/wp\/v2\/product"}],"about":[{"href":"https:\/\/olemosaic.com\/fr\/wp-json\/wp\/v2\/types\/product"}],"wp:featuredmedia":[{"embeddable":true,"href":"https:\/\/olemosaic.com\/fr\/wp-json\/wp\/v2\/media\/13849"}],"wp:attachment":[{"href":"https:\/\/olemosaic.com\/fr\/wp-json\/wp\/v2\/media?parent=35250"}],"wp:term":[{"taxonomy":"product_brand","embeddable":true,"href":"https:\/\/olemosaic.com\/fr\/wp-json\/wp\/v2\/product_brand?post=35250"},{"taxonomy":"product_cat","embeddable":true,"href":"https:\/\/olemosaic.com\/fr\/wp-json\/wp\/v2\/product_cat?post=35250"},{"taxonomy":"product_tag","embeddable":true,"href":"https:\/\/olemosaic.com\/fr\/wp-json\/wp\/v2\/product_tag?post=35250"}],"curies":[{"name":"wp","href":"https:\/\/api.w.org\/{rel}","templated":true}]}}