{"id":35249,"date":"2025-02-20T22:37:09","date_gmt":"2025-02-20T22:37:09","guid":{"rendered":"http:\/\/olemosaic.com\/producto\/bola-de-navidad-con-caja-flores-lanzarote\/"},"modified":"2025-07-25T18:46:19","modified_gmt":"2025-07-25T16:46:19","slug":"boule-de-noel-avec-boite-fleurs-lanzarote","status":"publish","type":"product","link":"https:\/\/olemosaic.com\/fr\/produit\/boule-de-noel-avec-boite-fleurs-lanzarote\/","title":{"rendered":"Boule de No\u00ebl avec bo\u00eete. Fleurs. Lanzarote."},"content":{"rendered":"<p>Boule de No\u00ebl d\u00e9corative avec bo\u00eete, inspir\u00e9e de la flore vibrante de Lanzarote. Cet ornement unique, fabriqu\u00e9 avec des mat\u00e9riaux de haute qualit\u00e9, pr\u00e9sente un design color\u00e9 attrayant qui simule une mosa\u00efque, combinant des tons bleus, roses et jaunes sous forme de fleurs, capturant l&rsquo;essence de la nature exub\u00e9rante de cette \u00eele magique des Canaries. La boule, orn\u00e9e d&rsquo;un \u00e9l\u00e9gant ruban violet, facilite non seulement son placement, mais ajoute \u00e9galement une touche de sophistication \u00e0 toute d\u00e9coration de No\u00ebl. L&rsquo;inscription \u00ab Lanzarote \u00bb sur la partie inf\u00e9rieure souligne son authenticit\u00e9 en tant que souvenir, en faisant un rappel parfait des beaut\u00e9s naturelles et de l&rsquo;art local de l&rsquo;\u00eele.<\/p>\n<p>Ce produit, plus qu&rsquo;un ornement de No\u00ebl exceptionnel, est un hommage \u00e0 la riche biodiversit\u00e9 et \u00e0 l&rsquo;h\u00e9ritage culturel de Lanzarote, une destination touristique tr\u00e8s appr\u00e9ci\u00e9e. L&rsquo;incorporation de motifs floraux vibrants refl\u00e8te l&rsquo;artisanat local et le style artistique qui caract\u00e9rise la r\u00e9gion, en faisant un excellent cadeau pour ceux qui recherchent des souvenirs repr\u00e9sentatifs et authentiques. Chez Ol\u00e9 Mosaic, nous nous consacrons \u00e0 \u00eatre un distributeur de souvenirs de qualit\u00e9, offrant cette boule de No\u00ebl comme une option parfaite pour les boutiques de cadeaux touristiques souhaitant proposer des produits embl\u00e9matiques de l&rsquo;Espagne.<\/p>\n","protected":false},"excerpt":{"rendered":"<p>Boule de No\u00ebl d\u00e9corative avec bo\u00eete, inspir\u00e9e de la flore vibrante de Lanzarote. Cet ornement, fabriqu\u00e9 avec des mat\u00e9riaux de haute qualit\u00e9, pr\u00e9sente un design color\u00e9 qui simule une mosa\u00efque, combinant des tons bleus, roses et jaunes sous forme de fleurs. La boule comprend un ruban violet pour la suspendre facilement. Avec le mot \u00ab\u00a0Lanzarote\u00a0\u00bb imprim\u00e9, c&rsquo;est un souvenir \u00e9l\u00e9gant qui \u00e9voque le style artistique et la beaut\u00e9 naturelle de cette pr\u00e9cieuse \u00eele des Canaries.<\/p>\n","protected":false},"featured_media":13848,"template":"","meta":{"_acf_changed":false},"product_brand":[],"product_cat":[659],"product_tag":[646],"class_list":{"0":"post-35249","1":"product","2":"type-product","3":"status-publish","4":"has-post-thumbnail","6":"product_cat-boules-de-noel","7":"product_tag-noel","8":"pa_ciudad-lanzarote","9":"pa_motivo-fleurs","10":"pa_pais-espana","12":"first","13":"instock","14":"shipping-taxable","15":"product-type-simple"},"acf":[],"_links":{"self":[{"href":"https:\/\/olemosaic.com\/fr\/wp-json\/wp\/v2\/product\/35249","targetHints":{"allow":["GET"]}}],"collection":[{"href":"https:\/\/olemosaic.com\/fr\/wp-json\/wp\/v2\/product"}],"about":[{"href":"https:\/\/olemosaic.com\/fr\/wp-json\/wp\/v2\/types\/product"}],"wp:featuredmedia":[{"embeddable":true,"href":"https:\/\/olemosaic.com\/fr\/wp-json\/wp\/v2\/media\/13848"}],"wp:attachment":[{"href":"https:\/\/olemosaic.com\/fr\/wp-json\/wp\/v2\/media?parent=35249"}],"wp:term":[{"taxonomy":"product_brand","embeddable":true,"href":"https:\/\/olemosaic.com\/fr\/wp-json\/wp\/v2\/product_brand?post=35249"},{"taxonomy":"product_cat","embeddable":true,"href":"https:\/\/olemosaic.com\/fr\/wp-json\/wp\/v2\/product_cat?post=35249"},{"taxonomy":"product_tag","embeddable":true,"href":"https:\/\/olemosaic.com\/fr\/wp-json\/wp\/v2\/product_tag?post=35249"}],"curies":[{"name":"wp","href":"https:\/\/api.w.org\/{rel}","templated":true}]}}