{"id":35227,"date":"2025-02-20T22:37:08","date_gmt":"2025-02-20T22:37:08","guid":{"rendered":"http:\/\/olemosaic.com\/producto\/bola-de-navidad-con-caja-sardinas-valencia\/"},"modified":"2025-07-25T18:33:41","modified_gmt":"2025-07-25T16:33:41","slug":"boule-de-noel-avec-boite-sardines-valence","status":"publish","type":"product","link":"https:\/\/olemosaic.com\/fr\/produit\/boule-de-noel-avec-boite-sardines-valence\/","title":{"rendered":"Boule de No\u00ebl avec bo\u00eete. Sardines. Valence."},"content":{"rendered":"<p>Cette boule de No\u00ebl d\u00e9corative est un charmant souvenir de Valence, id\u00e9al pour ceux qui souhaitent emporter un morceau de la riche tradition culturelle espagnole. Inspir\u00e9 par l&#8217;embl\u00e9matique c\u00e9l\u00e9bration des sardines, cet ornement pr\u00e9sente un design vibrant et joyeux qui combine les couleurs rouge, vert et bleu, illustrant de joyeuses sardines nageant sur un fond de carreaux blancs typiques de la r\u00e9gion. Le choix de ces couleurs souligne non seulement l&rsquo;esprit festif de la c\u00f4te valencienne, mais \u00e9voque \u00e9galement la joie de la saison de No\u00ebl. La boule est compl\u00e9t\u00e9e par un ruban violet \u00e9l\u00e9gant, parfait pour \u00eatre accroch\u00e9 au sapin de No\u00ebl, ajoutant une touche de distinction \u00e0 toute d\u00e9coration. Ce souvenir capture l&rsquo;essence des f\u00eates valenciennes, constituant un rappel nostalgique des festivit\u00e9s locales traditionnelles. Chez Ol\u00e9 Mosaic, en tant que grossiste de souvenirs uniques et authentiques, nous proposons des produits qui refl\u00e8tent l&rsquo;histoire et la culture de chaque r\u00e9gion. Cette boule de No\u00ebl est une excellente option pour les boutiques de cadeaux touristiques qui cherchent \u00e0 offrir \u00e0 leurs clients des souvenirs significatifs et repr\u00e9sentatifs de Valence et de son riche patrimoine culturel.<\/p>\n","protected":false},"excerpt":{"rendered":"<p>Boule de No\u00ebl d\u00e9corative avec bo\u00eete, inspir\u00e9e par la tradition des sardines valenciennes. Cet ornement pr\u00e9sente un design vibrant et joyeux, avec des motifs de sardines en rouge, vert et bleu sur un fond de carreaux blancs typiques de la r\u00e9gion. La boule est accompagn\u00e9e d&rsquo;un ruban violet, parfait pour \u00eatre accroch\u00e9 au sapin de No\u00ebl. Un souvenir attachant qui capture l&rsquo;essence festive de la c\u00f4te valencienne.<\/p>\n","protected":false},"featured_media":9849,"template":"","meta":{"_acf_changed":false},"product_brand":[],"product_cat":[659],"product_tag":[530,646],"class_list":{"0":"post-35227","1":"product","2":"type-product","3":"status-publish","4":"has-post-thumbnail","6":"product_cat-boules-de-noel","7":"product_tag-animaux","8":"product_tag-noel","9":"pa_ciudad-valencia","10":"pa_motivo-sardines","11":"pa_pais-espana","13":"first","14":"instock","15":"shipping-taxable","16":"product-type-simple"},"acf":[],"_links":{"self":[{"href":"https:\/\/olemosaic.com\/fr\/wp-json\/wp\/v2\/product\/35227","targetHints":{"allow":["GET"]}}],"collection":[{"href":"https:\/\/olemosaic.com\/fr\/wp-json\/wp\/v2\/product"}],"about":[{"href":"https:\/\/olemosaic.com\/fr\/wp-json\/wp\/v2\/types\/product"}],"wp:featuredmedia":[{"embeddable":true,"href":"https:\/\/olemosaic.com\/fr\/wp-json\/wp\/v2\/media\/9849"}],"wp:attachment":[{"href":"https:\/\/olemosaic.com\/fr\/wp-json\/wp\/v2\/media?parent=35227"}],"wp:term":[{"taxonomy":"product_brand","embeddable":true,"href":"https:\/\/olemosaic.com\/fr\/wp-json\/wp\/v2\/product_brand?post=35227"},{"taxonomy":"product_cat","embeddable":true,"href":"https:\/\/olemosaic.com\/fr\/wp-json\/wp\/v2\/product_cat?post=35227"},{"taxonomy":"product_tag","embeddable":true,"href":"https:\/\/olemosaic.com\/fr\/wp-json\/wp\/v2\/product_tag?post=35227"}],"curies":[{"name":"wp","href":"https:\/\/api.w.org\/{rel}","templated":true}]}}