{"id":35226,"date":"2025-02-20T23:37:08","date_gmt":"2025-02-20T22:37:08","guid":{"rendered":"http:\/\/olemosaic.com\/producto\/bola-de-navidad-con-caja-salamandra-y-flores-gran-canaria\/"},"modified":"2025-07-25T18:48:15","modified_gmt":"2025-07-25T16:48:15","slug":"boule-de-noel-avec-boite-salamandre-et-fleurs-gran-canaria","status":"publish","type":"product","link":"https:\/\/olemosaic.com\/fr\/produit\/boule-de-noel-avec-boite-salamandre-et-fleurs-gran-canaria\/","title":{"rendered":"Boule de No\u00ebl avec bo\u00eete. Salamandre et fleurs. Gran Canaria."},"content":{"rendered":"<p>D\u00e9couvrez notre charmante boule de No\u00ebl d\u00e9corative, inspir\u00e9e par la richesse culturelle de Gran Canaria. C&rsquo;est un souvenir id\u00e9al pour ceux qui souhaitent emporter un morceau de cette \u00eele magnifique. Cette boule, m\u00e9ticuleusement peinte \u00e0 la main avec effet, pr\u00e9sente un design vibrant d&rsquo;une salamandre color\u00e9e entour\u00e9e de fleurs exub\u00e9rantes, sur un fond \u00e9voquant le style caract\u00e9ristique du trencad\u00eds, c\u00e9l\u00e8bre dans l&rsquo;architecture canarienne. La salamandre, avec ses couleurs \u00e9clatantes, symbolise la faune locale et capture l&rsquo;essence du paysage canarien. L&rsquo;inscription \u00ab\u00a0Gran Canaria\u00a0\u00bb est \u00e9l\u00e9gamment plac\u00e9e, renfor\u00e7ant son authenticit\u00e9 en tant que souvenir repr\u00e9sentatif de la r\u00e9gion. Elle est pr\u00e9sent\u00e9e dans une bo\u00eete sophistiqu\u00e9e, ce qui en fait un cadeau id\u00e9al pour les festivit\u00e9s, ajoutant une touche festive et authentique \u00e0 n&rsquo;importe quel foyer. Avec un ruban rouge \u00e9l\u00e9gant pour la suspendre, cette pi\u00e8ce n&rsquo;orne pas seulement un sapin de No\u00ebl, mais sert \u00e9galement de souvenir significatif c\u00e9l\u00e9brant la culture de Gran Canaria. Chez Ol\u00e9 Mosaic, en tant que distributeurs de souvenirs authentiques, nous proposons cette boule de No\u00ebl comme une excellente option pour les boutiques souhaitant offrir des produits repr\u00e9sentatifs et artisanaux qui c\u00e9l\u00e8brent l&rsquo;identit\u00e9 et la tradition canarienne.<\/p>\n","protected":false},"excerpt":{"rendered":"<p>Boule de No\u00ebl d\u00e9corative avec bo\u00eete, inspir\u00e9e par la richesse culturelle de Gran Canaria. Cet ornement pr\u00e9sente un design vibrant d&rsquo;une salamandre color\u00e9e entour\u00e9e de fleurs, sur un fond \u00e9voquant le style trencad\u00eds typiquement canarien. Peinte dans un style artisanal, elle se distingue par ses couleurs vives et l&rsquo;inscription \u00ab\u00a0Gran Canaria\u00a0\u00bb. Livr\u00e9e avec un ruban rouge \u00e9l\u00e9gant pour la suspendre, parfaite pour ajouter une touche festive et authentique \u00e0 votre maison pendant les c\u00e9l\u00e9brations de No\u00ebl.<\/p>\n","protected":false},"featured_media":13846,"template":"","meta":{"_acf_changed":false},"product_brand":[],"product_cat":[659],"product_tag":[530,646],"class_list":{"0":"post-35226","1":"product","2":"type-product","3":"status-publish","4":"has-post-thumbnail","6":"product_cat-boules-de-noel","7":"product_tag-animaux","8":"product_tag-noel","9":"pa_ciudad-gran-canaria","10":"pa_motivo-salamandres","11":"pa_pais-espana","13":"first","14":"instock","15":"shipping-taxable","16":"product-type-simple"},"acf":[],"_links":{"self":[{"href":"https:\/\/olemosaic.com\/fr\/wp-json\/wp\/v2\/product\/35226","targetHints":{"allow":["GET"]}}],"collection":[{"href":"https:\/\/olemosaic.com\/fr\/wp-json\/wp\/v2\/product"}],"about":[{"href":"https:\/\/olemosaic.com\/fr\/wp-json\/wp\/v2\/types\/product"}],"wp:featuredmedia":[{"embeddable":true,"href":"https:\/\/olemosaic.com\/fr\/wp-json\/wp\/v2\/media\/13846"}],"wp:attachment":[{"href":"https:\/\/olemosaic.com\/fr\/wp-json\/wp\/v2\/media?parent=35226"}],"wp:term":[{"taxonomy":"product_brand","embeddable":true,"href":"https:\/\/olemosaic.com\/fr\/wp-json\/wp\/v2\/product_brand?post=35226"},{"taxonomy":"product_cat","embeddable":true,"href":"https:\/\/olemosaic.com\/fr\/wp-json\/wp\/v2\/product_cat?post=35226"},{"taxonomy":"product_tag","embeddable":true,"href":"https:\/\/olemosaic.com\/fr\/wp-json\/wp\/v2\/product_tag?post=35226"}],"curies":[{"name":"wp","href":"https:\/\/api.w.org\/{rel}","templated":true}]}}