{"id":35225,"date":"2025-02-20T22:37:08","date_gmt":"2025-02-20T22:37:08","guid":{"rendered":"http:\/\/olemosaic.com\/producto\/bola-de-navidad-con-caja-flores-tenerife\/"},"modified":"2025-07-25T18:34:49","modified_gmt":"2025-07-25T16:34:49","slug":"boule-de-noel-avec-boite-fleurs-tenerife","status":"publish","type":"product","link":"https:\/\/olemosaic.com\/fr\/produit\/boule-de-noel-avec-boite-fleurs-tenerife\/","title":{"rendered":"Boule de No\u00ebl avec bo\u00eete. Fleurs. Tenerife."},"content":{"rendered":"<p>Cette boule de No\u00ebl d\u00e9corative avec bo\u00eete, inspir\u00e9e par la beaut\u00e9 florale de Tenerife, est le souvenir parfait pour capturer l&rsquo;essence du foyer insulaire pendant la saison festive. Elle pr\u00e9sente un design vibrant et color\u00e9 qui imite une mosa\u00efque, fusionnant des tons de bleu, rose et jaune sous forme de fleurs stylis\u00e9es \u00e9voquant la flore riche des \u00eeles Canaries. Le nom \u00ab\u00a0Tenerife\u00a0\u00bb est imprim\u00e9<\/p>\n","protected":false},"excerpt":{"rendered":"<p>Boule de No\u00ebl d\u00e9corative avec bo\u00eete, inspir\u00e9e par la beaut\u00e9 florale de Tenerife. Cet ornement pr\u00e9sente un design vibrant et color\u00e9 qui imite une mosa\u00efque, combinant des tons de bleu, rose et jaune sous forme de fleurs stylis\u00e9es. Avec le nom \u00ab\u00a0Tenerife\u00a0\u00bb imprim\u00e9 dans un style moderne, c&rsquo;est le cadeau parfait pour ajouter une touche insulaire aux f\u00eates. Comprend un ruban rouge pour la suspendre, faisant de cette boule un \u00e9l\u00e9ment charmant pour tout sapin de No\u00ebl.<\/p>\n","protected":false},"featured_media":13845,"template":"","meta":{"_acf_changed":false},"product_brand":[],"product_cat":[659],"product_tag":[646],"class_list":{"0":"post-35225","1":"product","2":"type-product","3":"status-publish","4":"has-post-thumbnail","6":"product_cat-boules-de-noel","7":"product_tag-noel","8":"pa_ciudad-tenerife","9":"pa_motivo-fleurs","10":"pa_pais-espana","12":"first","13":"instock","14":"shipping-taxable","15":"product-type-simple"},"acf":[],"_links":{"self":[{"href":"https:\/\/olemosaic.com\/fr\/wp-json\/wp\/v2\/product\/35225","targetHints":{"allow":["GET"]}}],"collection":[{"href":"https:\/\/olemosaic.com\/fr\/wp-json\/wp\/v2\/product"}],"about":[{"href":"https:\/\/olemosaic.com\/fr\/wp-json\/wp\/v2\/types\/product"}],"wp:featuredmedia":[{"embeddable":true,"href":"https:\/\/olemosaic.com\/fr\/wp-json\/wp\/v2\/media\/13845"}],"wp:attachment":[{"href":"https:\/\/olemosaic.com\/fr\/wp-json\/wp\/v2\/media?parent=35225"}],"wp:term":[{"taxonomy":"product_brand","embeddable":true,"href":"https:\/\/olemosaic.com\/fr\/wp-json\/wp\/v2\/product_brand?post=35225"},{"taxonomy":"product_cat","embeddable":true,"href":"https:\/\/olemosaic.com\/fr\/wp-json\/wp\/v2\/product_cat?post=35225"},{"taxonomy":"product_tag","embeddable":true,"href":"https:\/\/olemosaic.com\/fr\/wp-json\/wp\/v2\/product_tag?post=35225"}],"curies":[{"name":"wp","href":"https:\/\/api.w.org\/{rel}","templated":true}]}}