{"id":35224,"date":"2025-02-20T22:37:08","date_gmt":"2025-02-20T22:37:08","guid":{"rendered":"http:\/\/olemosaic.com\/producto\/bola-de-navidad-con-caja-gato-fuerteventura\/"},"modified":"2025-07-25T18:54:43","modified_gmt":"2025-07-25T16:54:43","slug":"boule-de-noel-avec-boite-chat-fuerteventura","status":"publish","type":"product","link":"https:\/\/olemosaic.com\/fr\/produit\/boule-de-noel-avec-boite-chat-fuerteventura\/","title":{"rendered":"Boule de No\u00ebl avec bo\u00eete. Chat. Fuerteventura."},"content":{"rendered":"<p>Cette boule de No\u00ebl inspir\u00e9e de Fuerteventura est un charmant souvenir festif qui capture l&rsquo;essence et les couleurs de l&rsquo;\u00eele. Fabriqu\u00e9e en c\u00e9ramique, cette pi\u00e8ce artisanale pr\u00e9sente un design vibrant et unique comprenant l&rsquo;illustration de deux chats color\u00e9s orn\u00e9s de mosa\u00efques, reflet de la riche tradition artistique de la r\u00e9gion. Son fond blanc fait ressortir les teintes lumineuses, cr\u00e9ant un effet visuel attrayant qui apportera de la joie \u00e0 n&rsquo;importe quel sapin de No\u00ebl. La boule est \u00e9l\u00e9gamment finie avec un ruban rose qui, en plus d&rsquo;ajouter une touche festive, facilite sa mise en place.<\/p>\n<p>Sur la partie frontale, on peut lire le texte \u00ab\u00a0Fuerteventi\u00a0\u00bb, qui relie l&rsquo;objet \u00e0 son origine et en fait un souvenir significatif des vacances sur l&rsquo;\u00eele. Ce souvenir de No\u00ebl est une excellente fa\u00e7on de ramener un morceau de Fuerteventura \u00e0 la maison et de c\u00e9l\u00e9brer la saison avec une touche culturelle.<\/p>\n<p>Chez Ol\u00e9 Mosaic, nous sommes des distributeurs de souvenirs en gros, et cette boule de No\u00ebl est id\u00e9ale pour les boutiques de cadeaux touristiques \u00e0 la recherche de produits authentiques et de qualit\u00e9. Avec son design accrocheur et sa connexion culturelle, elle se pr\u00e9sente comme une option parfaite tant pour les touristes que pour ceux qui souhaitent se souvenir de leur visite sur cette magnifique \u00eele des Canaries.<\/p>\n","protected":false},"excerpt":{"rendered":"<p>Boule de No\u00ebl d\u00e9cor\u00e9e de motifs de deux chats color\u00e9s, inspir\u00e9e de l&rsquo;art de Fuerteventura. Fabriqu\u00e9e en c\u00e9ramique, cette charmante boule pr\u00e9sente un design vibrant avec des mosa\u00efques color\u00e9es sur un fond blanc qui souligne son originalit\u00e9. Elle arbore un ruban rose et l&rsquo;inscription \u00ab\u00a0Fuerteventi\u00a0\u00bb sur le devant, id\u00e9ale pour ajouter une touche festive et culturelle \u00e0 votre sapin de No\u00ebl. Elle est pr\u00e9sent\u00e9e dans une bo\u00eete \u00e9l\u00e9gante, parfaite pour offrir.<\/p>\n","protected":false},"featured_media":13844,"template":"","meta":{"_acf_changed":false},"product_brand":[],"product_cat":[659],"product_tag":[530,646],"class_list":{"0":"post-35224","1":"product","2":"type-product","3":"status-publish","4":"has-post-thumbnail","6":"product_cat-boules-de-noel","7":"product_tag-animaux","8":"product_tag-noel","9":"pa_ciudad-fuerteventura","10":"pa_motivo-chats","11":"pa_pais-espana","13":"first","14":"instock","15":"shipping-taxable","16":"product-type-simple"},"acf":[],"_links":{"self":[{"href":"https:\/\/olemosaic.com\/fr\/wp-json\/wp\/v2\/product\/35224","targetHints":{"allow":["GET"]}}],"collection":[{"href":"https:\/\/olemosaic.com\/fr\/wp-json\/wp\/v2\/product"}],"about":[{"href":"https:\/\/olemosaic.com\/fr\/wp-json\/wp\/v2\/types\/product"}],"wp:featuredmedia":[{"embeddable":true,"href":"https:\/\/olemosaic.com\/fr\/wp-json\/wp\/v2\/media\/13844"}],"wp:attachment":[{"href":"https:\/\/olemosaic.com\/fr\/wp-json\/wp\/v2\/media?parent=35224"}],"wp:term":[{"taxonomy":"product_brand","embeddable":true,"href":"https:\/\/olemosaic.com\/fr\/wp-json\/wp\/v2\/product_brand?post=35224"},{"taxonomy":"product_cat","embeddable":true,"href":"https:\/\/olemosaic.com\/fr\/wp-json\/wp\/v2\/product_cat?post=35224"},{"taxonomy":"product_tag","embeddable":true,"href":"https:\/\/olemosaic.com\/fr\/wp-json\/wp\/v2\/product_tag?post=35224"}],"curies":[{"name":"wp","href":"https:\/\/api.w.org\/{rel}","templated":true}]}}