{"id":35212,"date":"2025-02-20T22:37:07","date_gmt":"2025-02-20T22:37:07","guid":{"rendered":"http:\/\/olemosaic.com\/producto\/bola-de-navidad-con-caja-flores-gran-canaria\/"},"modified":"2025-07-25T20:07:47","modified_gmt":"2025-07-25T18:07:47","slug":"boule-de-noel-avec-boite-fleurs-gran-canaria","status":"publish","type":"product","link":"https:\/\/olemosaic.com\/fr\/produit\/boule-de-noel-avec-boite-fleurs-gran-canaria\/","title":{"rendered":"Boule de No\u00ebl avec bo\u00eete. Fleurs. Gran Canaria."},"content":{"rendered":"<p>Cette boule de No\u00ebl avec bo\u00eete, inspir\u00e9e du folklore vibrant de Gran Canaria, est un ornement color\u00e9 qui concentre l&rsquo;essence de l&rsquo;\u00eele dans son design. Avec une mosa\u00efque attrayante combinant des tons vifs de bleu, rose et jaune, cette d\u00e9coration se distingue par son effet visuel joyeux. Au centre, le mot \u00ab\u00a0Gran Canaria\u00a0\u00bb est pr\u00e9sent\u00e9 dans un style moderne, fusionnant tradition et contemporan\u00e9it\u00e9, ce qui fait de cette boule un cadeau sp\u00e9cial et significatif pour la saison de No\u00ebl.<\/p>\n<p>Le design floral stylis\u00e9 \u00e9voque la v\u00e9g\u00e9tation luxuriante de l&rsquo;\u00eele, refl\u00e9tant sa riche culture et ses traditions. Chaque fleur est m\u00e9ticuleusement illustr\u00e9e, cr\u00e9ant un motif vibrant qui illuminera n&rsquo;importe quel sapin de No\u00ebl. L&rsquo;\u00e9l\u00e9gant ruban rose pour la suspendre ajoute une touche de sophistication, garantissant que cette pi\u00e8ce ne soit pas seulement un ornement, mais aussi un \u00e9l\u00e9ment d\u00e9coratif charmant.<\/p>\n<p>Parfaite comme souvenir de Gran Canaria, cette boule de No\u00ebl est id\u00e9ale pour les touristes qui cherchent \u00e0 ramener un petit morceau de la beaut\u00e9 canarienne. Chez Ol\u00e9 Mosaic, nous nous sp\u00e9cialisons dans la distribution de souvenirs en gros, offrant des produits authentiques qui repr\u00e9sentent le riche h\u00e9ritage culturel de l&rsquo;Espagne. Cette boule est, sans aucun doute, une excellente option pour les boutiques de cadeaux touristiques qui souhaitent proposer des souvenirs uniques et repr\u00e9sentatifs. Rendez cette saison de No\u00ebl inoubliable avec cette magnifique boule de No\u00ebl !<\/p>\n","protected":false},"excerpt":{"rendered":"<p>Boule de No\u00ebl avec bo\u00eete, inspir\u00e9e du folklore vibrant de Gran Canaria. Cet ornement color\u00e9 pr\u00e9sente un design de fleurs stylis\u00e9es dans une mosa\u00efque frappante qui combine des tons brillants de bleu, rose et jaune, cr\u00e9ant un effet visuel joyeux. Le mot \u00ab\u00a0Gran Canaria\u00a0\u00bb se d\u00e9tache dans un style moderne, ajoutant une touche contemporaine. Elle est livr\u00e9e avec un \u00e9l\u00e9gant ruban rose pour la suspendre, parfait pour d\u00e9corer le sapin de No\u00ebl ou comme cadeau sp\u00e9cial.<\/p>\n","protected":false},"featured_media":13842,"template":"","meta":{"_acf_changed":false},"product_brand":[],"product_cat":[659],"product_tag":[646],"class_list":{"0":"post-35212","1":"product","2":"type-product","3":"status-publish","4":"has-post-thumbnail","6":"product_cat-boules-de-noel","7":"product_tag-noel","8":"pa_ciudad-gran-canaria","9":"pa_motivo-fleurs","10":"pa_pais-espana","12":"first","13":"instock","14":"shipping-taxable","15":"product-type-simple"},"acf":[],"_links":{"self":[{"href":"https:\/\/olemosaic.com\/fr\/wp-json\/wp\/v2\/product\/35212","targetHints":{"allow":["GET"]}}],"collection":[{"href":"https:\/\/olemosaic.com\/fr\/wp-json\/wp\/v2\/product"}],"about":[{"href":"https:\/\/olemosaic.com\/fr\/wp-json\/wp\/v2\/types\/product"}],"wp:featuredmedia":[{"embeddable":true,"href":"https:\/\/olemosaic.com\/fr\/wp-json\/wp\/v2\/media\/13842"}],"wp:attachment":[{"href":"https:\/\/olemosaic.com\/fr\/wp-json\/wp\/v2\/media?parent=35212"}],"wp:term":[{"taxonomy":"product_brand","embeddable":true,"href":"https:\/\/olemosaic.com\/fr\/wp-json\/wp\/v2\/product_brand?post=35212"},{"taxonomy":"product_cat","embeddable":true,"href":"https:\/\/olemosaic.com\/fr\/wp-json\/wp\/v2\/product_cat?post=35212"},{"taxonomy":"product_tag","embeddable":true,"href":"https:\/\/olemosaic.com\/fr\/wp-json\/wp\/v2\/product_tag?post=35212"}],"curies":[{"name":"wp","href":"https:\/\/api.w.org\/{rel}","templated":true}]}}