{"id":35209,"date":"2025-02-20T22:37:07","date_gmt":"2025-02-20T22:37:07","guid":{"rendered":"http:\/\/olemosaic.com\/producto\/bola-de-navidad-con-caja-motivos-marinos-gran-canaria\/"},"modified":"2025-07-25T19:44:33","modified_gmt":"2025-07-25T17:44:33","slug":"boule-de-noel-avec-boite-motifs-marins-gran-canaria","status":"publish","type":"product","link":"https:\/\/olemosaic.com\/fr\/produit\/boule-de-noel-avec-boite-motifs-marins-gran-canaria\/","title":{"rendered":"Boule de No\u00ebl avec bo\u00eete. Motifs marins. Gran Canaria."},"content":{"rendered":"<p>Ce charmant souvenir de Gran Canaria est une boule de No\u00ebl d\u00e9cor\u00e9e de motifs marins, parfaite pour ajouter une touche festive \u00e0 n&rsquo;importe quel arbre. Fabriqu\u00e9e en c\u00e9ramique de haute qualit\u00e9, cette boule pr\u00e9sente une illustration vibrante qui capture la riche faune marine de l&rsquo;\u00eele. Des tortues et des dauphins, repr\u00e9sent\u00e9s dans des couleurs \u00e9clatantes, nagent sur un magnifique fond bleu qui \u00e9voque les eaux cristallines entourant Gran Canaria. Les d\u00e9tails rouges du ruban sup\u00e9rieur ajoutent un contraste \u00e9l\u00e9gant et festif, faisant de cette boule un ornement qui brillera lors de toute c\u00e9l\u00e9bration de No\u00ebl.<\/p>\n<p>Ce design n&rsquo;est pas seulement visuellement attrayant, il souligne \u00e9galement le lien culturel de Gran Canaria avec la mer et sa biodiversit\u00e9, transformant la boule en un souvenir significatif qui c\u00e9l\u00e8bre l&rsquo;environnement naturel de l&rsquo;\u00eele. La repr\u00e9sentation artistique de ces animaux marins met en avant l&rsquo;importance du tourisme \u00e9cologique \u00e0 Gran Canaria et la beaut\u00e9 que la nature a \u00e0 offrir.<\/p>\n<p>Chez Ol\u00e9 Mosaic, nous sommes distributeurs de souvenirs uniques, et cette boule de No\u00ebl est une excellente option pour les boutiques de cadeaux touristiques \u00e0 la recherche de produits authentiques et de qualit\u00e9. Sa pertinence culturelle et son attrait esth\u00e9tique en font un souvenir irrempla\u00e7able des f\u00eates de No\u00ebl sur l&rsquo;\u00eele, id\u00e9al pour ceux qui souhaitent ramener un petit morceau du paradis canarien chez eux.<\/p>\n","protected":false},"excerpt":{"rendered":"<p>Boule de No\u00ebl avec bo\u00eete, d\u00e9cor\u00e9e de motifs marins de Gran Canaria. Cet ornement charmant en c\u00e9ramique pr\u00e9sente une illustration vibrante de tortues et de dauphins sur un fond bleu, \u00e9voquant la riche faune marine de l&rsquo;\u00eele. La boule est rehauss\u00e9e de d\u00e9tails rouges sur le ruban, lui donnant une touche festive. Elle est id\u00e9ale pour d\u00e9corer le sapin et se souvenir des beaut\u00e9s de Gran Canaria pendant les f\u00eates de No\u00ebl.<\/p>\n","protected":false},"featured_media":13840,"template":"","meta":{"_acf_changed":false},"product_brand":[],"product_cat":[659],"product_tag":[530,646],"class_list":{"0":"post-35209","1":"product","2":"type-product","3":"status-publish","4":"has-post-thumbnail","6":"product_cat-boules-de-noel","7":"product_tag-animaux","8":"product_tag-noel","9":"pa_ciudad-gran-canaria","10":"pa_motivo-animaux-marins","11":"pa_pais-espana","13":"first","14":"instock","15":"shipping-taxable","16":"product-type-simple"},"acf":[],"_links":{"self":[{"href":"https:\/\/olemosaic.com\/fr\/wp-json\/wp\/v2\/product\/35209","targetHints":{"allow":["GET"]}}],"collection":[{"href":"https:\/\/olemosaic.com\/fr\/wp-json\/wp\/v2\/product"}],"about":[{"href":"https:\/\/olemosaic.com\/fr\/wp-json\/wp\/v2\/types\/product"}],"wp:featuredmedia":[{"embeddable":true,"href":"https:\/\/olemosaic.com\/fr\/wp-json\/wp\/v2\/media\/13840"}],"wp:attachment":[{"href":"https:\/\/olemosaic.com\/fr\/wp-json\/wp\/v2\/media?parent=35209"}],"wp:term":[{"taxonomy":"product_brand","embeddable":true,"href":"https:\/\/olemosaic.com\/fr\/wp-json\/wp\/v2\/product_brand?post=35209"},{"taxonomy":"product_cat","embeddable":true,"href":"https:\/\/olemosaic.com\/fr\/wp-json\/wp\/v2\/product_cat?post=35209"},{"taxonomy":"product_tag","embeddable":true,"href":"https:\/\/olemosaic.com\/fr\/wp-json\/wp\/v2\/product_tag?post=35209"}],"curies":[{"name":"wp","href":"https:\/\/api.w.org\/{rel}","templated":true}]}}