{"id":35198,"date":"2025-02-20T22:37:07","date_gmt":"2025-02-20T22:37:07","guid":{"rendered":"http:\/\/olemosaic.com\/producto\/bola-de-navidad-con-caja-mosaico-lanzarote\/"},"modified":"2025-07-25T18:49:15","modified_gmt":"2025-07-25T16:49:15","slug":"boule-de-noel-avec-boite-mosaique-lanzarote","status":"publish","type":"product","link":"https:\/\/olemosaic.com\/fr\/produit\/boule-de-noel-avec-boite-mosaique-lanzarote\/","title":{"rendered":"Boule de No\u00ebl avec bo\u00eete. Mosa\u00efque. Lanzarote."},"content":{"rendered":"<p>Ornement de No\u00ebl en forme de boule avec bo\u00eete, inspir\u00e9 des mosa\u00efques vibrantes de Lanzarote, une pi\u00e8ce authentique qui capture l&rsquo;essence de cette \u00eele magique des Canaries. Cet ornement color\u00e9 combine des tons bleus, oranges et jaunes dans des motifs g\u00e9om\u00e9triques caract\u00e9ristiques de l&rsquo;artisanat local, \u00e9voquant la beaut\u00e9 des azulejos qui d\u00e9corent de nombreux espaces \u00e0 Lanzarote. La boule est con\u00e7ue pour apporter une touche artistique \u00e0 n&rsquo;importe quel sapin de No\u00ebl, rayonnant de joie et de couleur dans chaque coin de la maison.<\/p>\n<p>Sa pr\u00e9sentation dans une bo\u00eete \u00e9l\u00e9gante ajoute une touche sp\u00e9ciale, en faisant un cadeau parfait pour ces festivit\u00e9s. L&rsquo;inscription \u00ab Lanzarote \u00bb ne personnalise pas seulement le produit, mais sert \u00e9galement de rappel du riche patrimoine culturel de l&rsquo;\u00eele. Ce souvenir est plus qu&rsquo;un simple ornement ; c&rsquo;est un symbole de la tradition insulaire que l&rsquo;on peut emporter chez soi, permettant aux touristes de conserver un morceau de Lanzarote dans leur c\u0153ur.<\/p>\n<p>Chez Ol\u00e9 Mosaic, nous sommes fiers de proposer des articles authentiques qui refl\u00e8tent la riche culture espagnole. Cet ornement est un choix exceptionnel pour les boutiques de cadeaux touristiques \u00e0 la recherche de souvenirs uniques et repr\u00e9sentatifs. Les produits de Lanzarote, comme cette boule de No\u00ebl, permettent aux voyageurs d&#8217;emporter avec eux la magie et le charme des \u00eeles Canaries. En tant que grossiste sp\u00e9cialis\u00e9 en souvenirs, nous garantissons la qualit\u00e9 et l&rsquo;authenticit\u00e9 de chaque pi\u00e8ce que nous distribuons.<\/p>\n","protected":false},"excerpt":{"rendered":"<p>Boule de No\u00ebl avec bo\u00eete inspir\u00e9e des mosa\u00efques vibrantes de Lanzarote. Cet ornement de No\u00ebl pr\u00e9sente un design color\u00e9 combinant des bleus, des oranges et des jaunes dans des motifs g\u00e9om\u00e9triques typiques de l&rsquo;\u00eele. La boule, id\u00e9ale pour d\u00e9corer le sapin, est accompagn\u00e9e d&rsquo;une bo\u00eete \u00e9l\u00e9gante, ce qui en fait un cadeau parfait. L&rsquo;inscription \u00ab\u00a0Lanzarote\u00a0\u00bb ajoute une touche distinctive, \u00e9voquant l&rsquo;art et la culture de cette magnifique r\u00e9gion des Canaries.<\/p>\n","protected":false},"featured_media":13839,"template":"","meta":{"_acf_changed":false},"product_brand":[],"product_cat":[659],"product_tag":[646],"class_list":{"0":"post-35198","1":"product","2":"type-product","3":"status-publish","4":"has-post-thumbnail","6":"product_cat-boules-de-noel","7":"product_tag-noel","8":"pa_ciudad-lanzarote","9":"pa_motivo-mosaique","10":"pa_pais-espana","12":"first","13":"instock","14":"shipping-taxable","15":"product-type-simple"},"acf":[],"_links":{"self":[{"href":"https:\/\/olemosaic.com\/fr\/wp-json\/wp\/v2\/product\/35198","targetHints":{"allow":["GET"]}}],"collection":[{"href":"https:\/\/olemosaic.com\/fr\/wp-json\/wp\/v2\/product"}],"about":[{"href":"https:\/\/olemosaic.com\/fr\/wp-json\/wp\/v2\/types\/product"}],"wp:featuredmedia":[{"embeddable":true,"href":"https:\/\/olemosaic.com\/fr\/wp-json\/wp\/v2\/media\/13839"}],"wp:attachment":[{"href":"https:\/\/olemosaic.com\/fr\/wp-json\/wp\/v2\/media?parent=35198"}],"wp:term":[{"taxonomy":"product_brand","embeddable":true,"href":"https:\/\/olemosaic.com\/fr\/wp-json\/wp\/v2\/product_brand?post=35198"},{"taxonomy":"product_cat","embeddable":true,"href":"https:\/\/olemosaic.com\/fr\/wp-json\/wp\/v2\/product_cat?post=35198"},{"taxonomy":"product_tag","embeddable":true,"href":"https:\/\/olemosaic.com\/fr\/wp-json\/wp\/v2\/product_tag?post=35198"}],"curies":[{"name":"wp","href":"https:\/\/api.w.org\/{rel}","templated":true}]}}