{"id":35197,"date":"2025-02-20T23:37:06","date_gmt":"2025-02-20T22:37:06","guid":{"rendered":"http:\/\/olemosaic.com\/producto\/bola-de-navidad-con-caja-sagrada-familia-barcelona-2\/"},"modified":"2025-07-25T20:17:07","modified_gmt":"2025-07-25T18:17:07","slug":"boule-de-noel-avec-boite-sagrada-familia-barcelone-2","status":"publish","type":"product","link":"https:\/\/olemosaic.com\/fr\/produit\/boule-de-noel-avec-boite-sagrada-familia-barcelone-2\/","title":{"rendered":"Boule de No\u00ebl avec bo\u00eete. Sagrada Familia. Barcelone."},"content":{"rendered":"<p>Cette boule de No\u00ebl en c\u00e9ramique, pr\u00e9sent\u00e9e dans une bo\u00eete d\u00e9corative, est un v\u00e9ritable hommage \u00e0 l&#8217;embl\u00e9matique Sagrada Familia de Barcelone. Peinte \u00e0 la main avec des couleurs vibrantes, cette pi\u00e8ce refl\u00e8te le c\u00e9l\u00e8bre style moderniste de l&rsquo;architecte Antoni Gaud\u00ed. La repr\u00e9sentation de la Sagrada Familia se distingue par ses formes organiques et ses d\u00e9tails architecturaux, qui capturent l&rsquo;essence de cette \u0153uvre majestueuse, faisant de chaque boule une pi\u00e8ce unique d&rsquo;art fonctionnel.<\/p>\n<p>Le fond de la boule sugg\u00e8re une mosa\u00efque rappelant les vitraux color\u00e9s de la cath\u00e9drale, tandis que ses tons vifs de rouge, bleu, jaune et vert \u00e9voquent la chaleur et la cr\u00e9ativit\u00e9 de la cit\u00e9 comtale. Elle comprend un ruban violet qui, en plus de faciliter son installation sur le sapin, ajoute une touche festive, permettant \u00e0 cette boule de devenir le centre d&rsquo;attention lors des c\u00e9l\u00e9brations de No\u00ebl.<\/p>\n<p>En tant que souvenir, cette boule de No\u00ebl de la Sagrada Familia est un cadeau parfait qui encapsule l&rsquo;architecture iconique et le patrimoine culturel de Barcelone. Id\u00e9al pour les touristes et les amateurs de culture \u00e0 la recherche de souvenirs authentiques et repr\u00e9sentatifs. Chez Ol\u00e9 Mosaic, nous sommes sp\u00e9cialis\u00e9s dans la distribution en gros de souvenirs en c\u00e9ramique, offrant des produits qui c\u00e9l\u00e8brent la riche histoire et l&rsquo;art de l&rsquo;Espagne, id\u00e9aux pour les boutiques de cadeaux touristiques souhaitant proposer des articles distinctifs et de qualit\u00e9.<\/p>\n","protected":false},"excerpt":{"rendered":"<p>Boule de No\u00ebl avec une bo\u00eete d\u00e9cor\u00e9e d&rsquo;une repr\u00e9sentation vibrante de la Sagrada Familia de Barcelone. Cet ornement, de conception artisanale en c\u00e9ramique, peint \u00e0 la main, pr\u00e9sente des couleurs \u00e9clatantes et des d\u00e9tails artistiques dans une composition qui \u00e9voque le c\u00e9l\u00e8bre style moderniste de Gaud\u00ed. Comprend un ruban violet pour l&rsquo;accrocher facilement au sapin, devenant ainsi un magnifique souvenir de l&rsquo;architecture iconique de la ville. Id\u00e9al pour offrir ou pour ajouter une touche festive \u00e0 votre foyer.<\/p>\n","protected":false},"featured_media":13838,"template":"","meta":{"_acf_changed":false},"product_brand":[],"product_cat":[659],"product_tag":[646],"class_list":{"0":"post-35197","1":"product","2":"type-product","3":"status-publish","4":"has-post-thumbnail","6":"product_cat-boules-de-noel","7":"product_tag-noel","8":"pa_ciudad-barcelona","9":"pa_motivo-sagrada-familia","10":"pa_pais-espana","12":"first","13":"instock","14":"shipping-taxable","15":"product-type-simple"},"acf":[],"_links":{"self":[{"href":"https:\/\/olemosaic.com\/fr\/wp-json\/wp\/v2\/product\/35197","targetHints":{"allow":["GET"]}}],"collection":[{"href":"https:\/\/olemosaic.com\/fr\/wp-json\/wp\/v2\/product"}],"about":[{"href":"https:\/\/olemosaic.com\/fr\/wp-json\/wp\/v2\/types\/product"}],"wp:featuredmedia":[{"embeddable":true,"href":"https:\/\/olemosaic.com\/fr\/wp-json\/wp\/v2\/media\/13838"}],"wp:attachment":[{"href":"https:\/\/olemosaic.com\/fr\/wp-json\/wp\/v2\/media?parent=35197"}],"wp:term":[{"taxonomy":"product_brand","embeddable":true,"href":"https:\/\/olemosaic.com\/fr\/wp-json\/wp\/v2\/product_brand?post=35197"},{"taxonomy":"product_cat","embeddable":true,"href":"https:\/\/olemosaic.com\/fr\/wp-json\/wp\/v2\/product_cat?post=35197"},{"taxonomy":"product_tag","embeddable":true,"href":"https:\/\/olemosaic.com\/fr\/wp-json\/wp\/v2\/product_tag?post=35197"}],"curies":[{"name":"wp","href":"https:\/\/api.w.org\/{rel}","templated":true}]}}