{"id":35194,"date":"2025-02-20T23:37:06","date_gmt":"2025-02-20T22:37:06","guid":{"rendered":"http:\/\/olemosaic.com\/producto\/bol-de-coco-rojo-toro-4\/"},"modified":"2025-07-25T20:44:12","modified_gmt":"2025-07-25T18:44:12","slug":"bol-noix-de-coco-rouge-taureau-4","status":"publish","type":"product","link":"https:\/\/olemosaic.com\/fr\/produit\/bol-noix-de-coco-rouge-taureau-4\/","title":{"rendered":"Bol en noix de coco rouge. Taureau. Rouge."},"content":{"rendered":"<p>Ce bol en noix de coco rouge est une pi\u00e8ce d\u00e9corative qui capture l&rsquo;essence de la culture espagnole, gr\u00e2ce \u00e0 son design embl\u00e9matique centr\u00e9 sur un taureau, symbole de la tradition et de la passion de l&rsquo;Espagne. Fabriqu\u00e9 \u00e0 partir de mat\u00e9riaux naturels, ce bol pr\u00e9sente une forme ovale qui s&rsquo;adapte parfaitement \u00e0 tout type de d\u00e9coration, qu&rsquo;elle soit contemporaine ou classique. Sa finition dans des tons rouges vibrants attire l&rsquo;attention, tandis que la surface se distingue par l&rsquo;iconique taureau peint dans un rouge \u00e9clatant qui ressort sur le fond sombre.<\/p>\n<p>Les bords du bol sont orn\u00e9s de tendres c\u0153urs rouges, cr\u00e9ant un contraste visuel qui ajoute une touche de chaleur et d&rsquo;amour \u00e0 la pi\u00e8ce. Ce bol n&rsquo;est pas seulement un excellent \u00e9l\u00e9ment d\u00e9coratif, mais aussi une repr\u00e9sentation culturelle de la tauromachie, qui fait partie de l&rsquo;identit\u00e9 espagnole, devenant un souvenir id\u00e9al pour les touristes souhaitant emporter un morceau de cette riche culture.<\/p>\n<p>Chez Ol\u00e9 Mosaic, en tant que grossiste de souvenirs, nous proposons des produits authentiques et repr\u00e9sentatifs de la tradition espagnole. Ce bol en noix de coco rouge est une excellente option pour les boutiques de cadeaux touristiques \u00e0 la recherche d&rsquo;articles uniques ayant une signification culturelle. Sa qualit\u00e9 et son originalit\u00e9 en font une pi\u00e8ce pr\u00e9cieuse pour toute collection de souvenirs.<\/p>\n","protected":false},"excerpt":{"rendered":"<p>Bol en noix de coco rouge d\u00e9cor\u00e9 d&rsquo;un taureau embl\u00e9matique, symbole de la culture espagnole. Fabriqu\u00e9 en mat\u00e9riau naturel, son design ovale pr\u00e9sente une finition dans des tons rouges vibrants, avec une surface mettant en valeur le motif central du taureau en rouge \u00e9clatant. Les bords du bol sont orn\u00e9s de petits c\u0153urs rouges, cr\u00e9ant une pi\u00e8ce visuellement attrayante et distinctive, id\u00e9ale pour tout environnement ou comme compl\u00e9ment d\u00e9coratif.<\/p>\n","protected":false},"featured_media":13467,"template":"","meta":{"_acf_changed":false},"product_brand":[],"product_cat":[521],"product_tag":[530],"class_list":{"0":"post-35194","1":"product","2":"type-product","3":"status-publish","4":"has-post-thumbnail","6":"product_cat-bols","7":"product_tag-animaux","8":"pa_motivo-taureaux","10":"first","11":"instock","12":"shipping-taxable","13":"product-type-simple"},"acf":[],"_links":{"self":[{"href":"https:\/\/olemosaic.com\/fr\/wp-json\/wp\/v2\/product\/35194","targetHints":{"allow":["GET"]}}],"collection":[{"href":"https:\/\/olemosaic.com\/fr\/wp-json\/wp\/v2\/product"}],"about":[{"href":"https:\/\/olemosaic.com\/fr\/wp-json\/wp\/v2\/types\/product"}],"wp:featuredmedia":[{"embeddable":true,"href":"https:\/\/olemosaic.com\/fr\/wp-json\/wp\/v2\/media\/13467"}],"wp:attachment":[{"href":"https:\/\/olemosaic.com\/fr\/wp-json\/wp\/v2\/media?parent=35194"}],"wp:term":[{"taxonomy":"product_brand","embeddable":true,"href":"https:\/\/olemosaic.com\/fr\/wp-json\/wp\/v2\/product_brand?post=35194"},{"taxonomy":"product_cat","embeddable":true,"href":"https:\/\/olemosaic.com\/fr\/wp-json\/wp\/v2\/product_cat?post=35194"},{"taxonomy":"product_tag","embeddable":true,"href":"https:\/\/olemosaic.com\/fr\/wp-json\/wp\/v2\/product_tag?post=35194"}],"curies":[{"name":"wp","href":"https:\/\/api.w.org\/{rel}","templated":true}]}}