{"id":35193,"date":"2025-02-20T23:37:06","date_gmt":"2025-02-20T22:37:06","guid":{"rendered":"http:\/\/olemosaic.com\/producto\/bol-de-coco-rojo-toro-3\/"},"modified":"2025-07-25T19:02:05","modified_gmt":"2025-07-25T17:02:05","slug":"bol-noix-de-coco-rouge-taureau-3","status":"publish","type":"product","link":"https:\/\/olemosaic.com\/fr\/produit\/bol-noix-de-coco-rouge-taureau-3\/","title":{"rendered":"Bol en noix de coco rouge. Taureau. Rouge et dor\u00e9."},"content":{"rendered":"<p>Ce bol en noix de coco rouge est un souvenir exquis qui capture l&rsquo;essence de la culture espagnole \u00e0 travers son design unique et color\u00e9. Fabriqu\u00e9 avec une coque de noix de coco, le bol pr\u00e9sente un int\u00e9rieur attrayant dans des tons vibrants de rouge et de dor\u00e9, qui fusionnent dans un effet visuel captivant, \u00e9voquant la passion et l&rsquo;effervescence des traditions espagnoles. Au centre, se distingue l&rsquo;image iconique d&rsquo;un taureau, symbole embl\u00e9matique de la culture ib\u00e9rique, qui ajoute une touche distinctive et authentique \u00e0 cette pi\u00e8ce. Ce bol n&rsquo;est pas seulement un article d\u00e9coratif, il repr\u00e9sente \u00e9galement le riche h\u00e9ritage culturel qui entoure la figure du taureau en Espagne, une repr\u00e9sentation de force, de courage et de traditions festives comme les corridas et les f\u00eates populaires.<\/p>\n<p>Id\u00e9al pour ceux qui souhaitent apporter un morceau d&rsquo;Espagne dans leur foyer, ce bol en noix de coco devient un cadeau parfait qui souligne la richesse de la culture espagnole. Chez Ol\u00e9 Mosaic, nous nous sp\u00e9cialisons dans la distribution de souvenirs en gros, offrant des produits artisanaux qui c\u00e9l\u00e8brent le meilleur de chaque r\u00e9gion. Ce bol en noix de coco rouge est une excellente option pour les boutiques de cadeaux touristiques qui recherchent d&rsquo;authentiques souvenirs de qualit\u00e9 qui enchantent et transmettent l&rsquo;esprit de l&rsquo;Espagne.<\/p>\n","protected":false},"excerpt":{"rendered":"<p>Bol en noix de coco rouge d\u00e9cor\u00e9 d&rsquo;un taureau iconique, symbole de la culture espagnole. Ce produit, fabriqu\u00e9 avec une coque de noix de coco, pr\u00e9sente un design attrayant qui met en valeur son int\u00e9rieur dans des tons rouges et dor\u00e9s, cr\u00e9ant un effet visuel qui \u00e9voque la passion des traditions espagnoles. L&rsquo;image du taureau, situ\u00e9e au centre, ajoute une touche distinctive et repr\u00e9sentative, id\u00e9ale pour ceux qui souhaitent emporter un morceau d&rsquo;Espagne chez eux.<\/p>\n","protected":false},"featured_media":13414,"template":"","meta":{"_acf_changed":false},"product_brand":[],"product_cat":[521],"product_tag":[530],"class_list":{"0":"post-35193","1":"product","2":"type-product","3":"status-publish","4":"has-post-thumbnail","6":"product_cat-bols","7":"product_tag-animaux","8":"pa_motivo-taureaux","10":"first","11":"instock","12":"shipping-taxable","13":"product-type-simple"},"acf":[],"_links":{"self":[{"href":"https:\/\/olemosaic.com\/fr\/wp-json\/wp\/v2\/product\/35193","targetHints":{"allow":["GET"]}}],"collection":[{"href":"https:\/\/olemosaic.com\/fr\/wp-json\/wp\/v2\/product"}],"about":[{"href":"https:\/\/olemosaic.com\/fr\/wp-json\/wp\/v2\/types\/product"}],"wp:featuredmedia":[{"embeddable":true,"href":"https:\/\/olemosaic.com\/fr\/wp-json\/wp\/v2\/media\/13414"}],"wp:attachment":[{"href":"https:\/\/olemosaic.com\/fr\/wp-json\/wp\/v2\/media?parent=35193"}],"wp:term":[{"taxonomy":"product_brand","embeddable":true,"href":"https:\/\/olemosaic.com\/fr\/wp-json\/wp\/v2\/product_brand?post=35193"},{"taxonomy":"product_cat","embeddable":true,"href":"https:\/\/olemosaic.com\/fr\/wp-json\/wp\/v2\/product_cat?post=35193"},{"taxonomy":"product_tag","embeddable":true,"href":"https:\/\/olemosaic.com\/fr\/wp-json\/wp\/v2\/product_tag?post=35193"}],"curies":[{"name":"wp","href":"https:\/\/api.w.org\/{rel}","templated":true}]}}