{"id":35188,"date":"2025-02-20T23:37:04","date_gmt":"2025-02-20T22:37:04","guid":{"rendered":"http:\/\/olemosaic.com\/producto\/bol-de-coco-rojo-sardina-lisboa-2\/"},"modified":"2025-07-25T20:30:27","modified_gmt":"2025-07-25T18:30:27","slug":"bol-noix-de-coco-rouge-sardine-lisbonne-2","status":"publish","type":"product","link":"https:\/\/olemosaic.com\/fr\/produit\/bol-noix-de-coco-rouge-sardine-lisbonne-2\/","title":{"rendered":"Bol en noix de coco rouge. Sardine. Azulejos portugais. Lisbonne."},"content":{"rendered":"<p>Ce bol en noix de coco rouge avec un motif de sardine est un souvenir id\u00e9al qui \u00e9voque l&rsquo;essence culinaire de Lisbonne, la vibrante capitale portugaise. Sa base rouge intense fait ressortir un \u00e9l\u00e9gant motif de mosa\u00efques dans des tons plus clairs, \u00e9voquant la tradition artistique et les azulejos caract\u00e9ristiques de la ville. Au centre, un graphisme de sardine, symbole de la gastronomie locale, est compl\u00e9t\u00e9 par le texte \u00ab\u00a0LISBONNE\u00a0\u00bb, faisant de ce bol un souvenir authentique et repr\u00e9sentatif.<\/p>\n<p>Fabriqu\u00e9 en noix de coco, ce bol se distingue non seulement par son attrait esth\u00e9tique, mais aussi par sa fonctionnalit\u00e9. Il est parfait pour servir des ap\u00e9ritifs, des fruits ou m\u00eame comme pi\u00e8ce d\u00e9corative dans n&rsquo;importe quelle maison, apportant une touche de l&rsquo;esprit accueillant de Lisbonne. Son design exquis et la qualit\u00e9 du mat\u00e9riau en font un objet durable qui rappelle les traditions culinaires de la r\u00e9gion.<\/p>\n<p>Chez Ol\u00e9 Mosaic, nous sommes des distributeurs de souvenirs en gros et proposons ce bol en noix de coco rouge comme une excellente option pour les boutiques de cadeaux touristiques \u00e0 la recherche de produits authentiques et de haute qualit\u00e9. C&rsquo;est le cadeau parfait pour ceux qui souhaitent emporter un morceau de Lisbonne avec eux, symbolisant la chaleur et la saveur de la culture portugaise.<\/p>\n","protected":false},"excerpt":{"rendered":"<p>Bol en noix de coco rouge avec un motif de sardine, inspir\u00e9 de la culture culinaire de Lisbonne. Ce bol attrayant pr\u00e9sente un fond rouge vibrant d\u00e9cor\u00e9 d&rsquo;un motif d&rsquo;azulejos dans des tons plus clairs et un graphisme de sardine au centre, accompagn\u00e9 du texte \u00ab\u00a0LISBONNE\u00a0\u00bb. Fabriqu\u00e9 en noix de coco, il est id\u00e9al comme \u00e9l\u00e9ment d\u00e9coratif ou pour servir des ap\u00e9ritifs, \u00e9voquant l&rsquo;esprit accueillant de la ville portugaise.<\/p>\n","protected":false},"featured_media":11796,"template":"","meta":{"_acf_changed":false},"product_brand":[],"product_cat":[521],"product_tag":[530],"class_list":{"0":"post-35188","1":"product","2":"type-product","3":"status-publish","4":"has-post-thumbnail","6":"product_cat-bols","7":"product_tag-animaux","8":"pa_ciudad-lisboa","9":"pa_motivo-sardines","10":"pa_pais-portugal","12":"first","13":"instock","14":"shipping-taxable","15":"product-type-simple"},"acf":[],"_links":{"self":[{"href":"https:\/\/olemosaic.com\/fr\/wp-json\/wp\/v2\/product\/35188","targetHints":{"allow":["GET"]}}],"collection":[{"href":"https:\/\/olemosaic.com\/fr\/wp-json\/wp\/v2\/product"}],"about":[{"href":"https:\/\/olemosaic.com\/fr\/wp-json\/wp\/v2\/types\/product"}],"wp:featuredmedia":[{"embeddable":true,"href":"https:\/\/olemosaic.com\/fr\/wp-json\/wp\/v2\/media\/11796"}],"wp:attachment":[{"href":"https:\/\/olemosaic.com\/fr\/wp-json\/wp\/v2\/media?parent=35188"}],"wp:term":[{"taxonomy":"product_brand","embeddable":true,"href":"https:\/\/olemosaic.com\/fr\/wp-json\/wp\/v2\/product_brand?post=35188"},{"taxonomy":"product_cat","embeddable":true,"href":"https:\/\/olemosaic.com\/fr\/wp-json\/wp\/v2\/product_cat?post=35188"},{"taxonomy":"product_tag","embeddable":true,"href":"https:\/\/olemosaic.com\/fr\/wp-json\/wp\/v2\/product_tag?post=35188"}],"curies":[{"name":"wp","href":"https:\/\/api.w.org\/{rel}","templated":true}]}}