{"id":35186,"date":"2025-02-20T23:37:04","date_gmt":"2025-02-20T22:37:04","guid":{"rendered":"http:\/\/olemosaic.com\/producto\/bol-de-coco-naranja-sardina-lisboa-3\/"},"modified":"2025-07-25T18:42:28","modified_gmt":"2025-07-25T16:42:28","slug":"bol-noix-de-coco-orange-sardine-lisbonne-3","status":"publish","type":"product","link":"https:\/\/olemosaic.com\/fr\/produit\/bol-noix-de-coco-orange-sardine-lisbonne-3\/","title":{"rendered":"Bol en noix de coco orange. Sardine. Orange. Lisbonne."},"content":{"rendered":"<p>D\u00e9couvrez l&rsquo;exclusif bol en noix de coco orange, d\u00e9cor\u00e9 d&rsquo;un motif de sardine, une pi\u00e8ce unique qui rend hommage \u00e0 la riche tradition de p\u00eache de Lisbonne. Ce magnifique bol se distingue par sa finition vibrante dans les tons orang\u00e9s qui captent la lumi\u00e8re et apportent une touche de chaleur \u00e0 n&rsquo;importe quel espace. La d\u00e9coration en relief d&rsquo;une sardine, \u00e9l\u00e9ment symbolique de la gastronomie locale, est mise en valeur avec pr\u00e9cision, offrant un lien visuel avec la culture culinaire de la r\u00e9gion. Fabriqu\u00e9 \u00e0 partir de coque de noix de coco, ce bol est non seulement un choix durable, mais aussi un t\u00e9moignage de l&rsquo;artisanat portugais, fusionnant esth\u00e9tique et fonctionnalit\u00e9 de mani\u00e8re admirable.<\/p>\n<p>Le bol, avec sa forme arrondie, est id\u00e9al pour servir des ap\u00e9ritifs, comme centre de table ou simplement comme pi\u00e8ce d\u00e9corative \u00e9voquant l&rsquo;essence de l&rsquo;oc\u00e9an Atlantique. En incluant le mot \u00ab\u00a0Lisbonne\u00a0\u00bb de mani\u00e8re pro\u00e9minente, cet article devient un authentique souvenir qui rappellera aux touristes leurs moments dans la capitale portugaise.<\/p>\n<p>Chez Ol\u00e9 Mosaic, nous sommes des distributeurs de souvenirs de Lisbonne qui garantissent authenticit\u00e9 et style. Ce bol en noix de coco est une excellente option pour les boutiques \u00e0 la recherche d&rsquo;articles repr\u00e9sentatifs et artistiques, refl\u00e9tant le riche h\u00e9ritage culturel du Portugal. Ajoutez ce bol sardine \u00e0 votre inventaire et offrez \u00e0 vos clients un souvenir qui allie tradition, fonctionnalit\u00e9 et un morceau de la culture lisbo\u00e8te.<\/p>\n","protected":false},"excerpt":{"rendered":"<p>Bol en noix de coco orange d\u00e9cor\u00e9 d&rsquo;un motif de sardine, inspir\u00e9 de la riche tradition de p\u00eache de Lisbonne. Ce joli bol se distingue par sa finition dans les tons orange vibrant et ses d\u00e9tails en relief repr\u00e9sentant une sardine, symbolisant la gastronomie locale. Fabriqu\u00e9 en coque de noix de coco, c&rsquo;est une pi\u00e8ce unique et artisanale qui allie fonctionnalit\u00e9 et touche culturelle, id\u00e9ale pour ajouter une note lisbo\u00e8te \u00e0 n&rsquo;importe quel foyer.<\/p>\n","protected":false},"featured_media":10113,"template":"","meta":{"_acf_changed":false},"product_brand":[],"product_cat":[521],"product_tag":[530],"class_list":{"0":"post-35186","1":"product","2":"type-product","3":"status-publish","4":"has-post-thumbnail","6":"product_cat-bols","7":"product_tag-animaux","8":"pa_ciudad-lisboa","9":"pa_motivo-sardines","10":"pa_pais-portugal","12":"first","13":"instock","14":"shipping-taxable","15":"product-type-simple"},"acf":[],"_links":{"self":[{"href":"https:\/\/olemosaic.com\/fr\/wp-json\/wp\/v2\/product\/35186","targetHints":{"allow":["GET"]}}],"collection":[{"href":"https:\/\/olemosaic.com\/fr\/wp-json\/wp\/v2\/product"}],"about":[{"href":"https:\/\/olemosaic.com\/fr\/wp-json\/wp\/v2\/types\/product"}],"wp:featuredmedia":[{"embeddable":true,"href":"https:\/\/olemosaic.com\/fr\/wp-json\/wp\/v2\/media\/10113"}],"wp:attachment":[{"href":"https:\/\/olemosaic.com\/fr\/wp-json\/wp\/v2\/media?parent=35186"}],"wp:term":[{"taxonomy":"product_brand","embeddable":true,"href":"https:\/\/olemosaic.com\/fr\/wp-json\/wp\/v2\/product_brand?post=35186"},{"taxonomy":"product_cat","embeddable":true,"href":"https:\/\/olemosaic.com\/fr\/wp-json\/wp\/v2\/product_cat?post=35186"},{"taxonomy":"product_tag","embeddable":true,"href":"https:\/\/olemosaic.com\/fr\/wp-json\/wp\/v2\/product_tag?post=35186"}],"curies":[{"name":"wp","href":"https:\/\/api.w.org\/{rel}","templated":true}]}}