{"id":35143,"date":"2025-02-20T23:37:03","date_gmt":"2025-02-20T22:37:03","guid":{"rendered":"http:\/\/olemosaic.com\/producto\/bol-de-coco-sardina-mallorca-2\/"},"modified":"2025-07-25T20:33:26","modified_gmt":"2025-07-25T18:33:26","slug":"bol-noix-de-coco-sardine-majorque-2","status":"publish","type":"product","link":"https:\/\/olemosaic.com\/fr\/produit\/bol-noix-de-coco-sardine-majorque-2\/","title":{"rendered":"Bol en noix de coco. Sardine. \u00cele. Majorque."},"content":{"rendered":"<p>Ce bol d\u00e9coratif en noix de coco est une pi\u00e8ce unique qui rend hommage \u00e0 la riche tradition maritime de Majorque. Son design ovale, m\u00e9ticuleusement \u00e9labor\u00e9, se distingue par une mosa\u00efque vibrante de couleurs qui capture l&rsquo;essence de la mer M\u00e9diterran\u00e9e. La surface du bol est orn\u00e9e d&rsquo;une vari\u00e9t\u00e9 de tons vifs, allant des bleus profonds aux jaunes et roses chauds, tous plac\u00e9s strat\u00e9giquement pour imiter les reflets brillants de l&rsquo;eau. Les d\u00e9tails en nacre ajoutent une touche d&rsquo;\u00e9l\u00e9gance, permettant \u00e0 la lumi\u00e8re de jouer de mani\u00e8re enchanteresse sur sa surface, cr\u00e9ant un effet \u00e9blouissant qui attire tous les regards.<\/p>\n<p>Au centre, une illustration stylis\u00e9e d&rsquo;une sardine, accompagn\u00e9e du mot \u00ab\u00a0MAJORQUE\u00a0\u00bb, s&rsquo;int\u00e8gre parfaitement \u00e0 la mosa\u00efque. Cet \u00e9l\u00e9ment n&#8217;embellit pas seulement la pi\u00e8ce, mais symbolise \u00e9galement le lien de l&rsquo;\u00eele avec son industrie de la p\u00eache et la gastronomie m\u00e9diterran\u00e9enne. Ce bol est non seulement id\u00e9al pour servir des ap\u00e9ritifs, mais sert \u00e9galement de pi\u00e8ce d\u00e9corative \u00e9voquant des souvenirs de journ\u00e9es ensoleill\u00e9es sur la c\u00f4te.<\/p>\n<p>Chez Ol\u00e9 Mosaic, nous nous sp\u00e9cialisons dans la distribution de souvenirs en gros et ce bol en noix de coco est une excellente option pour les boutiques de cadeaux touristiques cherchant \u00e0 offrir une repr\u00e9sentation authentique de Majorque. Avec son attrait visuel et sa pertinence culturelle, ce bol deviendra un souvenir pr\u00e9cieux pour les touristes \u00e0 la recherche d&rsquo;un souvenir typique qui encapsule la beaut\u00e9 et la tradition de l&rsquo;\u00eele.<\/p>\n","protected":false},"excerpt":{"rendered":"<p>Bol en noix de coco d\u00e9coratif, inspir\u00e9 de la tradition maritime de Majorque. Ce bol attrayant pr\u00e9sente un design de mosa\u00efque aux couleurs vibrantes et des d\u00e9tails nacr\u00e9s qui captent la lumi\u00e8re, soulignant sa forme ovale. Au centre, une illustration d&rsquo;une sardine avec le mot \u00ab\u00a0MAJORQUE\u00a0\u00bb se d\u00e9tache de mani\u00e8re \u00e9l\u00e9gante. Id\u00e9al pour servir des ap\u00e9ritifs ou comme pi\u00e8ce d\u00e9corative, \u00e9voquant l&rsquo;essence de la mer M\u00e9diterran\u00e9e.<\/p>\n","protected":false},"featured_media":11823,"template":"","meta":{"_acf_changed":false},"product_brand":[],"product_cat":[521],"product_tag":[530],"class_list":{"0":"post-35143","1":"product","2":"type-product","3":"status-publish","4":"has-post-thumbnail","6":"product_cat-bols","7":"product_tag-animaux","8":"pa_ciudad-mallorca","9":"pa_motivo-sardines","10":"pa_pais-espana","12":"first","13":"instock","14":"shipping-taxable","15":"product-type-simple"},"acf":[],"_links":{"self":[{"href":"https:\/\/olemosaic.com\/fr\/wp-json\/wp\/v2\/product\/35143","targetHints":{"allow":["GET"]}}],"collection":[{"href":"https:\/\/olemosaic.com\/fr\/wp-json\/wp\/v2\/product"}],"about":[{"href":"https:\/\/olemosaic.com\/fr\/wp-json\/wp\/v2\/types\/product"}],"wp:featuredmedia":[{"embeddable":true,"href":"https:\/\/olemosaic.com\/fr\/wp-json\/wp\/v2\/media\/11823"}],"wp:attachment":[{"href":"https:\/\/olemosaic.com\/fr\/wp-json\/wp\/v2\/media?parent=35143"}],"wp:term":[{"taxonomy":"product_brand","embeddable":true,"href":"https:\/\/olemosaic.com\/fr\/wp-json\/wp\/v2\/product_brand?post=35143"},{"taxonomy":"product_cat","embeddable":true,"href":"https:\/\/olemosaic.com\/fr\/wp-json\/wp\/v2\/product_cat?post=35143"},{"taxonomy":"product_tag","embeddable":true,"href":"https:\/\/olemosaic.com\/fr\/wp-json\/wp\/v2\/product_tag?post=35143"}],"curies":[{"name":"wp","href":"https:\/\/api.w.org\/{rel}","templated":true}]}}