{"id":35142,"date":"2025-02-20T23:37:02","date_gmt":"2025-02-20T22:37:02","guid":{"rendered":"http:\/\/olemosaic.com\/producto\/bol-de-coco-toro\/"},"modified":"2025-07-25T20:08:25","modified_gmt":"2025-07-25T18:08:25","slug":"bol-noix-de-coco-taureau","status":"publish","type":"product","link":"https:\/\/olemosaic.com\/fr\/produit\/bol-noix-de-coco-taureau\/","title":{"rendered":"Bol en noix de coco. Taureau."},"content":{"rendered":"<p>Ce bol en noix de coco d\u00e9cor\u00e9 est un magnifique exemple de l&rsquo;art populaire espagnol vibrant, capturant l&rsquo;essence de la culture et de la tradition du pays. D\u00e9cor\u00e9 de mani\u00e8re artisanale avec des techniques traditionnelles, le bol pr\u00e9sente une mosa\u00efque multicolore combinant des tons roses, bleus et jaunes, cr\u00e9ant un effet visuel joyeux et attrayant. Au c\u0153ur de cette pi\u00e8ce se d\u00e9tache la figure iconique d&rsquo;un taureau dans des tons marrons, un symbole profond\u00e9ment enracin\u00e9 dans l&rsquo;identit\u00e9 culturelle espagnole, repr\u00e9sentant la force et l&rsquo;esprit de l&rsquo;art taurin.<\/p>\n<p>Les \u00e9clats de lumi\u00e8re \u00e9manant des diff\u00e9rentes couleurs de la mosa\u00efque ajoutent une touche de dynamisme et d&rsquo;\u00e9l\u00e9gance, faisant de ce bol un \u00e9l\u00e9ment d\u00e9coratif id\u00e9al pour embellir n&rsquo;importe quel espace, que ce soit \u00e0 la maison ou dans des contextes festifs. Ce bol n&rsquo;est pas seulement un objet fonctionnel, mais aussi un authentique souvenir qui respecte et c\u00e9l\u00e8bre le tr\u00e8s riche folklore de l&rsquo;Espagne, devenant un souvenir repr\u00e9sentatif que les touristes voudront emporter avec eux.<\/p>\n<p>Chez Ol\u00e9 Mosaic, nous nous sp\u00e9cialisons dans la distribution de souvenirs en gros, et ce bol en noix de coco est une excellente option pour les boutiques de cadeaux touristiques recherchant des produits alliant beaut\u00e9, authenticit\u00e9 et pertinence culturelle. Parfait comme cadeau ou pour un usage quotidien, ce bol ne se contente pas d&rsquo;orner, il raconte aussi une histoire de tradition et de passion pr\u00eate \u00e0 \u00eatre partag\u00e9e.<\/p>\n","protected":false},"excerpt":{"rendered":"<p>Bol en noix de coco d\u00e9cor\u00e9 d&rsquo;une mosa\u00efque vibrante de couleurs, \u00e9voquant la richesse de l&rsquo;art populaire espagnol. Au centre, la figure d&rsquo;un taureau dans des tons marrons se d\u00e9tache, symbole iconique de la culture espagnole. Ce bol, \u00e9labor\u00e9 selon une technique artisanale, combine des roses, des bleus et des jaunes dans son design, offrant une touche joyeuse et color\u00e9e qui embellit n&rsquo;importe quel espace. Id\u00e9al comme souvenir ou pour un usage d\u00e9coratif.<\/p>\n","protected":false},"featured_media":11965,"template":"","meta":{"_acf_changed":false},"product_brand":[],"product_cat":[521],"product_tag":[530],"class_list":{"0":"post-35142","1":"product","2":"type-product","3":"status-publish","4":"has-post-thumbnail","6":"product_cat-bols","7":"product_tag-animaux","8":"pa_motivo-taureaux","10":"first","11":"instock","12":"shipping-taxable","13":"product-type-simple"},"acf":[],"_links":{"self":[{"href":"https:\/\/olemosaic.com\/fr\/wp-json\/wp\/v2\/product\/35142","targetHints":{"allow":["GET"]}}],"collection":[{"href":"https:\/\/olemosaic.com\/fr\/wp-json\/wp\/v2\/product"}],"about":[{"href":"https:\/\/olemosaic.com\/fr\/wp-json\/wp\/v2\/types\/product"}],"wp:featuredmedia":[{"embeddable":true,"href":"https:\/\/olemosaic.com\/fr\/wp-json\/wp\/v2\/media\/11965"}],"wp:attachment":[{"href":"https:\/\/olemosaic.com\/fr\/wp-json\/wp\/v2\/media?parent=35142"}],"wp:term":[{"taxonomy":"product_brand","embeddable":true,"href":"https:\/\/olemosaic.com\/fr\/wp-json\/wp\/v2\/product_brand?post=35142"},{"taxonomy":"product_cat","embeddable":true,"href":"https:\/\/olemosaic.com\/fr\/wp-json\/wp\/v2\/product_cat?post=35142"},{"taxonomy":"product_tag","embeddable":true,"href":"https:\/\/olemosaic.com\/fr\/wp-json\/wp\/v2\/product_tag?post=35142"}],"curies":[{"name":"wp","href":"https:\/\/api.w.org\/{rel}","templated":true}]}}