{"id":35141,"date":"2025-02-20T22:37:02","date_gmt":"2025-02-20T22:37:02","guid":{"rendered":"http:\/\/olemosaic.com\/producto\/bol-de-coco-con-flores-toro\/"},"modified":"2025-07-25T20:01:00","modified_gmt":"2025-07-25T18:01:00","slug":"bol-noix-de-coco-fleurs-taureau","status":"publish","type":"product","link":"https:\/\/olemosaic.com\/fr\/produit\/bol-noix-de-coco-fleurs-taureau\/","title":{"rendered":"Bol en noix de coco avec fleurs. Taureau."},"content":{"rendered":"<p>Ce bol en noix de coco, d\u00e9cor\u00e9 d&rsquo;un embl\u00e9matique taureau espagnol et de motifs floraux vibrants, est un v\u00e9ritable tr\u00e9sor de l&rsquo;artisanat espagnol. \u00c9labor\u00e9 avec des techniques traditionnelles, le bol pr\u00e9sente un design captivant qui combine des couleurs chaudes et fra\u00eeches, incluant des tons intenses d&rsquo;orange, de bleu et de rouge qui \u00e9voquent la richesse du folklore espagnol. Au centre du bol, le taureau, symbole de la passion et de la force de la culture espagnole, se d\u00e9tache dans un ton marron \u00e9l\u00e9gant sur un fond de mosa\u00efque, cr\u00e9ant un fort contraste visuel qui attire l&rsquo;attention. Les fleurs peintes, dans des tons doux, encadrent la figure du taureau, apportant une touche de fra\u00eecheur et de joie au design.<\/p>\n<p>Ce bol n&rsquo;est pas seulement une pi\u00e8ce d\u00e9corative, mais il repr\u00e9sente \u00e9galement l&rsquo;histoire et les traditions qui entourent la culture espagnole, \u00e9tant un souvenir id\u00e9al pour ceux qui souhaitent ramener un morceau authentique d&rsquo;Espagne chez eux. Sa polyvalence en fait un r\u00e9cipient utile pour servir des ap\u00e9ritifs ou comme \u00e9l\u00e9ment d\u00e9coratif dans n&rsquo;importe quel espace.<\/p>\n<p>Chez Ol\u00e9 Mosaic, nous nous sp\u00e9cialisons dans la distribution de souvenirs en gros, et ce bol en noix de coco d\u00e9cor\u00e9 est une option exceptionnelle pour les boutiques de cadeaux touristiques qui cherchent \u00e0 maintenir vivante l&rsquo;essence culturelle de l&rsquo;Espagne. Avec ce bol, chaque client pourra avoir chez lui une pi\u00e8ce du riche h\u00e9ritage culturel espagnol.<\/p>\n","protected":false},"excerpt":{"rendered":"<p>Bol en noix de coco d\u00e9cor\u00e9 d&rsquo;un taureau espagnol typique et de motifs floraux. Ce bol impressionnant pr\u00e9sente un design vibrant avec un m\u00e9lange de couleurs chaudes et fra\u00eeches, comme l&rsquo;orange, le bleu et le rouge, qui \u00e9voquent l&rsquo;essence du folklore espagnol. Le taureau, symbole de la culture et de la passion de l&rsquo;Espagne, est peint avec des d\u00e9tails en marron sur un fond de mosa\u00efque. Un article unique et artisanal qui apporte une touche authentique \u00e0 n&rsquo;importe quel foyer.<\/p>\n","protected":false},"featured_media":13495,"template":"","meta":{"_acf_changed":false},"product_brand":[],"product_cat":[521],"product_tag":[530],"class_list":{"0":"post-35141","1":"product","2":"type-product","3":"status-publish","4":"has-post-thumbnail","6":"product_cat-bols","7":"product_tag-animaux","8":"pa_motivo-taureaux","10":"first","11":"instock","12":"shipping-taxable","13":"product-type-simple"},"acf":[],"_links":{"self":[{"href":"https:\/\/olemosaic.com\/fr\/wp-json\/wp\/v2\/product\/35141","targetHints":{"allow":["GET"]}}],"collection":[{"href":"https:\/\/olemosaic.com\/fr\/wp-json\/wp\/v2\/product"}],"about":[{"href":"https:\/\/olemosaic.com\/fr\/wp-json\/wp\/v2\/types\/product"}],"wp:featuredmedia":[{"embeddable":true,"href":"https:\/\/olemosaic.com\/fr\/wp-json\/wp\/v2\/media\/13495"}],"wp:attachment":[{"href":"https:\/\/olemosaic.com\/fr\/wp-json\/wp\/v2\/media?parent=35141"}],"wp:term":[{"taxonomy":"product_brand","embeddable":true,"href":"https:\/\/olemosaic.com\/fr\/wp-json\/wp\/v2\/product_brand?post=35141"},{"taxonomy":"product_cat","embeddable":true,"href":"https:\/\/olemosaic.com\/fr\/wp-json\/wp\/v2\/product_cat?post=35141"},{"taxonomy":"product_tag","embeddable":true,"href":"https:\/\/olemosaic.com\/fr\/wp-json\/wp\/v2\/product_tag?post=35141"}],"curies":[{"name":"wp","href":"https:\/\/api.w.org\/{rel}","templated":true}]}}