{"id":35140,"date":"2025-02-20T22:37:02","date_gmt":"2025-02-20T22:37:02","guid":{"rendered":"http:\/\/olemosaic.com\/producto\/bol-de-coco-sardina-mallorca\/"},"modified":"2025-07-25T19:04:58","modified_gmt":"2025-07-25T17:04:58","slug":"bol-noix-de-coco-sardine-majorque","status":"publish","type":"product","link":"https:\/\/olemosaic.com\/fr\/produit\/bol-noix-de-coco-sardine-majorque\/","title":{"rendered":"Bol en noix de coco. Sardine. Majorque."},"content":{"rendered":"<p>Ce charmant bol en noix de coco d\u00e9cor\u00e9 est une pi\u00e8ce qui c\u00e9l\u00e8bre l&rsquo;essence vibrante de Majorque, un produit qui n&rsquo;est pas seulement fonctionnel, mais aussi charg\u00e9 d&rsquo;une profonde signification culturelle. Sa forme unique, inspir\u00e9e d&rsquo;une sardine, \u00e9voque la riche tradition de p\u00eache de la r\u00e9gion, et sa base claire fait ressortir les d\u00e9tails color\u00e9s en mosa\u00efque qui ornent son contour. Dans des tons bleus, roses et violets, le design capture la beaut\u00e9 du paysage m\u00e9diterran\u00e9en, \u00e9voquant une sensation de calme et de fra\u00eecheur que l&rsquo;on ne peut vivre que sur les c\u00f4tes majorquines.<\/p>\n<p>Au centre du bol, le mot \u00ab\u00a0MAJORQUE\u00a0\u00bb est pr\u00e9sent\u00e9 de mani\u00e8re \u00e9l\u00e9gante, transformant cette pi\u00e8ce en un authentique souvenir que les visiteurs ch\u00e9riront. Ce bol est non seulement id\u00e9al pour servir des ap\u00e9ritifs, mais aussi comme \u00e9l\u00e9ment d\u00e9coratif qui apporte une touche artistique et culturelle \u00e0 n&rsquo;importe quel espace. C&rsquo;est un cadeau parfait pour ceux qui recherchent des souvenirs uniques repr\u00e9sentant fid\u00e8lement la culture et la tradition de l&rsquo;\u00eele.<\/p>\n<p>Chez Ol\u00e9 Mosaic, nous nous sp\u00e9cialisons dans la distribution de souvenirs en gros, et ce bol en noix de coco est une excellente option pour les boutiques de cadeaux touristiques souhaitant proposer des produits authentiques de Majorque. En choisissant ce bol comme souvenir, les touristes n&rsquo;obtiennent pas seulement une belle pi\u00e8ce d\u00e9corative, mais aussi un petit morceau de l&rsquo;histoire et de l&rsquo;esprit de Majorque qu&rsquo;ils pourront emporter avec eux.<\/p>\n","protected":false},"excerpt":{"rendered":"<p>Bol en noix de coco d\u00e9cor\u00e9 d&rsquo;une mosa\u00efque color\u00e9e, inspir\u00e9 de la tradition majorquine. Ce bol original pr\u00e9sente un design en forme de sardine, avec une base claire et des d\u00e9tails dans des tons bleus, roses et violets qui \u00e9voquent le paysage vibrant de la M\u00e9diterran\u00e9e. Le mot \u00ab\u00a0MAJORQUE\u00a0\u00bb se d\u00e9tache \u00e9l\u00e9gamment au centre, ajoutant une touche distinctive. Id\u00e9al pour servir des ap\u00e9ritifs ou comme \u00e9l\u00e9ment d\u00e9coratif, il allie fonctionnalit\u00e9 et style culturel.<\/p>\n","protected":false},"featured_media":11817,"template":"","meta":{"_acf_changed":false},"product_brand":[],"product_cat":[521],"product_tag":[530],"class_list":{"0":"post-35140","1":"product","2":"type-product","3":"status-publish","4":"has-post-thumbnail","6":"product_cat-bols","7":"product_tag-animaux","8":"pa_ciudad-mallorca","9":"pa_motivo-sardines","10":"pa_pais-espana","12":"first","13":"instock","14":"shipping-taxable","15":"product-type-simple"},"acf":[],"_links":{"self":[{"href":"https:\/\/olemosaic.com\/fr\/wp-json\/wp\/v2\/product\/35140","targetHints":{"allow":["GET"]}}],"collection":[{"href":"https:\/\/olemosaic.com\/fr\/wp-json\/wp\/v2\/product"}],"about":[{"href":"https:\/\/olemosaic.com\/fr\/wp-json\/wp\/v2\/types\/product"}],"wp:featuredmedia":[{"embeddable":true,"href":"https:\/\/olemosaic.com\/fr\/wp-json\/wp\/v2\/media\/11817"}],"wp:attachment":[{"href":"https:\/\/olemosaic.com\/fr\/wp-json\/wp\/v2\/media?parent=35140"}],"wp:term":[{"taxonomy":"product_brand","embeddable":true,"href":"https:\/\/olemosaic.com\/fr\/wp-json\/wp\/v2\/product_brand?post=35140"},{"taxonomy":"product_cat","embeddable":true,"href":"https:\/\/olemosaic.com\/fr\/wp-json\/wp\/v2\/product_cat?post=35140"},{"taxonomy":"product_tag","embeddable":true,"href":"https:\/\/olemosaic.com\/fr\/wp-json\/wp\/v2\/product_tag?post=35140"}],"curies":[{"name":"wp","href":"https:\/\/api.w.org\/{rel}","templated":true}]}}