{"id":35133,"date":"2025-02-20T22:37:02","date_gmt":"2025-02-20T22:37:02","guid":{"rendered":"http:\/\/olemosaic.com\/producto\/bol-de-coco-fucsia-toro\/"},"modified":"2025-07-25T19:03:56","modified_gmt":"2025-07-25T17:03:56","slug":"bol-noix-de-coco-fuchsia-taureau","status":"publish","type":"product","link":"https:\/\/olemosaic.com\/fr\/produit\/bol-noix-de-coco-fuchsia-taureau\/","title":{"rendered":"Bol en noix de coco fuchsia. Taureau."},"content":{"rendered":"<p>Ce bol en noix de coco fuchsia est une pi\u00e8ce attrayante de l&rsquo;artisanat espagnol qui combine fonctionnalit\u00e9 et style contemporain, un v\u00e9ritable reflet de la culture du pays. \u00c9labor\u00e9 \u00e0 partir de mat\u00e9riau naturel de noix de coco, sa couleur fuchsia vibrante ne se distingue pas seulement par sa modernit\u00e9, mais ajoute \u00e9galement une touche de joie \u00e0 n&rsquo;importe quel environnement. Au centre du bol, un taureau distinctif, symbole iconique de la tradition espagnole, est accompagn\u00e9 de c\u0153urs peints qui entourent tout le bord, cr\u00e9ant un design visuellement percutant et plein de caract\u00e8re.<\/p>\n<p>Id\u00e9al pour servir des ap\u00e9ritifs ou comme \u00e9l\u00e9ment d\u00e9coratif, ce bol incarne l&rsquo;essence du folklore espagnol, ce qui le rend parfait pour ceux qui recherchent un souvenir authentique capturant la richesse culturelle de l&rsquo;Espagne. Son design joyeux et audacieux en fait une excellente option pour les boutiques de cadeaux touristiques, offrant aux acheteurs un souvenir repr\u00e9sentatif et fonctionnel qui attirera sans aucun doute l&rsquo;attention de ceux qui visitent le pays.<\/p>\n<p>Chez Ol\u00e9 Mosaic, en tant que grossistes de produits typiques, nous garantissons l&rsquo;authenticit\u00e9 et la qualit\u00e9 de nos articles, assurant que chaque bol en noix de coco ne soit pas seulement un souvenir, mais une pi\u00e8ce qui apporte une touche distinctive \u00e0 n&rsquo;importe quel espace.<\/p>\n","protected":false},"excerpt":{"rendered":"<p>Bol en noix de coco fuchsia d\u00e9cor\u00e9 d&rsquo;un taureau, symbole distinctif de la culture espagnole. Ce bol color\u00e9 pr\u00e9sente un design vibrant avec des c\u0153urs et un taureau peint au centre, offrant une esth\u00e9tique moderne et frappante. \u00c9labor\u00e9 avec un mat\u00e9riau naturel de noix de coco, il est parfait pour servir des ap\u00e9ritifs ou comme \u00e9l\u00e9ment d\u00e9coratif. Son style artistique et joyeux capture l&rsquo;essence du folklore espagnol, id\u00e9al pour ajouter une touche distinctive \u00e0 n&rsquo;importe quel espace.<\/p>\n","protected":false},"featured_media":13469,"template":"","meta":{"_acf_changed":false},"product_brand":[],"product_cat":[521],"product_tag":[530],"class_list":{"0":"post-35133","1":"product","2":"type-product","3":"status-publish","4":"has-post-thumbnail","6":"product_cat-bols","7":"product_tag-animaux","8":"pa_motivo-taureaux","10":"first","11":"instock","12":"shipping-taxable","13":"product-type-simple"},"acf":[],"_links":{"self":[{"href":"https:\/\/olemosaic.com\/fr\/wp-json\/wp\/v2\/product\/35133","targetHints":{"allow":["GET"]}}],"collection":[{"href":"https:\/\/olemosaic.com\/fr\/wp-json\/wp\/v2\/product"}],"about":[{"href":"https:\/\/olemosaic.com\/fr\/wp-json\/wp\/v2\/types\/product"}],"wp:featuredmedia":[{"embeddable":true,"href":"https:\/\/olemosaic.com\/fr\/wp-json\/wp\/v2\/media\/13469"}],"wp:attachment":[{"href":"https:\/\/olemosaic.com\/fr\/wp-json\/wp\/v2\/media?parent=35133"}],"wp:term":[{"taxonomy":"product_brand","embeddable":true,"href":"https:\/\/olemosaic.com\/fr\/wp-json\/wp\/v2\/product_brand?post=35133"},{"taxonomy":"product_cat","embeddable":true,"href":"https:\/\/olemosaic.com\/fr\/wp-json\/wp\/v2\/product_cat?post=35133"},{"taxonomy":"product_tag","embeddable":true,"href":"https:\/\/olemosaic.com\/fr\/wp-json\/wp\/v2\/product_tag?post=35133"}],"curies":[{"name":"wp","href":"https:\/\/api.w.org\/{rel}","templated":true}]}}