{"id":35132,"date":"2025-02-20T22:37:01","date_gmt":"2025-02-20T22:37:01","guid":{"rendered":"http:\/\/olemosaic.com\/producto\/4-bols-de-coco-de-13-x-6-cm-mariposa\/"},"modified":"2025-07-25T19:46:17","modified_gmt":"2025-07-25T17:46:17","slug":"4-bols-noix-de-coco-13-x-6-cm-papillon","status":"publish","type":"product","link":"https:\/\/olemosaic.com\/fr\/produit\/4-bols-noix-de-coco-13-x-6-cm-papillon\/","title":{"rendered":"4 Bols en noix de coco de 13 x 6 cm. Papillon."},"content":{"rendered":"<p>D\u00e9couvrez le captivant bol en noix de coco d\u00e9cor\u00e9 de papillons, un v\u00e9ritable bijou artisanal qui ajoutera une touche vibrante \u00e0 n&rsquo;importe quel espace ! Ce merveilleux bol, de 13 x 6 cm, est disponible en quatre couleurs extraordinaires : bleu, rouge, jaune et fuchsia, chacune con\u00e7ue pour souligner sa beaut\u00e9 et son caract\u00e8re festif. Au centre de chaque bol, un \u00e9l\u00e9gant papillon se d\u00e9ploie, symbolisant la transformation et la joie, tandis que le bord du r\u00e9cipient est orn\u00e9 de c\u0153urs d\u00e9licats, apportant un air romantique et accueillant.<\/p>\n<p>Fabriqu\u00e9s avec un mat\u00e9riau naturel, ces bols sont parfaits tant pour servir des ap\u00e9ritifs que pour d\u00e9corer n&rsquo;importe quel coin de la maison, devenant le centre d&rsquo;attention de toute r\u00e9union. Leur finition lisse et brillante les rend non seulement visuellement attrayants, mais aussi faciles \u00e0 nettoyer, garantissant fonctionnalit\u00e9 et style \u00e0 chaque utilisation.<\/p>\n<p>La connexion culturelle de ce produit peut \u00eatre associ\u00e9e \u00e0 la riche tradition artisanale de l&rsquo;Espagne, o\u00f9 les produits naturels et l&rsquo;utilisation de couleurs vibrantes refl\u00e8tent la joie de vivre de ses habitants. Chez Ol\u00e9 Mosaic, nous proposons ces souvenirs surprenants en gros, parfaits pour les boutiques de cadeaux touristiques \u00e0 la recherche d&rsquo;articles authentiques et repr\u00e9sentatifs. Ce bol en noix de coco avec papillons est, sans aucun doute, un excellent choix pour que les touristes emportent un souvenir unique et color\u00e9 de leur exp\u00e9rience.<\/p>\n","protected":false},"excerpt":{"rendered":"<p>Bol en noix de coco de 13 x 6 cm d\u00e9cor\u00e9 de papillons, disponible en quatre couleurs vibrantes : bleu, rouge, jaune et fuchsia. Chaque bol pr\u00e9sente un design festif avec des papillons au centre et un bord d\u00e9cor\u00e9 de c\u0153urs, le tout avec une finition lisse et brillante. Fabriqu\u00e9s avec un mat\u00e9riau naturel, ces bols sont id\u00e9aux pour servir des ap\u00e9ritifs ou comme \u00e9l\u00e9ment d\u00e9coratif, apportant une touche color\u00e9e et joyeuse \u00e0 n&rsquo;importe quelle ambiance.<\/p>\n","protected":false},"featured_media":13837,"template":"","meta":{"_acf_changed":false},"product_brand":[],"product_cat":[521],"product_tag":[530],"class_list":{"0":"post-35132","1":"product","2":"type-product","3":"status-publish","4":"has-post-thumbnail","6":"product_cat-bols","7":"product_tag-animaux","8":"pa_motivo-papillons","10":"first","11":"instock","12":"shipping-taxable","13":"product-type-simple"},"acf":[],"_links":{"self":[{"href":"https:\/\/olemosaic.com\/fr\/wp-json\/wp\/v2\/product\/35132","targetHints":{"allow":["GET"]}}],"collection":[{"href":"https:\/\/olemosaic.com\/fr\/wp-json\/wp\/v2\/product"}],"about":[{"href":"https:\/\/olemosaic.com\/fr\/wp-json\/wp\/v2\/types\/product"}],"wp:featuredmedia":[{"embeddable":true,"href":"https:\/\/olemosaic.com\/fr\/wp-json\/wp\/v2\/media\/13837"}],"wp:attachment":[{"href":"https:\/\/olemosaic.com\/fr\/wp-json\/wp\/v2\/media?parent=35132"}],"wp:term":[{"taxonomy":"product_brand","embeddable":true,"href":"https:\/\/olemosaic.com\/fr\/wp-json\/wp\/v2\/product_brand?post=35132"},{"taxonomy":"product_cat","embeddable":true,"href":"https:\/\/olemosaic.com\/fr\/wp-json\/wp\/v2\/product_cat?post=35132"},{"taxonomy":"product_tag","embeddable":true,"href":"https:\/\/olemosaic.com\/fr\/wp-json\/wp\/v2\/product_tag?post=35132"}],"curies":[{"name":"wp","href":"https:\/\/api.w.org\/{rel}","templated":true}]}}