{"id":35131,"date":"2025-02-20T22:37:01","date_gmt":"2025-02-20T22:37:01","guid":{"rendered":"http:\/\/olemosaic.com\/producto\/bol-de-coco-beige-toro\/"},"modified":"2025-07-25T20:26:58","modified_gmt":"2025-07-25T18:26:58","slug":"bol-noix-de-coco-beige-taureau","status":"publish","type":"product","link":"https:\/\/olemosaic.com\/fr\/produit\/bol-noix-de-coco-beige-taureau\/","title":{"rendered":"Bol en noix de coco beige. Taureau."},"content":{"rendered":"<p>Ce bol en noix de coco beige est un souvenir \u00e9l\u00e9gant et distinctif qui capture la riche tradition taurine espagnole. Son design pr\u00e9sente une finition brillante qui souligne les formes irr\u00e9guli\u00e8res dans les tons beige et dor\u00e9, cr\u00e9ant un attrait visuel qui attire l&rsquo;attention. Au centre, se d\u00e9tache la repr\u00e9sentation d&rsquo;un majestueux taureau, symbole de force et de courage, imprim\u00e9 dans un rouge vibrant qui contraste magnifiquement avec le fond doux du bol. Ce d\u00e9tail lui conf\u00e8re non seulement un air contemporain, mais le relie \u00e9galement \u00e0 l&rsquo;h\u00e9ritage culturel espagnol, c\u00e9l\u00e9brant l&rsquo;art de la tauromachie, un \u00e9l\u00e9ment profond\u00e9ment enracin\u00e9 dans l&rsquo;histoire et le folklore du pays.<\/p>\n<p>Ce bol n&rsquo;est pas seulement une pi\u00e8ce de d\u00e9coration, mais aussi un excellent accessoire polyvalent qui peut \u00eatre utilis\u00e9 sur des tables, des vitrines ou comme cadeau m\u00e9morable pour ceux qui cherchent \u00e0 emporter un morceau de la culture espagnole. Chez Ol\u00e9 Mosaic, nous nous sp\u00e9cialisons dans la distribution de souvenirs authentiques en gros, comme ce bol en noix de coco authentique qui refl\u00e8te tradition et artisanat. Son design singulier et sa connexion culturelle en font une option id\u00e9ale pour les boutiques de cadeaux touristiques recherchant des produits repr\u00e9sentatifs et de qualit\u00e9. En choisissant ce bol, les touristes et acheteurs s&rsquo;assurent un souvenir authentique et sp\u00e9cial de leur voyage en Espagne, faisant de chaque achat un hommage \u00e0 sa culture riche et vibrante.<\/p>\n","protected":false},"excerpt":{"rendered":"<p>Bol en noix de coco beige avec un design distinctif de taureau, repr\u00e9sentant la riche tradition taurine de l&rsquo;Espagne. Ce bol \u00e9l\u00e9gant pr\u00e9sente une finition brillante et une d\u00e9coration int\u00e9rieure avec des formes irr\u00e9guli\u00e8res dans les tons beige et dor\u00e9, rehaussant son attrait visuel. L&rsquo;image du taureau, symbole de force et de courage, est imprim\u00e9e dans un ton rouge qui contraste avec le fond, en faisant un accessoire d\u00e9coratif \u00e9l\u00e9gant ou un cadeau m\u00e9morable. Id\u00e9al pour ajouter une touche culturelle \u00e0 n&rsquo;importe quel espace.<\/p>\n","protected":false},"featured_media":11959,"template":"","meta":{"_acf_changed":false},"product_brand":[],"product_cat":[521],"product_tag":[530],"class_list":{"0":"post-35131","1":"product","2":"type-product","3":"status-publish","4":"has-post-thumbnail","6":"product_cat-bols","7":"product_tag-animaux","8":"pa_motivo-taureaux","10":"first","11":"instock","12":"shipping-taxable","13":"product-type-simple"},"acf":[],"_links":{"self":[{"href":"https:\/\/olemosaic.com\/fr\/wp-json\/wp\/v2\/product\/35131","targetHints":{"allow":["GET"]}}],"collection":[{"href":"https:\/\/olemosaic.com\/fr\/wp-json\/wp\/v2\/product"}],"about":[{"href":"https:\/\/olemosaic.com\/fr\/wp-json\/wp\/v2\/types\/product"}],"wp:featuredmedia":[{"embeddable":true,"href":"https:\/\/olemosaic.com\/fr\/wp-json\/wp\/v2\/media\/11959"}],"wp:attachment":[{"href":"https:\/\/olemosaic.com\/fr\/wp-json\/wp\/v2\/media?parent=35131"}],"wp:term":[{"taxonomy":"product_brand","embeddable":true,"href":"https:\/\/olemosaic.com\/fr\/wp-json\/wp\/v2\/product_brand?post=35131"},{"taxonomy":"product_cat","embeddable":true,"href":"https:\/\/olemosaic.com\/fr\/wp-json\/wp\/v2\/product_cat?post=35131"},{"taxonomy":"product_tag","embeddable":true,"href":"https:\/\/olemosaic.com\/fr\/wp-json\/wp\/v2\/product_tag?post=35131"}],"curies":[{"name":"wp","href":"https:\/\/api.w.org\/{rel}","templated":true}]}}