{"id":35129,"date":"2025-02-20T23:37:01","date_gmt":"2025-02-20T22:37:01","guid":{"rendered":"http:\/\/olemosaic.com\/producto\/bol-de-coco-azul-toro-4\/"},"modified":"2025-07-25T19:49:00","modified_gmt":"2025-07-25T17:49:00","slug":"bol-noix-de-coco-bleu-taureau-4","status":"publish","type":"product","link":"https:\/\/olemosaic.com\/fr\/produit\/bol-noix-de-coco-bleu-taureau-4\/","title":{"rendered":"Bol en noix de coco bleu. Taureau. Motif c\u0153urs."},"content":{"rendered":"<p>Ce bol en noix de coco bleu, orn\u00e9 d&rsquo;un taureau embl\u00e9matique, est une pi\u00e8ce singuli\u00e8re qui capture la riche culture espagnole. Fabriqu\u00e9 de mani\u00e8re artisanale, le r\u00e9cipient pr\u00e9sente un design charmant \u00e0 l&rsquo;int\u00e9rieur, o\u00f9 pr\u00e9dominent les tons bleus \u00e9voquant la mer M\u00e9diterran\u00e9e, compl\u00e9t\u00e9s par des formes de c\u0153ur color\u00e9es qui rehaussent la figure centrale du taureau, symbole de la tradition et de l&rsquo;esprit espagnol. Le contraste entre la finition rustique de la noix de coco et les couleurs vives lui donne un air authentique et chaleureux, en faisant un \u00e9l\u00e9ment id\u00e9al tant pour la d\u00e9coration de la maison que pour servir des ap\u00e9ritifs.<\/p>\n<p>La figure du taureau, tr\u00e8s pr\u00e9sente dans les festivals et les corridas, rend hommage \u00e0 l&rsquo;essence de la p\u00e9ninsule ib\u00e9rique, faisant de ce bol un souvenir parfait pour ceux qui cherchent \u00e0 emporter un morceau d&rsquo;Espagne. Sa polyvalence permet de l&rsquo;utiliser comme centre de table ou pour ranger de petits objets, ajoutant une touche de culture et d&rsquo;\u00e9l\u00e9gance \u00e0 n&rsquo;importe quel espace.<\/p>\n<p>Chez Ol\u00e9 Mosaic, distributeurs de souvenirs en gros, ce bol en noix de coco bleu est une excellente option pour les boutiques de cadeaux touristiques souhaitant proposer des produits authentiques et pleins de sens. Avec son design singulier et sa connexion culturelle, ce souvenir se positionne comme un souvenir id\u00e9al pour les touristes \u00e0 la recherche d&rsquo;articles distinctifs de leur visite en Espagne.<\/p>\n","protected":false},"excerpt":{"rendered":"<p>Bol en noix de coco bleu d\u00e9cor\u00e9 d&rsquo;un taureau embl\u00e9matique, symbole de la culture espagnole. Ce r\u00e9cipient pr\u00e9sente un design attrayant \u00e0 l&rsquo;int\u00e9rieur, avec une finition dans les tons bleus et des formes de c\u0153ur color\u00e9es entourant la figure du taureau. Fabriqu\u00e9 en noix de coco, ce bol combine des techniques artisanales qui lui donnent une touche rustique et authentique, parfait pour ajouter un \u00e9l\u00e9ment distinctif \u00e0 votre int\u00e9rieur. Id\u00e9al pour un usage d\u00e9coratif ou comme bol pour ap\u00e9ritifs.<\/p>\n","protected":false},"featured_media":13494,"template":"","meta":{"_acf_changed":false},"product_brand":[],"product_cat":[521],"product_tag":[530],"class_list":{"0":"post-35129","1":"product","2":"type-product","3":"status-publish","4":"has-post-thumbnail","6":"product_cat-bols","7":"product_tag-animaux","8":"pa_motivo-taureaux","10":"first","11":"instock","12":"shipping-taxable","13":"product-type-simple"},"acf":[],"_links":{"self":[{"href":"https:\/\/olemosaic.com\/fr\/wp-json\/wp\/v2\/product\/35129","targetHints":{"allow":["GET"]}}],"collection":[{"href":"https:\/\/olemosaic.com\/fr\/wp-json\/wp\/v2\/product"}],"about":[{"href":"https:\/\/olemosaic.com\/fr\/wp-json\/wp\/v2\/types\/product"}],"wp:featuredmedia":[{"embeddable":true,"href":"https:\/\/olemosaic.com\/fr\/wp-json\/wp\/v2\/media\/13494"}],"wp:attachment":[{"href":"https:\/\/olemosaic.com\/fr\/wp-json\/wp\/v2\/media?parent=35129"}],"wp:term":[{"taxonomy":"product_brand","embeddable":true,"href":"https:\/\/olemosaic.com\/fr\/wp-json\/wp\/v2\/product_brand?post=35129"},{"taxonomy":"product_cat","embeddable":true,"href":"https:\/\/olemosaic.com\/fr\/wp-json\/wp\/v2\/product_cat?post=35129"},{"taxonomy":"product_tag","embeddable":true,"href":"https:\/\/olemosaic.com\/fr\/wp-json\/wp\/v2\/product_tag?post=35129"}],"curies":[{"name":"wp","href":"https:\/\/api.w.org\/{rel}","templated":true}]}}