{"id":35123,"date":"2025-02-20T23:37:01","date_gmt":"2025-02-20T22:37:01","guid":{"rendered":"http:\/\/olemosaic.com\/producto\/bol-de-coco-azul-toro-3\/"},"modified":"2025-07-25T20:13:14","modified_gmt":"2025-07-25T18:13:14","slug":"bol-de-coco-bleu-taureau-motif-cercles","status":"publish","type":"product","link":"https:\/\/olemosaic.com\/fr\/produit\/bol-de-coco-bleu-taureau-motif-cercles\/","title":{"rendered":"Bol de coco bleu. Taureau. Motif cercles."},"content":{"rendered":"<p>Ce bol de coco bleu, d\u00e9cor\u00e9 d&rsquo;un embl\u00e9matique taureau, est un v\u00e9ritable joyau de l&rsquo;artisanat espagnol qui capture l&rsquo;essence de la culture ib\u00e9rique. Son design pr\u00e9sente un magnifique fond dans des tons bleus, o\u00f9 se d\u00e9tachent des mosa\u00efques circulaires qui cr\u00e9ent un effet visuel captivant, \u00e9vocateur de la beaut\u00e9 de la M\u00e9diterran\u00e9e. Au centre, l&rsquo;image du taureau, peinte dans un \u00e9l\u00e9gant marron, symbolise la force et l&rsquo;esprit indomptable de la tradition taurine, un aspect iconique de la culture espagnole.<\/p>\n<p>La surface brillante du bol rehausse les d\u00e9tails de la mosa\u00efque, en faisant un objet d\u00e9coratif attrayant, id\u00e9al pour embellir n&rsquo;importe quel coin de la maison ou pour \u00eatre utilis\u00e9 comme r\u00e9cipient pour de petits objets. Ce bol n&rsquo;est pas seulement fonctionnel, il sert \u00e9galement de magnifique souvenir qui c\u00e9l\u00e8bre l&rsquo;authenticit\u00e9 et la diversit\u00e9 culturelle de l&rsquo;Espagne, en faisant un cadeau parfait pour les touristes \u00e0 la recherche d&rsquo;un souvenir repr\u00e9sentatif.<\/p>\n<p>Chez Ol\u00e9 Mosaic, nous sommes fiers de proposer des produits typiques comme ce bol de coco, qui refl\u00e8te le riche h\u00e9ritage artisanal du pays. Ce type de souvenir est une excellente option pour les boutiques de cadeaux touristiques qui souhaitent impressionner leurs clients avec des articles uniques et charg\u00e9s de sens culturel.<\/p>\n","protected":false},"excerpt":{"rendered":"<p>Bol de coco bleu d\u00e9cor\u00e9 d&rsquo;un embl\u00e9matique taureau, symbole de la culture espagnole. Ce bol attrayant pr\u00e9sente un design dans des tons bleus avec une finition brillante qui fait ressortir les motifs de mosa\u00efque en forme de cercles. L&rsquo;image du taureau, peinte en couleur marron, se situe au centre, ajoutant un charme traditionnel. Id\u00e9al pour un usage d\u00e9coratif ou comme r\u00e9cipient pour de petits objets, ce bol allie artisanat et touche authentique espagnole.<\/p>\n","protected":false},"featured_media":11957,"template":"","meta":{"_acf_changed":false},"product_brand":[],"product_cat":[521],"product_tag":[530],"class_list":{"0":"post-35123","1":"product","2":"type-product","3":"status-publish","4":"has-post-thumbnail","6":"product_cat-bols","7":"product_tag-animaux","8":"pa_motivo-taureaux","10":"first","11":"instock","12":"shipping-taxable","13":"product-type-simple"},"acf":[],"_links":{"self":[{"href":"https:\/\/olemosaic.com\/fr\/wp-json\/wp\/v2\/product\/35123","targetHints":{"allow":["GET"]}}],"collection":[{"href":"https:\/\/olemosaic.com\/fr\/wp-json\/wp\/v2\/product"}],"about":[{"href":"https:\/\/olemosaic.com\/fr\/wp-json\/wp\/v2\/types\/product"}],"wp:featuredmedia":[{"embeddable":true,"href":"https:\/\/olemosaic.com\/fr\/wp-json\/wp\/v2\/media\/11957"}],"wp:attachment":[{"href":"https:\/\/olemosaic.com\/fr\/wp-json\/wp\/v2\/media?parent=35123"}],"wp:term":[{"taxonomy":"product_brand","embeddable":true,"href":"https:\/\/olemosaic.com\/fr\/wp-json\/wp\/v2\/product_brand?post=35123"},{"taxonomy":"product_cat","embeddable":true,"href":"https:\/\/olemosaic.com\/fr\/wp-json\/wp\/v2\/product_cat?post=35123"},{"taxonomy":"product_tag","embeddable":true,"href":"https:\/\/olemosaic.com\/fr\/wp-json\/wp\/v2\/product_tag?post=35123"}],"curies":[{"name":"wp","href":"https:\/\/api.w.org\/{rel}","templated":true}]}}