{"id":35121,"date":"2025-02-20T23:37:00","date_gmt":"2025-02-20T22:37:00","guid":{"rendered":"http:\/\/olemosaic.com\/producto\/bol-de-coco-azul-flor-5\/"},"modified":"2025-07-25T18:53:06","modified_gmt":"2025-07-25T16:53:06","slug":"bol-de-coco-bleu-fleur-fond-bleu","status":"publish","type":"product","link":"https:\/\/olemosaic.com\/fr\/produit\/bol-de-coco-bleu-fleur-fond-bleu\/","title":{"rendered":"Bol de coco bleu. Fleur. Fond bleu."},"content":{"rendered":"<p>Ce bol de coco bleu d\u00e9cor\u00e9 est un chef-d&rsquo;\u0153uvre de l&rsquo;artisanat espagnol qui allie \u00e9l\u00e9gance et tradition. Avec un fond bleu vibrant qui \u00e9voque la beaut\u00e9 de la M\u00e9diterran\u00e9e, le bol pr\u00e9sente un d\u00e9licat motif floral dans des tons dor\u00e9s et cr\u00e8me qui ressort avec une splendeur exceptionnelle. La fleur centrale, con\u00e7ue avec des p\u00e9tales dor\u00e9s, est un symbole de la richesse naturelle qui caract\u00e9rise de nombreuses r\u00e9gions d&rsquo;Espagne, refl\u00e9tant l&rsquo;harmonie entre l&rsquo;art et la nature.<\/p>\n<p>Chaque bol est le r\u00e9sultat d&rsquo;une technique artisanale qui garantit la singularit\u00e9 de chaque pi\u00e8ce, en faisant un souvenir authentique et repr\u00e9sentatif de la culture espagnole. Son design, id\u00e9al pour \u00eatre utilis\u00e9 comme centre de table ou \u00e9l\u00e9ment d\u00e9coratif, apporte une touche chaleureuse et accueillante \u00e0 n&rsquo;importe quel espace, en faisant un objet aussi fonctionnel qu&rsquo;esth\u00e9tique. De plus, ce bol de coco est parfait tant pour ceux qui recherchent des souvenirs de qualit\u00e9 que pour ceux qui appr\u00e9cient l&rsquo;art et la riche culture de l&rsquo;Espagne.<\/p>\n<p>Chez Ol\u00e9 Mosaic, nous sommes fiers de proposer des souvenirs de qualit\u00e9 en gros, constituant une magnifique option pour les boutiques de cadeaux touristiques souhaitant \u00e9largir leur offre avec des produits ancr\u00e9s dans la tradition. Ce bol de coco bleu est, sans aucun doute, un excellent choix pour les touristes qui cherchent \u00e0 emporter un morceau de l&rsquo;Espagne authentique.<\/p>\n","protected":false},"excerpt":{"rendered":"<p>Bol de coco bleu d\u00e9cor\u00e9 d&rsquo;un d\u00e9licat motif floral dans des tons dor\u00e9s. Ce bol \u00e9l\u00e9gant, fabriqu\u00e9 de mani\u00e8re artisanale, pr\u00e9sente un fond bleu vibrant qui rehausse la magnifique fleur centrale, compos\u00e9e de p\u00e9tales dor\u00e9s et cr\u00e8me. Id\u00e9al pour d\u00e9corer ou comme centre de table, son design, inspir\u00e9 de la nature, apporte une touche chaleureuse et accueillante \u00e0 n&rsquo;importe quel espace. Parfait pour ceux qui appr\u00e9cient l&rsquo;art et la culture espagnole.<\/p>\n","protected":false},"featured_media":10080,"template":"","meta":{"_acf_changed":false},"product_brand":[],"product_cat":[521],"product_tag":[],"class_list":{"0":"post-35121","1":"product","2":"type-product","3":"status-publish","4":"has-post-thumbnail","6":"product_cat-bols","7":"pa_motivo-fleurs","9":"first","10":"instock","11":"shipping-taxable","12":"product-type-simple"},"acf":[],"_links":{"self":[{"href":"https:\/\/olemosaic.com\/fr\/wp-json\/wp\/v2\/product\/35121","targetHints":{"allow":["GET"]}}],"collection":[{"href":"https:\/\/olemosaic.com\/fr\/wp-json\/wp\/v2\/product"}],"about":[{"href":"https:\/\/olemosaic.com\/fr\/wp-json\/wp\/v2\/types\/product"}],"wp:featuredmedia":[{"embeddable":true,"href":"https:\/\/olemosaic.com\/fr\/wp-json\/wp\/v2\/media\/10080"}],"wp:attachment":[{"href":"https:\/\/olemosaic.com\/fr\/wp-json\/wp\/v2\/media?parent=35121"}],"wp:term":[{"taxonomy":"product_brand","embeddable":true,"href":"https:\/\/olemosaic.com\/fr\/wp-json\/wp\/v2\/product_brand?post=35121"},{"taxonomy":"product_cat","embeddable":true,"href":"https:\/\/olemosaic.com\/fr\/wp-json\/wp\/v2\/product_cat?post=35121"},{"taxonomy":"product_tag","embeddable":true,"href":"https:\/\/olemosaic.com\/fr\/wp-json\/wp\/v2\/product_tag?post=35121"}],"curies":[{"name":"wp","href":"https:\/\/api.w.org\/{rel}","templated":true}]}}