{"id":35120,"date":"2025-02-20T23:37:00","date_gmt":"2025-02-20T22:37:00","guid":{"rendered":"http:\/\/olemosaic.com\/producto\/bol-de-coco-amarillo-toro\/"},"modified":"2025-07-25T19:57:10","modified_gmt":"2025-07-25T17:57:10","slug":"bol-de-coco-jaune-taureau","status":"publish","type":"product","link":"https:\/\/olemosaic.com\/fr\/produit\/bol-de-coco-jaune-taureau\/","title":{"rendered":"Bol de coco jaune. Taureau."},"content":{"rendered":"<p>Ce bol de coco jaune est une pi\u00e8ce d\u00e9corative essentielle qui \u00e9voque la riche tradition culturelle espagnole, mettant en avant un embl\u00e9matique taureau qui symbolise la force et l&rsquo;esprit de la p\u00e9ninsule ib\u00e9rique. \u00c9labor\u00e9 en c\u00e9ramique avec une finition artisanale, le bol pr\u00e9sente un fond marron vibrant qui fait magnifiquement ressortir le taureau jaune au centre, entour\u00e9 de c\u0153urs orang\u00e9s qui apportent chaleur et joie. Ce design attrayant en fait non seulement un ustensile id\u00e9al pour servir des ap\u00e9ritifs, mais il fonctionne \u00e9galement comme un \u00e9l\u00e9ment d\u00e9coratif qui captive l&rsquo;attention de tout visiteur.<\/p>\n<p>L&rsquo;utilisation du taureau comme motif principal fait r\u00e9f\u00e9rence \u00e0 l&rsquo;une des traditions les plus reconnaissables d&rsquo;Espagne, li\u00e9e aux corridas et \u00e0 la culture de l&rsquo;\u00e9levage ancr\u00e9e dans diverses r\u00e9gions, comme l&rsquo;Andalousie et la Catalogne. Chaque bol est un rappel de la passion vibrante et du folklore qui caract\u00e9risent la nation, offrant une connexion authentique avec ses traditions.<\/p>\n<p>Chez Ol\u00e9 Mosaic, nous sommes fiers de distribuer ce type de souvenirs culturels qui c\u00e9l\u00e8brent l&rsquo;authenticit\u00e9 espagnole. Ce bol de coco jaune est une excellente option pour les boutiques de cadeaux touristiques qui cherchent \u00e0 offrir \u00e0 leurs clients des souvenirs repr\u00e9sentatifs et de qualit\u00e9. En tant que distributeurs de souvenirs artisanaux, nous garantissons que chaque pi\u00e8ce poss\u00e8de un design unique qui enrichit toute collection de souvenirs d&rsquo;Espagne.<\/p>\n","protected":false},"excerpt":{"rendered":"<p>Bol de coco jaune d\u00e9cor\u00e9 d&rsquo;un embl\u00e9matique taureau espagnol, un design qui repr\u00e9sente la riche tradition culturelle du pays. Ce bol attrayant pr\u00e9sente un design vibrant avec un fond marron et un taureau jaune au centre, entour\u00e9 de c\u0153urs orang\u00e9s. Id\u00e9al pour servir des ap\u00e9ritifs ou comme \u00e9l\u00e9ment d\u00e9coratif, il allie fonctionnalit\u00e9 et art, et capture l&rsquo;essence du folklore espagnol dans chaque d\u00e9tail.<\/p>\n","protected":false},"featured_media":13468,"template":"","meta":{"_acf_changed":false},"product_brand":[],"product_cat":[521],"product_tag":[530],"class_list":{"0":"post-35120","1":"product","2":"type-product","3":"status-publish","4":"has-post-thumbnail","6":"product_cat-bols","7":"product_tag-animaux","8":"pa_motivo-taureaux","10":"first","11":"instock","12":"shipping-taxable","13":"product-type-simple"},"acf":[],"_links":{"self":[{"href":"https:\/\/olemosaic.com\/fr\/wp-json\/wp\/v2\/product\/35120","targetHints":{"allow":["GET"]}}],"collection":[{"href":"https:\/\/olemosaic.com\/fr\/wp-json\/wp\/v2\/product"}],"about":[{"href":"https:\/\/olemosaic.com\/fr\/wp-json\/wp\/v2\/types\/product"}],"wp:featuredmedia":[{"embeddable":true,"href":"https:\/\/olemosaic.com\/fr\/wp-json\/wp\/v2\/media\/13468"}],"wp:attachment":[{"href":"https:\/\/olemosaic.com\/fr\/wp-json\/wp\/v2\/media?parent=35120"}],"wp:term":[{"taxonomy":"product_brand","embeddable":true,"href":"https:\/\/olemosaic.com\/fr\/wp-json\/wp\/v2\/product_brand?post=35120"},{"taxonomy":"product_cat","embeddable":true,"href":"https:\/\/olemosaic.com\/fr\/wp-json\/wp\/v2\/product_cat?post=35120"},{"taxonomy":"product_tag","embeddable":true,"href":"https:\/\/olemosaic.com\/fr\/wp-json\/wp\/v2\/product_tag?post=35120"}],"curies":[{"name":"wp","href":"https:\/\/api.w.org\/{rel}","templated":true}]}}