{"id":35118,"date":"2025-02-20T23:37:00","date_gmt":"2025-02-20T22:37:00","guid":{"rendered":"http:\/\/olemosaic.com\/producto\/abridor-de-metal-toro-epoxy-4\/"},"modified":"2025-07-25T20:21:46","modified_gmt":"2025-07-25T18:21:46","slug":"decapsuleur-en-metal-taureau-epoxy-4","status":"publish","type":"product","link":"https:\/\/olemosaic.com\/fr\/produit\/decapsuleur-en-metal-taureau-epoxy-4\/","title":{"rendered":"D\u00e9capsuleur en m\u00e9tal. Taureau. Mosa\u00efque. \u00c9poxy."},"content":{"rendered":"<p>Ce d\u00e9capsuleur en m\u00e9tal d\u00e9cor\u00e9 de deux taureaux de style mosa\u00efque est une authentique repr\u00e9sentation de la riche culture espagnole, parfait pour ceux qui recherchent un souvenir percutant. Fabriqu\u00e9 en m\u00e9tal r\u00e9sistant et recouvert de r\u00e9sine \u00e9poxy, ce d\u00e9capsuleur se distingue par sa finition vibrante et durable qui en fait un objet fonctionnel et une petite \u0153uvre d&rsquo;art. Les taureaux, repr\u00e9sent\u00e9s dans des tons rouges, verts et bleus intenses et frappants, \u00e9voquent la tradition et la passion qui entourent ces animaux embl\u00e9matiques dans la culture espagnole, symbolisant la force et la fiert\u00e9.<\/p>\n<p>Le chef-d&rsquo;\u0153uvre artistique s&rsquo;inspire de l&rsquo;art de la mosa\u00efque, une technique ancestrale qui refl\u00e8te la richesse de l&rsquo;histoire et du folklore de l&rsquo;Espagne. Chaque d\u00e9tail des taureaux, de leurs courbes \u00e9l\u00e9gantes aux motifs complexes, a \u00e9t\u00e9 con\u00e7u avec m\u00e9ticulosit\u00e9 pour capturer l&rsquo;essence de l&rsquo;esprit espagnol. Ce d\u00e9capsuleur n&rsquo;est pas seulement un outil utile, mais aussi un souvenir unique qui connecte l&rsquo;utilisateur aux traditions et \u00e0 la culture vibrante de l&rsquo;Espagne.<\/p>\n<p>Chez Ol\u00e9 Mosaic, nous sommes sp\u00e9cialistes de la distribution de souvenirs en gros, offrant des produits authentiques et repr\u00e9sentatifs. Ce d\u00e9capsuleur de taureaux est une excellente option pour les boutiques de cadeaux touristiques recherchant des articles combinant fonctionnalit\u00e9 et expression culturelle, constituant un souvenir inoubliable qui ravira les visiteurs.<\/p>\n","protected":false},"excerpt":{"rendered":"<p>D\u00e9capsuleur en m\u00e9tal d\u00e9cor\u00e9 de deux taureaux de style mosa\u00efque, refl\u00e9tant la riche culture espagnole. Cet attrayant d\u00e9capsuleur est fabriqu\u00e9 en m\u00e9tal et recouvert de r\u00e9sine \u00e9poxy, ce qui lui conf\u00e8re une finition vibrante et durable. Les taureaux, repr\u00e9sent\u00e9s dans des tons intenses de rouge, vert et bleu, capturent l&rsquo;essence du folklore espagnol, en faisant un accessoire fonctionnel et frappant pour tout amateur de tradition.<\/p>\n","protected":false},"featured_media":8692,"template":"","meta":{"_acf_changed":false},"product_brand":[],"product_cat":[779],"product_tag":[530],"class_list":{"0":"post-35118","1":"product","2":"type-product","3":"status-publish","4":"has-post-thumbnail","6":"product_cat-decapsuleurs","7":"product_tag-animaux","8":"pa_motivo-taureaux","10":"first","11":"instock","12":"shipping-taxable","13":"product-type-simple"},"acf":[],"_links":{"self":[{"href":"https:\/\/olemosaic.com\/fr\/wp-json\/wp\/v2\/product\/35118","targetHints":{"allow":["GET"]}}],"collection":[{"href":"https:\/\/olemosaic.com\/fr\/wp-json\/wp\/v2\/product"}],"about":[{"href":"https:\/\/olemosaic.com\/fr\/wp-json\/wp\/v2\/types\/product"}],"wp:featuredmedia":[{"embeddable":true,"href":"https:\/\/olemosaic.com\/fr\/wp-json\/wp\/v2\/media\/8692"}],"wp:attachment":[{"href":"https:\/\/olemosaic.com\/fr\/wp-json\/wp\/v2\/media?parent=35118"}],"wp:term":[{"taxonomy":"product_brand","embeddable":true,"href":"https:\/\/olemosaic.com\/fr\/wp-json\/wp\/v2\/product_brand?post=35118"},{"taxonomy":"product_cat","embeddable":true,"href":"https:\/\/olemosaic.com\/fr\/wp-json\/wp\/v2\/product_cat?post=35118"},{"taxonomy":"product_tag","embeddable":true,"href":"https:\/\/olemosaic.com\/fr\/wp-json\/wp\/v2\/product_tag?post=35118"}],"curies":[{"name":"wp","href":"https:\/\/api.w.org\/{rel}","templated":true}]}}