{"id":35117,"date":"2025-02-20T23:36:59","date_gmt":"2025-02-20T22:36:59","guid":{"rendered":"http:\/\/olemosaic.com\/producto\/vaso-de-chupito-de-ceramica-salamandra-mallorca-beige\/"},"modified":"2025-07-25T19:53:09","modified_gmt":"2025-07-25T17:53:09","slug":"verre-a-shot-en-ceramique-salamandre-majorque-beige","status":"publish","type":"product","link":"https:\/\/olemosaic.com\/fr\/produit\/verre-a-shot-en-ceramique-salamandre-majorque-beige\/","title":{"rendered":"Verre \u00e0 shot en c\u00e9ramique. Salamandre. Majorque. Beige."},"content":{"rendered":"<p>Ce verre \u00e0 shot en c\u00e9ramique d\u00e9cor\u00e9 de salamandres color\u00e9es est un authentique symbole de l&rsquo;essence de Majorque. Disponible en six couleurs vibrantes, ce verre attrayant a \u00e9t\u00e9 con\u00e7u avec un artisanat m\u00e9ticuleux qui inclut un magnifique motif de salamandres et de fleurs peint \u00e0 la main sur un fond beige, cr\u00e9ant une pi\u00e8ce unique et captivante. Chaque verre se distingue par son bord sup\u00e9rieur, avec une finition noire \u00e9l\u00e9gante qui ajoute un contraste subtil, rehaussant son attrait visuel. La texture douce de la c\u00e9ramique, associ\u00e9e \u00e0 la richesse des couleurs, rend chaque verre parfait aussi bien pour servir des shots que pour \u00eatre collectionn\u00e9. Les salamandres, repr\u00e9sentatives de la faune typique de l&rsquo;\u00eele, symbolisent la biodiversit\u00e9 et l&rsquo;environnement naturel de Majorque. Ce verre \u00e0 shot n&rsquo;est pas seulement un article fonctionnel, mais aussi un souvenir culturel qui encapsule la beaut\u00e9 et l&rsquo;histoire de cette r\u00e9gion m\u00e9diterran\u00e9enne. Chez Ol\u00e9 Mosaic, nous nous consacrons \u00e0 la distribution de souvenirs en gros, et ce verre est une excellente option pour les boutiques de cadeaux touristiques \u00e0 la recherche de produits authentiques. C&rsquo;est sans aucun doute un choix id\u00e9al pour les touristes souhaitant emporter un morceau de Majorque chez eux.<\/p>\n","protected":false},"excerpt":{"rendered":"<p>Verre \u00e0 shot en c\u00e9ramique d\u00e9cor\u00e9 de salamandres color\u00e9es, reflet de l&rsquo;essence de Majorque. Ce verre attrayant, disponible en six couleurs vibrantes, pr\u00e9sente un design artisanal, peint \u00e0 la main, avec des salamandres et des fleurs sur un fond beige. Le bord sup\u00e9rieur est rehauss\u00e9 d&rsquo;une finition noire, et chaque verre se distingue par sa texture et sa couleur, rendant hommage \u00e0 la faune typique de l&rsquo;\u00eele. Parfait pour collectionner ou comme souvenir d&rsquo;un voyage \u00e0 Majorque.<\/p>\n","protected":false},"featured_media":7025,"template":"","meta":{"_acf_changed":false},"product_brand":[],"product_cat":[814],"product_tag":[530,585],"class_list":{"0":"post-35117","1":"product","2":"type-product","3":"status-publish","4":"has-post-thumbnail","6":"product_cat-verres-a-shot","7":"product_tag-animaux","8":"product_tag-ceramique","9":"pa_ciudad-mallorca","10":"pa_motivo-salamandres","11":"pa_pais-espana","13":"first","14":"instock","15":"shipping-taxable","16":"product-type-simple"},"acf":[],"_links":{"self":[{"href":"https:\/\/olemosaic.com\/fr\/wp-json\/wp\/v2\/product\/35117","targetHints":{"allow":["GET"]}}],"collection":[{"href":"https:\/\/olemosaic.com\/fr\/wp-json\/wp\/v2\/product"}],"about":[{"href":"https:\/\/olemosaic.com\/fr\/wp-json\/wp\/v2\/types\/product"}],"wp:featuredmedia":[{"embeddable":true,"href":"https:\/\/olemosaic.com\/fr\/wp-json\/wp\/v2\/media\/7025"}],"wp:attachment":[{"href":"https:\/\/olemosaic.com\/fr\/wp-json\/wp\/v2\/media?parent=35117"}],"wp:term":[{"taxonomy":"product_brand","embeddable":true,"href":"https:\/\/olemosaic.com\/fr\/wp-json\/wp\/v2\/product_brand?post=35117"},{"taxonomy":"product_cat","embeddable":true,"href":"https:\/\/olemosaic.com\/fr\/wp-json\/wp\/v2\/product_cat?post=35117"},{"taxonomy":"product_tag","embeddable":true,"href":"https:\/\/olemosaic.com\/fr\/wp-json\/wp\/v2\/product_tag?post=35117"}],"curies":[{"name":"wp","href":"https:\/\/api.w.org\/{rel}","templated":true}]}}