{"id":35116,"date":"2025-02-20T22:36:59","date_gmt":"2025-02-20T22:36:59","guid":{"rendered":"http:\/\/olemosaic.com\/producto\/vaso-de-chupito-de-ceramica-ronda-blanco\/"},"modified":"2025-07-25T19:19:08","modified_gmt":"2025-07-25T17:19:08","slug":"verre-a-shot-en-ceramique-ronda-blanc","status":"publish","type":"product","link":"https:\/\/olemosaic.com\/fr\/produit\/verre-a-shot-en-ceramique-ronda-blanc\/","title":{"rendered":"Verre \u00e0 shot en c\u00e9ramique. Ronda. Blanc."},"content":{"rendered":"<p>Verre \u00e0 shot en c\u00e9ramique de Ronda<\/p>\n<p>Cet impressionnant verre \u00e0 shot en c\u00e9ramique blanche, avec son design vibrant, est un authentique ambassadeur de l&rsquo;esprit andalou. Il rend hommage au riche h\u00e9ritage culturel de Ronda, mettant en avant des \u00e9l\u00e9ments embl\u00e9matiques de cette ville historique. C&rsquo;est un souvenir parfait qui \u00e9voque la beaut\u00e9 et la tradition de cette destination touristique. Sa mosa\u00efque illustre avec sophistication les c\u00e9l\u00e8bres ar\u00e8nes, symbole de l&rsquo;art taurin, ainsi que l&rsquo;architecture distinctive de Ronda : ses ponts embl\u00e9matiques et ses ruelles pav\u00e9es. Le tout avec une palette de couleurs vives incluant des rouges, des verts et des bleus.<\/p>\n<p>Le verre arbore \u00e9galement l&rsquo;inscription \u00ab\u00a0Ronda\u00a0\u00bb dans une couleur frappante, garantissant que ce souvenir serve non seulement de bel objet d\u00e9coratif, mais aussi de souvenir repr\u00e9sentatif d&rsquo;une exp\u00e9rience unique en Andalousie. C&rsquo;est une excellente option pour les touristes \u00e0 la recherche d&rsquo;un article authentique et culturellement significatif, parfait pour emporter un morceau de Ronda chez soi. Chez Ol\u00e9 Mosaic, nous sommes fiers d&rsquo;\u00eatre des distributeurs en gros de souvenirs en c\u00e9ramique, garantissant la qualit\u00e9 et l&rsquo;authenticit\u00e9 que nos clients appr\u00e9cient dans chaque pi\u00e8ce. Ce verre est le choix parfait pour les boutiques de cadeaux touristiques souhaitant proposer des produits qui refl\u00e8tent la culture et la tradition espagnole.<\/p>\n","protected":false},"excerpt":{"rendered":"<p>Verre \u00e0 shot en c\u00e9ramique blanche, d\u00e9cor\u00e9 d&rsquo;un design vibrant repr\u00e9sentant des \u00e9l\u00e9ments embl\u00e9matiques de Ronda. Cet article pr\u00e9sente une illustration en technique de mosa\u00efque, montrant les c\u00e9l\u00e8bres ar\u00e8nes et l&rsquo;architecture caract\u00e9ristique de la ville, avec des d\u00e9tails aux couleurs vives comme le rouge, le vert et le bleu. De plus, on peut appr\u00e9cier le nom \u00ab\u00a0Ronda\u00a0\u00bb dans une couleur frappante sur l&rsquo;un des c\u00f4t\u00e9s, cr\u00e9ant un souvenir id\u00e9al qui \u00e9voque l&rsquo;esprit andalou.<\/p>\n","protected":false},"featured_media":9982,"template":"","meta":{"_acf_changed":false},"product_brand":[],"product_cat":[814],"product_tag":[530,585],"class_list":{"0":"post-35116","1":"product","2":"type-product","3":"status-publish","4":"has-post-thumbnail","6":"product_cat-verres-a-shot","7":"product_tag-animaux","8":"product_tag-ceramique","9":"pa_ciudad-ronda","10":"pa_pais-espana","12":"first","13":"instock","14":"shipping-taxable","15":"product-type-simple"},"acf":[],"_links":{"self":[{"href":"https:\/\/olemosaic.com\/fr\/wp-json\/wp\/v2\/product\/35116","targetHints":{"allow":["GET"]}}],"collection":[{"href":"https:\/\/olemosaic.com\/fr\/wp-json\/wp\/v2\/product"}],"about":[{"href":"https:\/\/olemosaic.com\/fr\/wp-json\/wp\/v2\/types\/product"}],"wp:featuredmedia":[{"embeddable":true,"href":"https:\/\/olemosaic.com\/fr\/wp-json\/wp\/v2\/media\/9982"}],"wp:attachment":[{"href":"https:\/\/olemosaic.com\/fr\/wp-json\/wp\/v2\/media?parent=35116"}],"wp:term":[{"taxonomy":"product_brand","embeddable":true,"href":"https:\/\/olemosaic.com\/fr\/wp-json\/wp\/v2\/product_brand?post=35116"},{"taxonomy":"product_cat","embeddable":true,"href":"https:\/\/olemosaic.com\/fr\/wp-json\/wp\/v2\/product_cat?post=35116"},{"taxonomy":"product_tag","embeddable":true,"href":"https:\/\/olemosaic.com\/fr\/wp-json\/wp\/v2\/product_tag?post=35116"}],"curies":[{"name":"wp","href":"https:\/\/api.w.org\/{rel}","templated":true}]}}