{"id":35115,"date":"2025-02-20T22:36:59","date_gmt":"2025-02-20T22:36:59","guid":{"rendered":"http:\/\/olemosaic.com\/producto\/taza-de-ceramica-punt-de-trobada-beige\/"},"modified":"2025-07-25T18:53:29","modified_gmt":"2025-07-25T16:53:29","slug":"mug-en-ceramique-punt-de-trobada-beige","status":"publish","type":"product","link":"https:\/\/olemosaic.com\/fr\/produit\/mug-en-ceramique-punt-de-trobada-beige\/","title":{"rendered":"Mug en c\u00e9ramique. Punt de trobada. Beige."},"content":{"rendered":"<p>Mug en c\u00e9ramique d\u00e9cor\u00e9 d&rsquo;un motif de mosa\u00efque color\u00e9 qui capture l&rsquo;essence vibrante de l&rsquo;art r\u00e9gional. Sur une base beige qui sert de toile aux rouges, bleus, verts et noirs intenses, ce mug se distingue non seulement par sa fonctionnalit\u00e9, mais aussi comme un objet d&rsquo;art. Les formes abstraites et les d\u00e9tails distinctifs qui ornent l&rsquo;ext\u00e9rieur lui donnent une touche contemporaine, inspir\u00e9e par la riche tradition artistique des zones m\u00e9diterran\u00e9ennes, o\u00f9 la mosa\u00efque est une forme d&rsquo;expression culturelle depuis des si\u00e8cles.<\/p>\n<p>Ce mug comprend une cuill\u00e8re rouge pratique qui, en plus d&rsquo;ajouter un \u00e9l\u00e9ment de commodit\u00e9, compl\u00e8te le design color\u00e9, faisant de chaque moment de d\u00e9gustation une exp\u00e9rience visuelle et sensorielle. Id\u00e9al pour ceux qui recherchent des souvenirs authentiques et repr\u00e9sentatifs, ce mug est parfait pour savourer un caf\u00e9 ou un th\u00e9, et devient \u00e9galement un \u00e9l\u00e9ment d\u00e9coratif qui ravive les traditions de l&rsquo;art local.<\/p>\n<p>En tant que distributeurs de souvenirs en gros chez Ol\u00e9 Mosaic, nous proposons ce mug en c\u00e9ramique comme une option id\u00e9ale pour les boutiques de cadeaux touristiques souhaitant offrir \u00e0 leurs clients un morceau de culture et de cr\u00e9ativit\u00e9 r\u00e9gionale. C&rsquo;est un excellent cadeau qui transcende le fonctionnel, offrant un souvenir authentique qui \u00e9voque la richesse artistique de leur voyage.<\/p>\n","protected":false},"excerpt":{"rendered":"<p>Mug en c\u00e9ramique d\u00e9cor\u00e9 d&rsquo;un design de mosa\u00efque color\u00e9 inspir\u00e9 par la cr\u00e9ativit\u00e9 et l&rsquo;art de la r\u00e9gion. Ce mod\u00e8le pr\u00e9sente une base beige qui met en valeur les couleurs vibrantes rouge, bleu, vert et noir du motif, compl\u00e9t\u00e9e par des formes abstraites et des d\u00e9tails distinctifs. Avec une cuill\u00e8re rouge pratique int\u00e9gr\u00e9e, ce mug est id\u00e9al pour savourer vos boissons pr\u00e9f\u00e9r\u00e9es, ajoutant une touche artistique et culturelle \u00e0 chaque gorg\u00e9e.<\/p>\n","protected":false},"featured_media":10032,"template":"","meta":{"_acf_changed":false},"product_brand":[],"product_cat":[822],"product_tag":[585],"class_list":{"0":"post-35115","1":"product","2":"type-product","3":"status-publish","4":"has-post-thumbnail","6":"product_cat-mugs-fr","7":"product_tag-ceramique","8":"pa_motivo-punt-de-trobada","10":"first","11":"instock","12":"shipping-taxable","13":"product-type-simple"},"acf":[],"_links":{"self":[{"href":"https:\/\/olemosaic.com\/fr\/wp-json\/wp\/v2\/product\/35115","targetHints":{"allow":["GET"]}}],"collection":[{"href":"https:\/\/olemosaic.com\/fr\/wp-json\/wp\/v2\/product"}],"about":[{"href":"https:\/\/olemosaic.com\/fr\/wp-json\/wp\/v2\/types\/product"}],"wp:featuredmedia":[{"embeddable":true,"href":"https:\/\/olemosaic.com\/fr\/wp-json\/wp\/v2\/media\/10032"}],"wp:attachment":[{"href":"https:\/\/olemosaic.com\/fr\/wp-json\/wp\/v2\/media?parent=35115"}],"wp:term":[{"taxonomy":"product_brand","embeddable":true,"href":"https:\/\/olemosaic.com\/fr\/wp-json\/wp\/v2\/product_brand?post=35115"},{"taxonomy":"product_cat","embeddable":true,"href":"https:\/\/olemosaic.com\/fr\/wp-json\/wp\/v2\/product_cat?post=35115"},{"taxonomy":"product_tag","embeddable":true,"href":"https:\/\/olemosaic.com\/fr\/wp-json\/wp\/v2\/product_tag?post=35115"}],"curies":[{"name":"wp","href":"https:\/\/api.w.org\/{rel}","templated":true}]}}