{"id":35114,"date":"2025-02-20T23:36:59","date_gmt":"2025-02-20T22:36:59","guid":{"rendered":"http:\/\/olemosaic.com\/producto\/taza-de-ceramica-bailaora-madrid-beige-2\/"},"modified":"2025-07-25T18:37:51","modified_gmt":"2025-07-25T16:37:51","slug":"mug-en-ceramique-danseuse-flamenco-madrid-beige-2-fr","status":"publish","type":"product","link":"https:\/\/olemosaic.com\/fr\/produit\/mug-en-ceramique-danseuse-flamenco-madrid-beige-2-fr\/","title":{"rendered":"Mug en c\u00e9ramique. Danseuse de flamenco. Fleurs rouges. Madrid. Beige."},"content":{"rendered":"<p>Mug en c\u00e9ramique d\u00e9cor\u00e9 de la figure d&rsquo;une danseuse de flamenco qui capture l&rsquo;essence vibrante de Madrid. Ce charmant design dans les tons beige pr\u00e9sente la danseuse dans un costume color\u00e9 orn\u00e9, entour\u00e9e de fleurs rouges, repr\u00e9sentant la passion du flamenco et la joie de la culture madril\u00e8ne. Le mot \u00ab MADRID \u00bb appara\u00eet en lettres frappantes, soulignant son origine et faisant de ce mug un souvenir parfait pour ceux qui cherchent \u00e0 emporter un morceau de la capitale espagnole. Le mug, fabriqu\u00e9 en c\u00e9ramique de haute qualit\u00e9, comprend une cuill\u00e8re de la m\u00eame couleur que l&rsquo;anse, un d\u00e9tail fonctionnel et esth\u00e9tique qui compl\u00e8te son attrait visuel. Id\u00e9al aussi bien pour savourer un caf\u00e9 \u00e0 la maison que pour \u00eatre expos\u00e9 comme souvenir culturel, ce mug est une authentique repr\u00e9sentation de l&rsquo;art et de la tradition flamenca qui caract\u00e9rise Madrid. Chez Ol\u00e9 Mosaic, nous nous sp\u00e9cialisons dans la distribution de souvenirs en c\u00e9ramique en gros, garantissant que chaque pi\u00e8ce b\u00e9n\u00e9ficie du design et de l&rsquo;artisanat que nos clients des boutiques de cadeaux touristiques recherchent. Ce mug de danseuse est une excellente option pour attirer les touristes qui souhaitent un souvenir significatif de leur visite \u00e0 Madrid, augmentant ainsi la valeur culturelle de votre offre.<\/p>\n","protected":false},"excerpt":{"rendered":"<p>Mug en c\u00e9ramique d\u00e9cor\u00e9 de la figure d&rsquo;une danseuse de flamenco, incarnant l&rsquo;esprit vibrant de Madrid. Ce design attrayant dans les tons beige pr\u00e9sente la danseuse v\u00eatue d&rsquo;un costume color\u00e9 orn\u00e9 de fleurs rouges, avec le mot \u00ab\u00a0MADRID\u00a0\u00bb en lettres frappantes au-dessus d&rsquo;elle. Le mug comprend une cuill\u00e8re de la m\u00eame couleur que l&rsquo;anse, un d\u00e9tail fonctionnel et esth\u00e9tique. Id\u00e9al pour savourer un caf\u00e9 ou comme souvenir de la culture madril\u00e8ne.<\/p>\n","protected":false},"featured_media":6907,"template":"","meta":{"_acf_changed":false},"product_brand":[],"product_cat":[822],"product_tag":[585],"class_list":{"0":"post-35114","1":"product","2":"type-product","3":"status-publish","4":"has-post-thumbnail","6":"product_cat-mugs-fr","7":"product_tag-ceramique","8":"pa_ciudad-madrid","9":"pa_motivo-danseurs","10":"pa_pais-espana","12":"first","13":"instock","14":"shipping-taxable","15":"product-type-simple"},"acf":[],"_links":{"self":[{"href":"https:\/\/olemosaic.com\/fr\/wp-json\/wp\/v2\/product\/35114","targetHints":{"allow":["GET"]}}],"collection":[{"href":"https:\/\/olemosaic.com\/fr\/wp-json\/wp\/v2\/product"}],"about":[{"href":"https:\/\/olemosaic.com\/fr\/wp-json\/wp\/v2\/types\/product"}],"wp:featuredmedia":[{"embeddable":true,"href":"https:\/\/olemosaic.com\/fr\/wp-json\/wp\/v2\/media\/6907"}],"wp:attachment":[{"href":"https:\/\/olemosaic.com\/fr\/wp-json\/wp\/v2\/media?parent=35114"}],"wp:term":[{"taxonomy":"product_brand","embeddable":true,"href":"https:\/\/olemosaic.com\/fr\/wp-json\/wp\/v2\/product_brand?post=35114"},{"taxonomy":"product_cat","embeddable":true,"href":"https:\/\/olemosaic.com\/fr\/wp-json\/wp\/v2\/product_cat?post=35114"},{"taxonomy":"product_tag","embeddable":true,"href":"https:\/\/olemosaic.com\/fr\/wp-json\/wp\/v2\/product_tag?post=35114"}],"curies":[{"name":"wp","href":"https:\/\/api.w.org\/{rel}","templated":true}]}}