{"id":35093,"date":"2025-02-20T22:36:59","date_gmt":"2025-02-20T22:36:59","guid":{"rendered":"http:\/\/olemosaic.com\/producto\/mug-de-ceramica-zaragoza-blanco-95-cm\/"},"modified":"2025-07-25T19:28:59","modified_gmt":"2025-07-25T17:28:59","slug":"mug-en-ceramique-saragosse-blanc-9-5-cm","status":"publish","type":"product","link":"https:\/\/olemosaic.com\/fr\/produit\/mug-en-ceramique-saragosse-blanc-9-5-cm\/","title":{"rendered":"Mug en c\u00e9ramique. Saragosse. Blanc. 9,5 cm."},"content":{"rendered":"<p>Tasse en c\u00e9ramique d\u00e9cor\u00e9e de l&#8217;embl\u00e9matique Basilique du Pilier de Saragosse. Ce mug de 9,5 cm de haut se distingue par son fond blanc lumineux, qui contraste merveilleusement avec les d\u00e9tails vibrants ornant sa surface. Le design inclut la figure centrale de la Vierge du Pilier, avec un manteau rouge resplendissant, entour\u00e9e des structures architecturales de la basilique, le tout repr\u00e9sent\u00e9 par une technique \u00e9voquant l&rsquo;art du trencad\u00eds. La combinaison de couleurs intenses et l&rsquo;illustration soign\u00e9e font de cette tasse un souvenir exceptionnel qui capture l&rsquo;essence de la culture de Saragosse.<\/p>\n<p>Ce produit n&rsquo;est pas seulement fonctionnel, mais un v\u00e9ritable hommage \u00e0 la tradition et \u00e0 la d\u00e9votion entourant la Vierge du Pilier, patronne de la ville. La tasse est id\u00e9ale pour ceux qui recherchent un souvenir significatif de leur visite \u00e0 Saragosse, refl\u00e9tant la chaleur et l&rsquo;hospitalit\u00e9 de ses habitants. Chez Ol\u00e9 Mosaic, nous sommes fiers de proposer des souvenirs authentiques qui repr\u00e9sentent le riche h\u00e9ritage culturel espagnol. Cette tasse en c\u00e9ramique est un cadeau parfait pour les touristes, ainsi qu&rsquo;une magnifique option pour les boutiques de souvenirs touristiques souhaitant ajouter \u00e0 leur offre un produit de grande qualit\u00e9 et de pertinence culturelle. Avec notre distribution de souvenirs, nous garantissons que chaque pi\u00e8ce raconte une histoire unique, tout en pr\u00e9servant l&rsquo;authenticit\u00e9 de la tradition locale.<\/p>\n","protected":false},"excerpt":{"rendered":"<p>Tasse en c\u00e9ramique de 9,5 cm de hauteur, d\u00e9cor\u00e9e d&rsquo;un design vibrant repr\u00e9sentant la Basilique du Pilier de Saragosse. Cette tasse blanche se distingue par son fond blanc aux d\u00e9tails color\u00e9s, incluant la figure de la Vierge du Pilier et l&rsquo;utilisation de mosa\u00efques \u00e9voquant l&rsquo;art du trencad\u00eds. La combinaison de couleurs vives et la technique d&rsquo;illustration font de ce produit un souvenir unique et repr\u00e9sentatif de la culture de Saragosse.<\/p>\n","protected":false},"featured_media":9461,"template":"","meta":{"_acf_changed":false},"product_brand":[],"product_cat":[728],"product_tag":[585],"class_list":{"0":"post-35093","1":"product","2":"type-product","3":"status-publish","4":"has-post-thumbnail","6":"product_cat-mugs","7":"product_tag-ceramique","8":"pa_ciudad-zaragoza","9":"pa_pais-espana","11":"first","12":"instock","13":"shipping-taxable","14":"product-type-simple"},"acf":[],"_links":{"self":[{"href":"https:\/\/olemosaic.com\/fr\/wp-json\/wp\/v2\/product\/35093","targetHints":{"allow":["GET"]}}],"collection":[{"href":"https:\/\/olemosaic.com\/fr\/wp-json\/wp\/v2\/product"}],"about":[{"href":"https:\/\/olemosaic.com\/fr\/wp-json\/wp\/v2\/types\/product"}],"wp:featuredmedia":[{"embeddable":true,"href":"https:\/\/olemosaic.com\/fr\/wp-json\/wp\/v2\/media\/9461"}],"wp:attachment":[{"href":"https:\/\/olemosaic.com\/fr\/wp-json\/wp\/v2\/media?parent=35093"}],"wp:term":[{"taxonomy":"product_brand","embeddable":true,"href":"https:\/\/olemosaic.com\/fr\/wp-json\/wp\/v2\/product_brand?post=35093"},{"taxonomy":"product_cat","embeddable":true,"href":"https:\/\/olemosaic.com\/fr\/wp-json\/wp\/v2\/product_cat?post=35093"},{"taxonomy":"product_tag","embeddable":true,"href":"https:\/\/olemosaic.com\/fr\/wp-json\/wp\/v2\/product_tag?post=35093"}],"curies":[{"name":"wp","href":"https:\/\/api.w.org\/{rel}","templated":true}]}}