{"id":35091,"date":"2025-02-20T22:36:58","date_gmt":"2025-02-20T22:36:58","guid":{"rendered":"http:\/\/olemosaic.com\/producto\/tapon-de-ceramica-barcelona-blanco\/"},"modified":"2025-07-25T18:58:04","modified_gmt":"2025-07-25T16:58:04","slug":"bouchon-en-ceramique-barcelone-blanc","status":"publish","type":"product","link":"https:\/\/olemosaic.com\/fr\/produit\/bouchon-en-ceramique-barcelone-blanc\/","title":{"rendered":"Bouchon en c\u00e9ramique. Barcelone. Blanc."},"content":{"rendered":"<p>Bouchon en c\u00e9ramique d\u00e9cor\u00e9 d&rsquo;une illustration vibrante de Barcelone. Ce charmant bouchon est un v\u00e9ritable hommage \u00e0 la richesse culturelle et architecturale de la cit\u00e9 comtale. Avec un design color\u00e9 incluant les b\u00e2timents modernistes embl\u00e9matiques, tels que la Sagrada Familia, ce produit souligne les caract\u00e9ristiques architecturales les plus distinctives de Barcelone, devenant un excellent souvenir repr\u00e9sentatif. La base en c\u00e9ramique, sur un fond blanc, encadre avec \u00e9l\u00e9gance les couleurs vives du design, cr\u00e9ant un contraste visuel attrayant qui capte l&rsquo;attention et \u00e9voque la beaut\u00e9 de Barcelone.<\/p>\n<p>En plus d&rsquo;\u00eatre une pi\u00e8ce d\u00e9corative, le bouchon est fonctionnel gr\u00e2ce \u00e0 sa base en li\u00e8ge qui assure une fermeture parfaite des bouteilles, ce qui en fait un cadeau pratique pour ceux qui souhaitent ramener un petit morceau de la ville chez eux. Ce souvenir est id\u00e9al pour les touristes \u00e0 la recherche d&rsquo;un souvenir authentique repr\u00e9sentant l&rsquo;essence de Barcelone. Chez Ol\u00e9 Mosaic, en tant que distributeurs de souvenirs, nous proposons des produits de qualit\u00e9 qui refl\u00e8tent la culture et l&rsquo;art locaux. Ce bouchon en c\u00e9ramique est un choix parfait pour les boutiques de souvenirs touristiques souhaitant offrir des articles uniques et significatifs \u00e0 leurs clients.<\/p>\n","protected":false},"excerpt":{"rendered":"<p>Bouchon en c\u00e9ramique d\u00e9cor\u00e9 d&rsquo;une illustration vibrante de Barcelone. Ce charmant bouchon pr\u00e9sente un design color\u00e9 incluant les b\u00e2timents modernistes embl\u00e9matiques de la ville, comme la Sagrada Familia, mettant en valeur ses caract\u00e9ristiques architecturales. Le fond blanc encadre les couleurs vives du design, cr\u00e9ant un contraste attrayant. Sa base en li\u00e8ge assure une fermeture parfaite, en faisant un souvenir fonctionnel qui capture l&rsquo;essence culturelle de Barcelone.<\/p>\n","protected":false},"featured_media":9513,"template":"","meta":{"_acf_changed":false},"product_brand":[],"product_cat":[825],"product_tag":[585],"class_list":{"0":"post-35091","1":"product","2":"type-product","3":"status-publish","4":"has-post-thumbnail","6":"product_cat-bouchons","7":"product_tag-ceramique","8":"pa_ciudad-barcelona","9":"pa_pais-espana","11":"first","12":"instock","13":"shipping-taxable","14":"product-type-simple"},"acf":[],"_links":{"self":[{"href":"https:\/\/olemosaic.com\/fr\/wp-json\/wp\/v2\/product\/35091","targetHints":{"allow":["GET"]}}],"collection":[{"href":"https:\/\/olemosaic.com\/fr\/wp-json\/wp\/v2\/product"}],"about":[{"href":"https:\/\/olemosaic.com\/fr\/wp-json\/wp\/v2\/types\/product"}],"wp:featuredmedia":[{"embeddable":true,"href":"https:\/\/olemosaic.com\/fr\/wp-json\/wp\/v2\/media\/9513"}],"wp:attachment":[{"href":"https:\/\/olemosaic.com\/fr\/wp-json\/wp\/v2\/media?parent=35091"}],"wp:term":[{"taxonomy":"product_brand","embeddable":true,"href":"https:\/\/olemosaic.com\/fr\/wp-json\/wp\/v2\/product_brand?post=35091"},{"taxonomy":"product_cat","embeddable":true,"href":"https:\/\/olemosaic.com\/fr\/wp-json\/wp\/v2\/product_cat?post=35091"},{"taxonomy":"product_tag","embeddable":true,"href":"https:\/\/olemosaic.com\/fr\/wp-json\/wp\/v2\/product_tag?post=35091"}],"curies":[{"name":"wp","href":"https:\/\/api.w.org\/{rel}","templated":true}]}}