{"id":35090,"date":"2025-02-20T23:36:58","date_gmt":"2025-02-20T22:36:58","guid":{"rendered":"http:\/\/olemosaic.com\/producto\/tapon-de-ceramica-punt-de-trobada-beige\/"},"modified":"2025-07-25T20:02:30","modified_gmt":"2025-07-25T18:02:30","slug":"bouchon-en-ceramique-punt-de-trobada-beige","status":"publish","type":"product","link":"https:\/\/olemosaic.com\/fr\/produit\/bouchon-en-ceramique-punt-de-trobada-beige\/","title":{"rendered":"Bouchon en c\u00e9ramique. Punt de trobada. Beige."},"content":{"rendered":"<p>Bouchon en c\u00e9ramique d\u00e9cor\u00e9 d&rsquo;un design abstrait vibrant, inspir\u00e9 de l&rsquo;\u0153uvre d&rsquo;artistes contemporains. Ce bouchon attrayant, de couleur beige avec des d\u00e9tails vert clair, se distingue par sa technique de c\u00e9ramique \u00e0 effet peint \u00e0 la main, qui d\u00e9ploie une riche palette de couleurs, incluant des tons de bleu, rouge et jaune. La surface du bouchon pr\u00e9sente des formes artistiques et des traits qui \u00e9voquent la cr\u00e9ativit\u00e9 des avant-gardes artistiques, capturant un air contemporain qui contraste avec la tradition de la c\u00e9ramique espagnole.<\/p>\n<p>Id\u00e9al pour boucher les bouteilles de vin, ce bouchon remplit non seulement une fonction pratique, mais ajoute \u00e9galement une touche artistique et moderne \u00e0 n&rsquo;importe quelle table, devenant un \u00e9l\u00e9gant souvenir de la culture espagnole. Son design, bas\u00e9 sur le style des \u0153uvres les plus embl\u00e9matiques d&rsquo;artistes, en fait un objet de conversation parfait pour ceux qui appr\u00e9cient la fusion de l&rsquo;art et de la fonctionnalit\u00e9.<\/p>\n<p>Chez Ol\u00e9 Mosaic, nous nous sp\u00e9cialisons dans la distribution de souvenirs en gros et ce bouchon en c\u00e9ramique est un exemple parfait de produits alliant authenticit\u00e9 et pertinence culturelle. Parfait pour les boutiques de souvenirs touristiques, ce bouchon en c\u00e9ramique repr\u00e9sente \u00e9galement une excellente option pour les touristes \u00e0 la recherche d&rsquo;un souvenir unique et m\u00e9morable de leur visite en Espagne. Avec son style distinctif, ce bouchon en c\u00e9ramique s&rsquo;ajoute \u00e0 notre offre en tant que grossistes de souvenirs artisanaux, apportant une touche d&rsquo;\u00e9l\u00e9gance et d&rsquo;art \u00e0 toute collection.<\/p>\n","protected":false},"excerpt":{"rendered":"<p>Bouchon en c\u00e9ramique d\u00e9cor\u00e9 d&rsquo;un design abstrait vibrant, inspir\u00e9 de l&rsquo;\u0153uvre d&rsquo;artistes contemporains. Ce bouchon attrayant, de couleur beige avec des d\u00e9tails vert clair, se distingue par sa technique de c\u00e9ramique au design artisanal, peint \u00e0 la main, affichant une riche palette de couleurs comme le bleu, le rouge et le jaune. Id\u00e9al pour boucher les bouteilles de vin, il apporte une touche artistique \u00e0 n&rsquo;importe quelle table, devenant un \u00e9l\u00e9gant souvenir de la culture espagnole.<\/p>\n","protected":false},"featured_media":10042,"template":"","meta":{"_acf_changed":false},"product_brand":[],"product_cat":[825],"product_tag":[585],"class_list":{"0":"post-35090","1":"product","2":"type-product","3":"status-publish","4":"has-post-thumbnail","6":"product_cat-bouchons","7":"product_tag-ceramique","8":"pa_motivo-punt-de-trobada","10":"first","11":"instock","12":"shipping-taxable","13":"product-type-simple"},"acf":[],"_links":{"self":[{"href":"https:\/\/olemosaic.com\/fr\/wp-json\/wp\/v2\/product\/35090","targetHints":{"allow":["GET"]}}],"collection":[{"href":"https:\/\/olemosaic.com\/fr\/wp-json\/wp\/v2\/product"}],"about":[{"href":"https:\/\/olemosaic.com\/fr\/wp-json\/wp\/v2\/types\/product"}],"wp:featuredmedia":[{"embeddable":true,"href":"https:\/\/olemosaic.com\/fr\/wp-json\/wp\/v2\/media\/10042"}],"wp:attachment":[{"href":"https:\/\/olemosaic.com\/fr\/wp-json\/wp\/v2\/media?parent=35090"}],"wp:term":[{"taxonomy":"product_brand","embeddable":true,"href":"https:\/\/olemosaic.com\/fr\/wp-json\/wp\/v2\/product_brand?post=35090"},{"taxonomy":"product_cat","embeddable":true,"href":"https:\/\/olemosaic.com\/fr\/wp-json\/wp\/v2\/product_cat?post=35090"},{"taxonomy":"product_tag","embeddable":true,"href":"https:\/\/olemosaic.com\/fr\/wp-json\/wp\/v2\/product_tag?post=35090"}],"curies":[{"name":"wp","href":"https:\/\/api.w.org\/{rel}","templated":true}]}}