{"id":35078,"date":"2025-02-20T23:36:58","date_gmt":"2025-02-20T22:36:58","guid":{"rendered":"http:\/\/olemosaic.com\/producto\/saleros-de-ceramica-patio-blanco\/"},"modified":"2025-07-25T19:05:47","modified_gmt":"2025-07-25T17:05:47","slug":"salieres-en-ceramique-patio-blanc","status":"publish","type":"product","link":"https:\/\/olemosaic.com\/fr\/produit\/salieres-en-ceramique-patio-blanc\/","title":{"rendered":"Sali\u00e8res en c\u00e9ramique. Patio. Blanc."},"content":{"rendered":"<p>Plongez dans l&rsquo;essence du sud de l&rsquo;Espagne avec nos sali\u00e8res en c\u00e9ramique d\u00e9cor\u00e9es, des pi\u00e8ces authentiques qui \u00e9voquent la beaut\u00e9 d&rsquo;un patio andalou. Chaque sali\u00e8re, fabriqu\u00e9e en c\u00e9ramique blanche de haute qualit\u00e9 avec une finition brillante, pr\u00e9sente des motifs peints \u00e0 la main qui capturent la vie et la couleur de l&rsquo;Andalousie. L&rsquo;une d&rsquo;elles illustre une danseuse de flamenco, v\u00eatue d&rsquo;une robe vibrante \u00e0 pois rouges, tandis que l&rsquo;autre capture l&rsquo;essence d&rsquo;un charmant balcon orn\u00e9 de fleurs rouges \u00e9clatantes dans d&rsquo;\u00e9l\u00e9gants pots bleus, cr\u00e9ant une atmosph\u00e8re festive et accueillante.<\/p>\n<p>Le design de ces sali\u00e8res est un reflet de l&rsquo;art et de la culture andalouse, ce qui en fait des souvenirs id\u00e9aux pour ceux qui souhaitent ramener un morceau d&rsquo;Espagne chez eux. Chaque d\u00e9tail, des motifs complexes de la robe de la danseuse aux fleurs color\u00e9es qui ornent le balcon, rend hommage \u00e0 la riche tradition de la c\u00e9ramique espagnole. Le lien culturel de ces sali\u00e8res avec la r\u00e9gion est \u00e9vident dans leur esth\u00e9tique, repr\u00e9sentant la joie et l&rsquo;esprit vibrant des patios andalous.<\/p>\n<p>Chez Ol\u00e9 Mosaic, nous savons que ces sali\u00e8res en c\u00e9ramique ne sont pas seulement fonctionnelles, mais sont aussi des souvenirs significatifs qui ajoutent une touche d&rsquo;authenticit\u00e9 \u00e0 n&rsquo;importe quelle table. Parfaites comme souvenirs en c\u00e9ramique, elles constituent une excellente option pour les touristes \u00e0 la recherche de produits distinctifs et authentiques, et pour les boutiques de cadeaux touristiques souhaitant proposer des articles repr\u00e9sentatifs de la culture espagnole.<\/p>\n","protected":false},"excerpt":{"rendered":"<p>Sali\u00e8res en c\u00e9ramique d\u00e9cor\u00e9es d&rsquo;images vibrantes \u00e9voquant l&rsquo;esprit d&rsquo;un patio andalou. L&rsquo;une des sali\u00e8res montre une danseuse de flamenco v\u00eatue d&rsquo;une robe \u00e0 pois rouges, tandis que l&rsquo;autre illustre un balcon avec des fleurs rouges dans des pots bleus. Les deux designs sont r\u00e9alis\u00e9s en c\u00e9ramique blanche avec une finition brillante, et se distinguent par leurs d\u00e9tails peints \u00e0 la main qui ajoutent une touche authentique et culturelle. Id\u00e9al pour donner une touche espagnole \u00e0 votre table.<\/p>\n","protected":false},"featured_media":8419,"template":"","meta":{"_acf_changed":false},"product_brand":[],"product_cat":[817],"product_tag":[585],"class_list":{"0":"post-35078","1":"product","2":"type-product","3":"status-publish","4":"has-post-thumbnail","6":"product_cat-salieres","7":"product_tag-ceramique","8":"pa_motivo-cours-interieures","10":"first","11":"instock","12":"shipping-taxable","13":"product-type-simple"},"acf":[],"_links":{"self":[{"href":"https:\/\/olemosaic.com\/fr\/wp-json\/wp\/v2\/product\/35078","targetHints":{"allow":["GET"]}}],"collection":[{"href":"https:\/\/olemosaic.com\/fr\/wp-json\/wp\/v2\/product"}],"about":[{"href":"https:\/\/olemosaic.com\/fr\/wp-json\/wp\/v2\/types\/product"}],"wp:featuredmedia":[{"embeddable":true,"href":"https:\/\/olemosaic.com\/fr\/wp-json\/wp\/v2\/media\/8419"}],"wp:attachment":[{"href":"https:\/\/olemosaic.com\/fr\/wp-json\/wp\/v2\/media?parent=35078"}],"wp:term":[{"taxonomy":"product_brand","embeddable":true,"href":"https:\/\/olemosaic.com\/fr\/wp-json\/wp\/v2\/product_brand?post=35078"},{"taxonomy":"product_cat","embeddable":true,"href":"https:\/\/olemosaic.com\/fr\/wp-json\/wp\/v2\/product_cat?post=35078"},{"taxonomy":"product_tag","embeddable":true,"href":"https:\/\/olemosaic.com\/fr\/wp-json\/wp\/v2\/product_tag?post=35078"}],"curies":[{"name":"wp","href":"https:\/\/api.w.org\/{rel}","templated":true}]}}