{"id":35076,"date":"2025-02-20T23:36:57","date_gmt":"2025-02-20T22:36:57","guid":{"rendered":"http:\/\/olemosaic.com\/producto\/6-vasos-de-chupito-de-vidrio-metalizado-11\/"},"modified":"2025-07-25T19:01:58","modified_gmt":"2025-07-25T17:01:58","slug":"6-verres-a-shot-en-verre-metallise-11","status":"publish","type":"product","link":"https:\/\/olemosaic.com\/fr\/produit\/6-verres-a-shot-en-verre-metallise-11\/","title":{"rendered":"6 verres \u00e0 shot en verre m\u00e9tallis\u00e9. Salamandre. Tenerife."},"content":{"rendered":"<p>Ensemble de six verres \u00e0 shot en verre m\u00e9tallis\u00e9, un choix parfait pour savourer vos boissons pr\u00e9f\u00e9r\u00e9es avec une touche canarienne qui souligne la beaut\u00e9 des \u00eeles Canaries. Chaque verre, fabriqu\u00e9 en cristal transparent, pr\u00e9sente un bord m\u00e9tallis\u00e9 dans des couleurs vibrantes telles que le rouge, le vert, le bleu et le violet, cr\u00e9ant une vari\u00e9t\u00e9 attrayante qui capture la lumi\u00e8re et ajoute un air festif \u00e0 toute occasion. Le d\u00e9tail distinctif sur chaque verre est le charmant design de l\u00e9zards en relief, symbole de la riche faune de Tenerife, qui se distingue tant par sa singularit\u00e9 que par sa connexion avec la nature de l&rsquo;\u00eele.<\/p>\n<p>Cet ensemble n&rsquo;est pas seulement pratique, il repr\u00e9sente \u00e9galement un souvenir authentique de Tenerife, id\u00e9al pour ceux qui souhaitent ramener un morceau de ces \u00eeles merveilleuses chez eux. Les verres sont parfaits pour toute c\u00e9l\u00e9bration, qu&rsquo;il s&rsquo;agisse d&rsquo;un toast entre amis ou d&rsquo;une r\u00e9union de famille, apportant une touche distinctive et culturelle \u00e0 l&rsquo;exp\u00e9rience. Chez Ol\u00e9 Mosaic, nous nous sp\u00e9cialisons dans la distribution de souvenirs en gros et cet ensemble de verres \u00e0 shot est une excellente option pour les boutiques de cadeaux touristiques cherchant \u00e0 offrir des produits repr\u00e9sentatifs et de qualit\u00e9. Avec leur design color\u00e9 et leur pertinence culturelle, ces verres \u00e0 shot sont le cadeau id\u00e9al pour ceux qui recherchent des souvenirs de Tenerife refl\u00e9tant l&rsquo;authenticit\u00e9 et la beaut\u00e9 de cette r\u00e9gion magique.<\/p>\n","protected":false},"excerpt":{"rendered":"<p>Ensemble de six verres \u00e0 shot en verre m\u00e9tallis\u00e9, parfaits pour savourer vos boissons pr\u00e9f\u00e9r\u00e9es avec une touche canarienne. Chaque verre pr\u00e9sente une couleur diff\u00e9rente sur le bord, avec des motifs frappants de l\u00e9zards en relief \u00e9voquant la faune de Tenerife. Les verres sont en verre transparent, montrant la combinaison vibrante de couleurs allant du rouge au bleu, cr\u00e9ant une vari\u00e9t\u00e9 attrayante. Un souvenir id\u00e9al pour apporter l&rsquo;esprit des \u00eeles Canaries dans votre foyer.<\/p>\n","protected":false},"featured_media":11213,"template":"","meta":{"_acf_changed":false},"product_brand":[],"product_cat":[814],"product_tag":[],"class_list":{"0":"post-35076","1":"product","2":"type-product","3":"status-publish","4":"has-post-thumbnail","6":"product_cat-verres-a-shot","7":"pa_ciudad-tenerife","8":"pa_motivo-salamandres","9":"pa_pais-espana","11":"first","12":"instock","13":"shipping-taxable","14":"product-type-simple"},"acf":[],"_links":{"self":[{"href":"https:\/\/olemosaic.com\/fr\/wp-json\/wp\/v2\/product\/35076","targetHints":{"allow":["GET"]}}],"collection":[{"href":"https:\/\/olemosaic.com\/fr\/wp-json\/wp\/v2\/product"}],"about":[{"href":"https:\/\/olemosaic.com\/fr\/wp-json\/wp\/v2\/types\/product"}],"wp:featuredmedia":[{"embeddable":true,"href":"https:\/\/olemosaic.com\/fr\/wp-json\/wp\/v2\/media\/11213"}],"wp:attachment":[{"href":"https:\/\/olemosaic.com\/fr\/wp-json\/wp\/v2\/media?parent=35076"}],"wp:term":[{"taxonomy":"product_brand","embeddable":true,"href":"https:\/\/olemosaic.com\/fr\/wp-json\/wp\/v2\/product_brand?post=35076"},{"taxonomy":"product_cat","embeddable":true,"href":"https:\/\/olemosaic.com\/fr\/wp-json\/wp\/v2\/product_cat?post=35076"},{"taxonomy":"product_tag","embeddable":true,"href":"https:\/\/olemosaic.com\/fr\/wp-json\/wp\/v2\/product_tag?post=35076"}],"curies":[{"name":"wp","href":"https:\/\/api.w.org\/{rel}","templated":true}]}}