{"id":35074,"date":"2025-02-20T23:36:57","date_gmt":"2025-02-20T22:36:57","guid":{"rendered":"http:\/\/olemosaic.com\/producto\/4-bols-de-coco-de-13-x-6-cm-salamandra-mallorca-3\/"},"modified":"2025-07-25T20:15:04","modified_gmt":"2025-07-25T18:15:04","slug":"4-bols-en-noix-de-coco-13-x-6-cm-salamandre-majorque-3","status":"publish","type":"product","link":"https:\/\/olemosaic.com\/fr\/produit\/4-bols-en-noix-de-coco-13-x-6-cm-salamandre-majorque-3\/","title":{"rendered":"4 Bols en noix de coco de 13 x 6 cm. Salamandre. Bleu, rouge, orange et dor\u00e9. Majorque."},"content":{"rendered":"<p>Ensemble de quatre bols en noix de coco inspir\u00e9s de la faune de Majorque. Cet ensemble unique de bols, chacun d&rsquo;un diam\u00e8tre de 13 cm et d&rsquo;une hauteur de 6 cm, est une fusion parfaite d&rsquo;art et de fonctionnalit\u00e9. Chaque pi\u00e8ce pr\u00e9sente un jeu de couleurs vibrant : bleu, rouge, orange et dor\u00e9, qui \u00e9voquent la luminosit\u00e9 et le charme du paysage majorquin. La surface des bols poss\u00e8de un rev\u00eatement qui simule une texture de maille, ajoutant un \u00e9l\u00e9ment visuel et tactile fascinant. Au centre de chaque bol, un imprim\u00e9 distinctif d&rsquo;une salamandre, symbole de la biodiversit\u00e9 locale, est accompagn\u00e9 du mot \u00ab\u00a0MALLORCA\u00a0\u00bb en dor\u00e9, soulignant l&rsquo;authenticit\u00e9 et l&rsquo;ancrage culturel du produit.<\/p>\n<p>Ces bols sont id\u00e9aux pour servir des ap\u00e9ritifs, mais peuvent \u00e9galement servir de pi\u00e8ce d\u00e9corative captivante dans n&rsquo;importe quelle maison, apportant une touche artisanale et color\u00e9e qui rappelle la beaut\u00e9 de Majorque. En tant que souvenirs, ils capturent l&rsquo;essence de cette \u00eele magnifique, devenant des cadeaux parfaits pour les touristes cherchant \u00e0 se rem\u00e9morer leur voyage. Chez Ol\u00e9 Mosaic, nous reconnaissons l&rsquo;importance d&rsquo;offrir des souvenirs authentiques qui refl\u00e8tent la culture locale, et cet ensemble de bols en noix de coco est l&rsquo;option id\u00e9ale pour les boutiques de cadeaux touristiques souhaitant enrichir leur catalogue avec des produits distinctifs et artistiques.<\/p>\n","protected":false},"excerpt":{"rendered":"<p>Ensemble de quatre bols en noix de coco de 13 x 6 cm, inspir\u00e9s de la faune majorquine. Chaque bol pr\u00e9sente un design unique avec un rev\u00eatement simulant une texture de maille, peint dans des couleurs vibrantes comme le bleu, le rouge, l&rsquo;orange et le dor\u00e9. Au centre, un imprim\u00e9 distinctif d&rsquo;une salamandre et le mot \u00ab\u00a0MALLORCA\u00a0\u00bb en dor\u00e9 rehaussent chaque pi\u00e8ce. Parfaits pour servir des ap\u00e9ritifs ou comme \u00e9l\u00e9ment d\u00e9coratif, ils ajoutent une touche artisanale et color\u00e9e \u00e0 n&rsquo;importe quel int\u00e9rieur.<\/p>\n","protected":false},"featured_media":10647,"template":"","meta":{"_acf_changed":false},"product_brand":[],"product_cat":[521],"product_tag":[530],"class_list":{"0":"post-35074","1":"product","2":"type-product","3":"status-publish","4":"has-post-thumbnail","6":"product_cat-bols","7":"product_tag-animaux","8":"pa_ciudad-mallorca","9":"pa_motivo-salamandres","10":"pa_pais-espana","12":"first","13":"instock","14":"shipping-taxable","15":"product-type-simple"},"acf":[],"_links":{"self":[{"href":"https:\/\/olemosaic.com\/fr\/wp-json\/wp\/v2\/product\/35074","targetHints":{"allow":["GET"]}}],"collection":[{"href":"https:\/\/olemosaic.com\/fr\/wp-json\/wp\/v2\/product"}],"about":[{"href":"https:\/\/olemosaic.com\/fr\/wp-json\/wp\/v2\/types\/product"}],"wp:featuredmedia":[{"embeddable":true,"href":"https:\/\/olemosaic.com\/fr\/wp-json\/wp\/v2\/media\/10647"}],"wp:attachment":[{"href":"https:\/\/olemosaic.com\/fr\/wp-json\/wp\/v2\/media?parent=35074"}],"wp:term":[{"taxonomy":"product_brand","embeddable":true,"href":"https:\/\/olemosaic.com\/fr\/wp-json\/wp\/v2\/product_brand?post=35074"},{"taxonomy":"product_cat","embeddable":true,"href":"https:\/\/olemosaic.com\/fr\/wp-json\/wp\/v2\/product_cat?post=35074"},{"taxonomy":"product_tag","embeddable":true,"href":"https:\/\/olemosaic.com\/fr\/wp-json\/wp\/v2\/product_tag?post=35074"}],"curies":[{"name":"wp","href":"https:\/\/api.w.org\/{rel}","templated":true}]}}