{"id":35067,"date":"2025-02-20T23:36:57","date_gmt":"2025-02-20T22:36:57","guid":{"rendered":"http:\/\/olemosaic.com\/producto\/4-bols-de-coco-de-13-x-6-cm-camino-de-santiago-3\/"},"modified":"2025-07-26T00:03:42","modified_gmt":"2025-07-25T22:03:42","slug":"4-bols-en-noix-de-coco-de-13-x-6-cm-chemin-de-compostelle-3","status":"publish","type":"product","link":"https:\/\/olemosaic.com\/fr\/produit\/4-bols-en-noix-de-coco-de-13-x-6-cm-chemin-de-compostelle-3\/","title":{"rendered":"4 Bols en noix de coco de 13 x 6 cm. Chemin de Compostelle. Galice."},"content":{"rendered":"<p>Lot de quatre bols en noix de coco d\u00e9cor\u00e9s du symbole du Chemin de Compostelle. Cet ensemble attrayant de bols, de 13 x 6 cm, pr\u00e9sente des couleurs vibrantes qui \u00e9voquent la joie et la spiritualit\u00e9 associ\u00e9es \u00e0 ce c\u00e9l\u00e8bre p\u00e8lerinage, avec des tonalit\u00e9s bleues, oranges, dor\u00e9es et rouges. Chaque bol met en valeur la texture naturelle de la noix de coco, ce qui lui donne non seulement un aspect artisanal, mais assure \u00e9galement durabilit\u00e9 et r\u00e9sistance.<\/p>\n<p>Le design en relief de chaque bol inclut l&rsquo;inscription \u00ab\u00a0CAMINO DE SANTIAGO\u00a0\u00bb, orn\u00e9e du symbole embl\u00e9matique du p\u00e8lerin, repr\u00e9sentant le voyage spirituel et culturel que des milliers de personnes entreprennent chaque ann\u00e9e vers Saint-Jacques-de-Compostelle. Ces bols ne sont pas seulement fonctionnels, id\u00e9aux pour exposer de petits objets d\u00e9coratifs ou pour une utilisation \u00e0 table, ils agissent \u00e9galement comme d&rsquo;authentiques souvenirs, encapsulant le riche h\u00e9ritage culturel du Chemin.<\/p>\n<p>Chez Ol\u00e9 Mosaic, nous garantissons la qualit\u00e9 et l&rsquo;authenticit\u00e9 de nos souvenirs, ce qui fait de ce lot de quatre bols en noix de coco une option incroyable pour les boutiques de cadeaux touristiques recherchant des produits qui connectent les visiteurs \u00e0 la tradition et \u00e0 la spiritualit\u00e9 de l&rsquo;Espagne. Cet ensemble est un excellent souvenir du Chemin de Compostelle, refl\u00e9tant la tradition et la chaleur qui caract\u00e9risent cette route l\u00e9gendaire.<\/p>\n","protected":false},"excerpt":{"rendered":"<p>Lot de quatre bols en noix de coco de 13 x 6 cm, d\u00e9cor\u00e9s du symbole embl\u00e9matique du Chemin de Compostelle. Chaque bol pr\u00e9sente une couleur vibrante : bleu, orange, dor\u00e9 et rouge, avec une finition qui souligne la texture naturelle de la noix de coco et un design en relief avec l&rsquo;inscription \u00ab\u00a0CAMINO DE SANTIAGO\u00a0\u00bb. Parfaits pour l&rsquo;exposition ou l&rsquo;utilisation \u00e0 la maison, ces bols allient fonctionnalit\u00e9 et tradition, \u00e9voquant le riche h\u00e9ritage culturel de ce c\u00e9l\u00e8bre p\u00e8lerinage.<\/p>\n","protected":false},"featured_media":10645,"template":"","meta":{"_acf_changed":false},"product_brand":[],"product_cat":[521],"product_tag":[],"class_list":{"0":"post-35067","1":"product","2":"type-product","3":"status-publish","4":"has-post-thumbnail","6":"product_cat-bols","7":"pa_ciudad-santiago-de-compostela","8":"pa_pais-espana","10":"first","11":"instock","12":"shipping-taxable","13":"product-type-simple"},"acf":[],"_links":{"self":[{"href":"https:\/\/olemosaic.com\/fr\/wp-json\/wp\/v2\/product\/35067","targetHints":{"allow":["GET"]}}],"collection":[{"href":"https:\/\/olemosaic.com\/fr\/wp-json\/wp\/v2\/product"}],"about":[{"href":"https:\/\/olemosaic.com\/fr\/wp-json\/wp\/v2\/types\/product"}],"wp:featuredmedia":[{"embeddable":true,"href":"https:\/\/olemosaic.com\/fr\/wp-json\/wp\/v2\/media\/10645"}],"wp:attachment":[{"href":"https:\/\/olemosaic.com\/fr\/wp-json\/wp\/v2\/media?parent=35067"}],"wp:term":[{"taxonomy":"product_brand","embeddable":true,"href":"https:\/\/olemosaic.com\/fr\/wp-json\/wp\/v2\/product_brand?post=35067"},{"taxonomy":"product_cat","embeddable":true,"href":"https:\/\/olemosaic.com\/fr\/wp-json\/wp\/v2\/product_cat?post=35067"},{"taxonomy":"product_tag","embeddable":true,"href":"https:\/\/olemosaic.com\/fr\/wp-json\/wp\/v2\/product_tag?post=35067"}],"curies":[{"name":"wp","href":"https:\/\/api.w.org\/{rel}","templated":true}]}}