{"id":35066,"date":"2025-02-20T23:36:56","date_gmt":"2025-02-20T22:36:56","guid":{"rendered":"http:\/\/olemosaic.com\/producto\/4-bols-de-coco-de-13-x-6-cm-delfin-mallorca-5\/"},"modified":"2025-07-25T19:47:38","modified_gmt":"2025-07-25T17:47:38","slug":"4-bols-en-noix-de-coco-de-13-x-6-cm-dauphin-majorque-5","status":"publish","type":"product","link":"https:\/\/olemosaic.com\/fr\/produit\/4-bols-en-noix-de-coco-de-13-x-6-cm-dauphin-majorque-5\/","title":{"rendered":"4 Bols en noix de coco de 13 x 6 cm. Dauphin. \u00cele. Majorque."},"content":{"rendered":"<p>Lot de quatre bols en noix de coco d\u00e9cor\u00e9s de dauphins, un souvenir authentique et vibrant de Majorque. Chaque bol, de 13 cm de diam\u00e8tre et 6 cm de hauteur, est \u00e9labor\u00e9 avec un artisanat m\u00e9ticuleux qui souligne la beaut\u00e9 naturelle de la noix de coco. Les bols pr\u00e9sentent un design color\u00e9 dans des tons de vert, jaune, orange et rouge, avec une finition brillante qui accroche la lumi\u00e8re et fait ressortir les d\u00e9tails complexes des d\u00e9corations inspir\u00e9es de la mer M\u00e9diterran\u00e9e. L&rsquo;image d&rsquo;un dauphin, symbole de la vie marine des \u00eeles Bal\u00e9ares, devient l&rsquo;attrait central de chaque pi\u00e8ce, \u00e9voquant la fra\u00eecheur et le dynamisme des eaux qui entourent Majorque.<\/p>\n<p>Ces bols allient fonctionnalit\u00e9 et esth\u00e9tique, ce qui en fait un cadeau parfait pour ceux qui recherchent des souvenirs de Majorque encapsulant l&rsquo;essence du lieu. De plus, faisant partie du folklore bal\u00e9are, ces bols refl\u00e8tent la riche tradition artisanale de la r\u00e9gion, faisant de chacun une pi\u00e8ce unique. Chez Ol\u00e9 Mosaic, en tant que grossiste de souvenirs, nous proposons ces bols en noix de coco en gros, id\u00e9aux pour les boutiques de cadeaux touristiques souhaitant offrir \u00e0 leurs clients des souvenirs authentiques et de haute qualit\u00e9. Ces magnifiques bols seront un excellent compl\u00e9ment pour n&rsquo;importe quelle maison, apportant une touche m\u00e9diterran\u00e9enne \u00e0 la d\u00e9coration.<\/p>\n","protected":false},"excerpt":{"rendered":"<p>Lot de quatre bols en noix de coco, chacun d&rsquo;un diam\u00e8tre de 13 cm et d&rsquo;une hauteur de 6 cm, d\u00e9cor\u00e9s de motifs de dauphins. Originaires de Majorque, ces bols pr\u00e9sentent un design vibrant aux couleurs verte, jaune, orange et rouge, avec une finition brillante qui souligne les d\u00e9tails complexes de la surface. La technique de fabrication inclut une peinture artistique et une finition qui capture l&rsquo;essence de la mer M\u00e9diterran\u00e9e, offrant un article unique alliant fonctionnalit\u00e9 et esth\u00e9tique. Id\u00e9al comme souvenir ou pour apporter une touche m\u00e9diterran\u00e9enne \u00e0 la d\u00e9coration int\u00e9rieure.<\/p>\n","protected":false},"featured_media":10654,"template":"","meta":{"_acf_changed":false},"product_brand":[],"product_cat":[521],"product_tag":[530],"class_list":{"0":"post-35066","1":"product","2":"type-product","3":"status-publish","4":"has-post-thumbnail","6":"product_cat-bols","7":"product_tag-animaux","8":"pa_ciudad-mallorca","9":"pa_motivo-dauphins","10":"pa_pais-espana","12":"first","13":"instock","14":"shipping-taxable","15":"product-type-simple"},"acf":[],"_links":{"self":[{"href":"https:\/\/olemosaic.com\/fr\/wp-json\/wp\/v2\/product\/35066","targetHints":{"allow":["GET"]}}],"collection":[{"href":"https:\/\/olemosaic.com\/fr\/wp-json\/wp\/v2\/product"}],"about":[{"href":"https:\/\/olemosaic.com\/fr\/wp-json\/wp\/v2\/types\/product"}],"wp:featuredmedia":[{"embeddable":true,"href":"https:\/\/olemosaic.com\/fr\/wp-json\/wp\/v2\/media\/10654"}],"wp:attachment":[{"href":"https:\/\/olemosaic.com\/fr\/wp-json\/wp\/v2\/media?parent=35066"}],"wp:term":[{"taxonomy":"product_brand","embeddable":true,"href":"https:\/\/olemosaic.com\/fr\/wp-json\/wp\/v2\/product_brand?post=35066"},{"taxonomy":"product_cat","embeddable":true,"href":"https:\/\/olemosaic.com\/fr\/wp-json\/wp\/v2\/product_cat?post=35066"},{"taxonomy":"product_tag","embeddable":true,"href":"https:\/\/olemosaic.com\/fr\/wp-json\/wp\/v2\/product_tag?post=35066"}],"curies":[{"name":"wp","href":"https:\/\/api.w.org\/{rel}","templated":true}]}}