{"id":35058,"date":"2025-02-20T23:36:56","date_gmt":"2025-02-20T22:36:56","guid":{"rendered":"http:\/\/olemosaic.com\/producto\/4-bols-de-coco-de-13-x-6-cm-delfin-barcelona-5\/"},"modified":"2025-07-25T19:31:04","modified_gmt":"2025-07-25T17:31:04","slug":"4-bols-noix-de-coco-13-x-6-cm-dauphin-barcelone-5","status":"publish","type":"product","link":"https:\/\/olemosaic.com\/fr\/produit\/4-bols-noix-de-coco-13-x-6-cm-dauphin-barcelone-5\/","title":{"rendered":"4 Bols en noix de coco de 13 x 6 cm. Dauphin. Bleu, rouge, orange et fuchsia. Barcelone."},"content":{"rendered":"<p>Ensemble de quatre bols en noix de coco de 13 x 6 cm, con\u00e7us \u00e0 Barcelone. Chacun pr\u00e9sente un design vibrant et color\u00e9 qui \u00e9voque l&rsquo;esprit m\u00e9diterran\u00e9en de cette ville embl\u00e9matique. Ces bols attrayants illustrent des motifs de dauphins orn\u00e9s de teintes radieuses de bleu, rouge, orange et rose, cr\u00e9ant une pi\u00e8ce unique qui capture l&rsquo;essence de la vie marine de la r\u00e9gion. \u00c0 la base de chaque bol, le mot \u00ab\u00a0Barcelone\u00a0\u00bb est imprim\u00e9 avec un style qui renforce le lien nostalgique avec la ville.<\/p>\n<p>Fabriqu\u00e9s \u00e0 la main selon des techniques artisanales, chaque bol pr\u00e9sente une forme arrondie \u00e0 la fois esth\u00e9tique et fonctionnelle. Les d\u00e9tails fins de la d\u00e9coration t\u00e9moignent du d\u00e9vouement et du savoir-faire des artisans locaux, ce qui fait de cette collection un authentique souvenir de Barcelone. Ces bols en noix de coco ne sont pas seulement parfaits pour ajouter une touche de couleur \u00e0 n&rsquo;importe quel foyer, mais ils deviennent \u00e9galement des souvenirs repr\u00e9sentatifs de la culture catalane.<\/p>\n<p>Offrant une excellente option pour les touristes et les boutiques de cadeaux, Ol\u00e9 Mosaic propose cet ensemble dans le cadre de son catalogue exclusif de souvenirs en gros. Avec son design charmant et sa pertinence culturelle, ces bols sont id\u00e9aux pour ceux qui recherchent des articles authentiques de Barcelone.<\/p>\n","protected":false},"excerpt":{"rendered":"<p>Ensemble de quatre bols en noix de coco de 13 x 6 cm, chacun avec un design color\u00e9 associ\u00e9 \u00e0 Barcelone. Ces bols attrayants pr\u00e9sentent des motifs de dauphins dans des tons vibrants de bleu, rouge, orange et rose, avec le mot \u00ab\u00a0Barcelone\u00a0\u00bb \u00e0 leur base. Fabriqu\u00e9s artisanalement, ils combinent une technique de finition qui souligne leur forme arrondie et les d\u00e9tails fins de leur d\u00e9coration, parfaits pour donner une touche unique \u00e0 n&rsquo;importe quel foyer ou comme souvenir de la ville.<\/p>\n","protected":false},"featured_media":13836,"template":"","meta":{"_acf_changed":false},"product_brand":[],"product_cat":[521],"product_tag":[530],"class_list":{"0":"post-35058","1":"product","2":"type-product","3":"status-publish","4":"has-post-thumbnail","6":"product_cat-bols","7":"product_tag-animaux","8":"pa_ciudad-barcelona","9":"pa_motivo-dauphins","10":"pa_pais-espana","12":"first","13":"instock","14":"shipping-taxable","15":"product-type-simple"},"acf":[],"_links":{"self":[{"href":"https:\/\/olemosaic.com\/fr\/wp-json\/wp\/v2\/product\/35058","targetHints":{"allow":["GET"]}}],"collection":[{"href":"https:\/\/olemosaic.com\/fr\/wp-json\/wp\/v2\/product"}],"about":[{"href":"https:\/\/olemosaic.com\/fr\/wp-json\/wp\/v2\/types\/product"}],"wp:featuredmedia":[{"embeddable":true,"href":"https:\/\/olemosaic.com\/fr\/wp-json\/wp\/v2\/media\/13836"}],"wp:attachment":[{"href":"https:\/\/olemosaic.com\/fr\/wp-json\/wp\/v2\/media?parent=35058"}],"wp:term":[{"taxonomy":"product_brand","embeddable":true,"href":"https:\/\/olemosaic.com\/fr\/wp-json\/wp\/v2\/product_brand?post=35058"},{"taxonomy":"product_cat","embeddable":true,"href":"https:\/\/olemosaic.com\/fr\/wp-json\/wp\/v2\/product_cat?post=35058"},{"taxonomy":"product_tag","embeddable":true,"href":"https:\/\/olemosaic.com\/fr\/wp-json\/wp\/v2\/product_tag?post=35058"}],"curies":[{"name":"wp","href":"https:\/\/api.w.org\/{rel}","templated":true}]}}