{"id":35054,"date":"2025-02-20T23:36:55","date_gmt":"2025-02-20T22:36:55","guid":{"rendered":"http:\/\/olemosaic.com\/producto\/4-bols-de-coco-de-13-x-6-cm-salamandra-mallorca-2\/"},"modified":"2025-07-25T20:21:27","modified_gmt":"2025-07-25T18:21:27","slug":"4-bols-noix-de-coco-13-x-6-cm-salamandre-majorque-2","status":"publish","type":"product","link":"https:\/\/olemosaic.com\/fr\/produit\/4-bols-noix-de-coco-13-x-6-cm-salamandre-majorque-2\/","title":{"rendered":"4 Bols en noix de coco de 13 x 6 cm. Salamandre. Bleu, rouge, orange et marron. Majorque."},"content":{"rendered":"<p>Ensemble de 4 bols en noix de coco d\u00e9cor\u00e9s d&rsquo;une salamandre de Majorque<\/p>\n<p>Cet ensemble de 4 bols en noix de coco, de 13 x 6 cm, est un v\u00e9ritable bijou qui refl\u00e8te l&rsquo;essence vibrante de Majorque. Chaque bol pr\u00e9sente un design unique d\u00e9cor\u00e9 d&rsquo;une charmante illustration de salamandre, symbole de la chaleur et de la diversit\u00e9 de la faune locale. Les bols se distinguent par leurs couleurs \u00e9clatantes : un bleu brillant, un rouge intense, un rose vif et un marron chaud, chacun orn\u00e9 de d\u00e9tails en forme de c\u0153urs qui apportent une touche festive et joyeuse.<\/p>\n<p>Le graphisme met en avant le mot \u00ab\u00a0MAJORQUE\u00a0\u00bb, ce qui renforce le lien de ces bols avec l&rsquo;\u00eele, en faisant un souvenir repr\u00e9sentatif id\u00e9al pour les touristes souhaitant emporter un morceau de la culture majorquine. Ces pi\u00e8ces ne sont pas seulement fonctionnelles pour servir des ap\u00e9ritifs, mais se pr\u00e9sentent \u00e9galement comme des \u00e9l\u00e9ments d\u00e9coratifs pouvant embellir n&rsquo;importe quel espace.<\/p>\n<p>Chez Ol\u00e9 Mosaic, nous nous sp\u00e9cialisons dans la distribution de souvenirs en gros et cet ensemble de bols est une option parfaite pour les boutiques de cadeaux touristiques \u00e0 la recherche de produits authentiques et de qualit\u00e9. L&rsquo;authenticit\u00e9 de ces souvenirs de Majorque en fait une excellente proposition pour ceux qui souhaitent conserver un souvenir sp\u00e9cial de leur visite. Cet ensemble n&rsquo;est pas seulement une fa\u00e7on amusante de d\u00e9guster des ap\u00e9ritifs, mais aussi un symbole de la riche culture et des traditions de Majorque, ce qui en fait un excellent cadeau ou un fantastique plaisir personnel.<\/p>\n","protected":false},"excerpt":{"rendered":"<p>Ensemble de 4 bols en noix de coco de 13 x 6 cm d\u00e9cor\u00e9s d&rsquo;un design attrayant de salamandre, inspir\u00e9 de la culture majorquine. Chaque bol pr\u00e9sente des couleurs vibrantes comme le bleu, le rouge, le rose et le marron, avec des d\u00e9tails en forme de c\u0153urs qui leur donnent une touche festive. Le design graphique souligne le mot \u00ab\u00a0MAJORQUE\u00a0\u00bb, accentuant son lien avec l&rsquo;\u00eele. Ces bols sont id\u00e9aux pour servir des ap\u00e9ritifs ou comme \u00e9l\u00e9ment d\u00e9coratif.<\/p>\n","protected":false},"featured_media":10672,"template":"","meta":{"_acf_changed":false},"product_brand":[],"product_cat":[521],"product_tag":[530],"class_list":{"0":"post-35054","1":"product","2":"type-product","3":"status-publish","4":"has-post-thumbnail","6":"product_cat-bols","7":"product_tag-animaux","8":"pa_ciudad-mallorca","9":"pa_motivo-salamandres","10":"pa_pais-espana","12":"first","13":"instock","14":"shipping-taxable","15":"product-type-simple"},"acf":[],"_links":{"self":[{"href":"https:\/\/olemosaic.com\/fr\/wp-json\/wp\/v2\/product\/35054","targetHints":{"allow":["GET"]}}],"collection":[{"href":"https:\/\/olemosaic.com\/fr\/wp-json\/wp\/v2\/product"}],"about":[{"href":"https:\/\/olemosaic.com\/fr\/wp-json\/wp\/v2\/types\/product"}],"wp:featuredmedia":[{"embeddable":true,"href":"https:\/\/olemosaic.com\/fr\/wp-json\/wp\/v2\/media\/10672"}],"wp:attachment":[{"href":"https:\/\/olemosaic.com\/fr\/wp-json\/wp\/v2\/media?parent=35054"}],"wp:term":[{"taxonomy":"product_brand","embeddable":true,"href":"https:\/\/olemosaic.com\/fr\/wp-json\/wp\/v2\/product_brand?post=35054"},{"taxonomy":"product_cat","embeddable":true,"href":"https:\/\/olemosaic.com\/fr\/wp-json\/wp\/v2\/product_cat?post=35054"},{"taxonomy":"product_tag","embeddable":true,"href":"https:\/\/olemosaic.com\/fr\/wp-json\/wp\/v2\/product_tag?post=35054"}],"curies":[{"name":"wp","href":"https:\/\/api.w.org\/{rel}","templated":true}]}}