{"id":35053,"date":"2025-02-20T23:36:55","date_gmt":"2025-02-20T22:36:55","guid":{"rendered":"http:\/\/olemosaic.com\/producto\/4-bols-de-coco-de-13-x-6-cm-abanico-5\/"},"modified":"2025-07-25T17:39:11","modified_gmt":"2025-07-25T15:39:11","slug":"4-bols-en-noix-de-coco-13-x-6-cm-eventail-5","status":"publish","type":"product","link":"https:\/\/olemosaic.com\/fr\/produit\/4-bols-en-noix-de-coco-13-x-6-cm-eventail-5\/","title":{"rendered":"4 Bols en noix de coco de 13 x 6 cm. \u00c9ventail. Bleu, rouge, orange et marron."},"content":{"rendered":"<p><span data-sheets-root=\"1\">Cet ensemble de 4 bols artisanaux en noix de coco naturelle avec un design d&rsquo;\u00e9ventail combine tradition et artisanat avec une esth\u00e9tique visuelle percutante. Chaque bol, de 13 x 6 cm, a \u00e9t\u00e9 soigneusement fabriqu\u00e9 de mani\u00e8re artisanale et pr\u00e9sente une finition craquel\u00e9e dans des couleurs vives telles que le bleu, le rouge, l&rsquo;orange et le marron, sur un fond dor\u00e9 iridescent qui apporte un \u00e9clat sophistiqu\u00e9 et \u00e9l\u00e9gant. Au centre de chaque pi\u00e8ce se d\u00e9tache un \u00e9ventail en relief, symbole culturel de l&rsquo;Espagne li\u00e9 \u00e0 l&rsquo;art flamenco et \u00e0 l&rsquo;expression esth\u00e9tique andalouse.<\/p>\n<p>L&rsquo;effet craquel\u00e9, qui rappelle les techniques de c\u00e9ramique \u00e9maill\u00e9e et le style des mosa\u00efques m\u00e9diterran\u00e9ennes, conf\u00e8re profondeur et texture visuelle \u00e0 chaque bol, rendant chaque pi\u00e8ce unique. Ce design n&rsquo;apporte pas seulement une valeur d\u00e9corative, mais \u00e9tablit \u00e9galement un lien fort avec l&rsquo;artisanat local, \u00e9voquant le coloris et la richesse culturelle du sud de l&rsquo;Europe.<\/p>\n<p>Id\u00e9aux comme souvenirs d\u00e9coratifs, ces bols en noix de coco avec design d&rsquo;\u00e9ventail sont une excellente option pour les touristes \u00e0 la recherche de souvenirs authentiques avec une touche artistique. Chez Ol\u00e9 Mosaic, grossiste en souvenirs, nous proposons des pi\u00e8ces qui se distinguent par leur design, leur finition manuelle et leur connexion culturelle, id\u00e9ales pour les boutiques de cadeaux touristiques cherchant \u00e0 se diff\u00e9rencier avec des produits de qualit\u00e9 et de sens.<\/span><\/p>\n","protected":false},"excerpt":{"rendered":"<p><span data-sheets-root=\"1\">Ensemble de 4 bols artisanaux en noix de coco naturelle de 13 x 6 cm d\u00e9cor\u00e9s d&rsquo;un motif d&rsquo;\u00e9ventail au centre. Chaque bol pr\u00e9sente un design craquel\u00e9 dans des tons vifs comme le bleu, le rouge, l&rsquo;orange et le marron, sur un fond dor\u00e9 iridescent qui ressort avec un effet brillant. Inspir\u00e9s par l&rsquo;art m\u00e9diterran\u00e9en et le folklore espagnol, ils se distinguent par leur finition manuelle et leur texture visuelle unique imitant la mosa\u00efque.<\/span><\/p>\n","protected":false},"featured_media":10641,"template":"","meta":{"_acf_changed":false},"product_brand":[],"product_cat":[521],"product_tag":[],"class_list":{"0":"post-35053","1":"product","2":"type-product","3":"status-publish","4":"has-post-thumbnail","6":"product_cat-bols","8":"first","9":"instock","10":"shipping-taxable","11":"product-type-simple"},"acf":[],"_links":{"self":[{"href":"https:\/\/olemosaic.com\/fr\/wp-json\/wp\/v2\/product\/35053","targetHints":{"allow":["GET"]}}],"collection":[{"href":"https:\/\/olemosaic.com\/fr\/wp-json\/wp\/v2\/product"}],"about":[{"href":"https:\/\/olemosaic.com\/fr\/wp-json\/wp\/v2\/types\/product"}],"wp:featuredmedia":[{"embeddable":true,"href":"https:\/\/olemosaic.com\/fr\/wp-json\/wp\/v2\/media\/10641"}],"wp:attachment":[{"href":"https:\/\/olemosaic.com\/fr\/wp-json\/wp\/v2\/media?parent=35053"}],"wp:term":[{"taxonomy":"product_brand","embeddable":true,"href":"https:\/\/olemosaic.com\/fr\/wp-json\/wp\/v2\/product_brand?post=35053"},{"taxonomy":"product_cat","embeddable":true,"href":"https:\/\/olemosaic.com\/fr\/wp-json\/wp\/v2\/product_cat?post=35053"},{"taxonomy":"product_tag","embeddable":true,"href":"https:\/\/olemosaic.com\/fr\/wp-json\/wp\/v2\/product_tag?post=35053"}],"curies":[{"name":"wp","href":"https:\/\/api.w.org\/{rel}","templated":true}]}}