{"id":35052,"date":"2025-02-20T23:36:55","date_gmt":"2025-02-20T22:36:55","guid":{"rendered":"http:\/\/olemosaic.com\/producto\/4-bols-de-coco-de-13-x-6-cm-animales-del-mar-menorca-3\/"},"modified":"2025-07-25T19:37:50","modified_gmt":"2025-07-25T17:37:50","slug":"4-bols-en-noix-de-coco-13-x-6-cm-animaux-marins-minorque-3","status":"publish","type":"product","link":"https:\/\/olemosaic.com\/fr\/produit\/4-bols-en-noix-de-coco-13-x-6-cm-animaux-marins-minorque-3\/","title":{"rendered":"4 Bols en noix de coco de 13 x 6 cm. Animaux marins. Dauphin, tortue et l\u00e9zard. Minorque."},"content":{"rendered":"<p>Ensemble de 4 bols en noix de coco d\u00e9cor\u00e9s de mosa\u00efques, \u00e9voquant l&rsquo;essence de la mer \u00e0 Minorque. Chaque bol, de 13 x 6 cm, est une \u0153uvre d&rsquo;art qui c\u00e9l\u00e8bre la riche biodiversit\u00e9 marine de l&rsquo;\u00eele. Les mosa\u00efques ext\u00e9rieures vibrantes arborent une palette de couleurs comprenant des bleus intenses, des roses brillants et des jaunes chauds, refl\u00e9tant les eaux cristallines et les paysages ensoleill\u00e9s de Minorque. \u00c0 l&rsquo;int\u00e9rieur, les finitions de couleurs brillantes contrastent parfaitement avec les illustrations grav\u00e9es dans des tons marron d&rsquo;un dauphin, d&rsquo;une tortue et d&rsquo;un l\u00e9zard, qui apportent une touche naturelle et authentique \u00e0 chaque pi\u00e8ce. Cet ensemble, en plus d&rsquo;\u00eatre fonctionnel, est un \u00e9l\u00e9ment d\u00e9coratif id\u00e9al pour n&rsquo;importe quelle table, ajoutant un air artisanal et m\u00e9diterran\u00e9en. Parfaits comme souvenirs de Minorque, ces bols sont un rappel de la beaut\u00e9 naturelle de l&rsquo;\u00eele et de sa culture. Chez Ol\u00e9 Mosaic, nous nous sp\u00e9cialisons dans la distribution de souvenirs en gros, pr\u00e9sentant des artisanats authentiques qui c\u00e9l\u00e8brent les traditions locales. Cette collection est id\u00e9ale pour les boutiques de cadeaux touristiques souhaitant offrir des produits uniques et repr\u00e9sentatifs de Minorque.<\/p>\n","protected":false},"excerpt":{"rendered":"<p>Ensemble de 4 bols en noix de coco, chacun de 13 x 6 cm, d\u00e9cor\u00e9s de mosa\u00efques color\u00e9es repr\u00e9sentant des animaux marins, \u00e9voquant la beaut\u00e9 de Minorque. Les int\u00e9rieurs pr\u00e9sentent une finition brillante avec des tons vibrants et joyeux, tandis que les illustrations d&rsquo;un dauphin, d&rsquo;une tortue et d&rsquo;un l\u00e9zard sont grav\u00e9es dans des tons marron. Ces bols, avec leur design tr\u00e8s sp\u00e9cial, apportent une touche artisanale et m\u00e9diterran\u00e9enne parfaite pour n&rsquo;importe quelle table.<\/p>\n","protected":false},"featured_media":13834,"template":"","meta":{"_acf_changed":false},"product_brand":[],"product_cat":[521],"product_tag":[530],"class_list":{"0":"post-35052","1":"product","2":"type-product","3":"status-publish","4":"has-post-thumbnail","6":"product_cat-bols","7":"product_tag-animaux","8":"pa_ciudad-menorca","9":"pa_motivo-animaux-marins","10":"pa_pais-espana","12":"first","13":"instock","14":"shipping-taxable","15":"product-type-simple"},"acf":[],"_links":{"self":[{"href":"https:\/\/olemosaic.com\/fr\/wp-json\/wp\/v2\/product\/35052","targetHints":{"allow":["GET"]}}],"collection":[{"href":"https:\/\/olemosaic.com\/fr\/wp-json\/wp\/v2\/product"}],"about":[{"href":"https:\/\/olemosaic.com\/fr\/wp-json\/wp\/v2\/types\/product"}],"wp:featuredmedia":[{"embeddable":true,"href":"https:\/\/olemosaic.com\/fr\/wp-json\/wp\/v2\/media\/13834"}],"wp:attachment":[{"href":"https:\/\/olemosaic.com\/fr\/wp-json\/wp\/v2\/media?parent=35052"}],"wp:term":[{"taxonomy":"product_brand","embeddable":true,"href":"https:\/\/olemosaic.com\/fr\/wp-json\/wp\/v2\/product_brand?post=35052"},{"taxonomy":"product_cat","embeddable":true,"href":"https:\/\/olemosaic.com\/fr\/wp-json\/wp\/v2\/product_cat?post=35052"},{"taxonomy":"product_tag","embeddable":true,"href":"https:\/\/olemosaic.com\/fr\/wp-json\/wp\/v2\/product_tag?post=35052"}],"curies":[{"name":"wp","href":"https:\/\/api.w.org\/{rel}","templated":true}]}}