{"id":35050,"date":"2025-02-20T23:36:55","date_gmt":"2025-02-20T22:36:55","guid":{"rendered":"http:\/\/olemosaic.com\/producto\/4-bols-de-coco-de-13-x-6-cm-delfin-barcelona-4\/"},"modified":"2025-07-25T18:50:09","modified_gmt":"2025-07-25T16:50:09","slug":"4-bols-en-noix-de-coco-13-x-6-cm-dauphin-barcelone-4","status":"publish","type":"product","link":"https:\/\/olemosaic.com\/fr\/produit\/4-bols-en-noix-de-coco-13-x-6-cm-dauphin-barcelone-4\/","title":{"rendered":"4 Bols en noix de coco de 13 x 6 cm. Dauphin. C\u0153urs et fleurs. Barcelone."},"content":{"rendered":"<p>Ensemble de 4 bols en noix de coco d\u00e9cor\u00e9s de dauphins.<\/p>\n<p>Cet ensemble charmant de 4 bols en noix de coco est une repr\u00e9sentation parfaite de l&rsquo;ambiance c\u00f4ti\u00e8re vibrante de Barcelone. Chaque bol, d&rsquo;un diam\u00e8tre de 13 cm et d&rsquo;une profondeur de 6 cm, est fabriqu\u00e9 de mani\u00e8re artisanale, ce qui garantit que chaque pi\u00e8ce est unique. Les illustrations qui les ornent pr\u00e9sentent de joyeux dauphins dans un environnement de c\u0153urs et de fleurs, utilisant une palette de couleurs vibrantes qui \u00e9voque la splendeur de la M\u00e9diterran\u00e9e. L&rsquo;inscription \u00ab\u00a0Barcelona\u00a0\u00bb se trouve sur chaque bol, ajoutant une touche distinctive qui c\u00e9l\u00e8bre la culture locale et sa connexion avec la mer.<\/p>\n<p>Le design en mosa\u00efque sur les bords souligne les d\u00e9tails artistiques de chaque bol, les rendant id\u00e9aux tant comme objets d\u00e9coratifs que pour servir des ap\u00e9ritifs. Cet ensemble est une excellente option pour ceux qui recherchent des souvenirs authentiques, capturant l&rsquo;essence de la tradition m\u00e9diterran\u00e9enne. Ils repr\u00e9sentent non seulement la beaut\u00e9 du littoral barcelonais, mais aussi son riche h\u00e9ritage culturel.<\/p>\n<p>Chez Ol\u00e9 Mosaic, nous sommes distributeurs de souvenirs en gros, et ces bols en noix de coco sont parfaits pour les boutiques de cadeaux touristiques souhaitant offrir des produits authentiques et de qualit\u00e9. Chaque bol n&rsquo;est pas seulement un souvenir, mais aussi une pi\u00e8ce d&rsquo;art fonctionnelle qui ajoute une touche sp\u00e9ciale \u00e0 n&rsquo;importe quelle table.<\/p>\n","protected":false},"excerpt":{"rendered":"<p>Ensemble de 4 bols en noix de coco de 13 x 6 cm, d\u00e9cor\u00e9s de charmantes illustrations de dauphins et de motifs color\u00e9s \u00e9voquant l&rsquo;esprit du littoral barcelonais. Chaque bol pr\u00e9sente un design unique, de conception artisanale, peint \u00e0 la main, avec des d\u00e9tails en mosa\u00efque qui font ressortir les couleurs vibrantes des c\u0153urs et des fleurs. L&rsquo;inscription \u00ab\u00a0Barcelona\u00a0\u00bb orne chaque pi\u00e8ce, ajoutant une touche distinctive qui rehausse la beaut\u00e9 m\u00e9diterran\u00e9enne et la culture locale. Parfaits comme souvenir ou pour donner une touche sp\u00e9ciale \u00e0 votre table.<\/p>\n","protected":false},"featured_media":10706,"template":"","meta":{"_acf_changed":false},"product_brand":[],"product_cat":[521],"product_tag":[530],"class_list":{"0":"post-35050","1":"product","2":"type-product","3":"status-publish","4":"has-post-thumbnail","6":"product_cat-bols","7":"product_tag-animaux","8":"pa_ciudad-barcelona","9":"pa_motivo-dauphins","10":"pa_pais-espana","12":"first","13":"instock","14":"shipping-taxable","15":"product-type-simple"},"acf":[],"_links":{"self":[{"href":"https:\/\/olemosaic.com\/fr\/wp-json\/wp\/v2\/product\/35050","targetHints":{"allow":["GET"]}}],"collection":[{"href":"https:\/\/olemosaic.com\/fr\/wp-json\/wp\/v2\/product"}],"about":[{"href":"https:\/\/olemosaic.com\/fr\/wp-json\/wp\/v2\/types\/product"}],"wp:featuredmedia":[{"embeddable":true,"href":"https:\/\/olemosaic.com\/fr\/wp-json\/wp\/v2\/media\/10706"}],"wp:attachment":[{"href":"https:\/\/olemosaic.com\/fr\/wp-json\/wp\/v2\/media?parent=35050"}],"wp:term":[{"taxonomy":"product_brand","embeddable":true,"href":"https:\/\/olemosaic.com\/fr\/wp-json\/wp\/v2\/product_brand?post=35050"},{"taxonomy":"product_cat","embeddable":true,"href":"https:\/\/olemosaic.com\/fr\/wp-json\/wp\/v2\/product_cat?post=35050"},{"taxonomy":"product_tag","embeddable":true,"href":"https:\/\/olemosaic.com\/fr\/wp-json\/wp\/v2\/product_tag?post=35050"}],"curies":[{"name":"wp","href":"https:\/\/api.w.org\/{rel}","templated":true}]}}