{"id":35026,"date":"2025-02-20T22:36:54","date_gmt":"2025-02-20T22:36:54","guid":{"rendered":"http:\/\/olemosaic.com\/producto\/4-bols-de-coco-de-13-x-6-cm-animales-del-mar-lanzarote\/"},"modified":"2025-07-25T20:23:48","modified_gmt":"2025-07-25T18:23:48","slug":"4-bols-noix-de-coco-13-x-6-cm-animaux-marins-lanzarote","status":"publish","type":"product","link":"https:\/\/olemosaic.com\/fr\/produit\/4-bols-noix-de-coco-13-x-6-cm-animaux-marins-lanzarote\/","title":{"rendered":"4 Bols en noix de coco de 13 x 6 cm. Animaux marins. Lanzarote."},"content":{"rendered":"<p>Lot de 4 bols en noix de coco de Lanzarote<\/p>\n<p>D\u00e9couvrez notre lot exclusif de 4 bols en noix de coco, un authentique souvenir repr\u00e9sentatif de Lanzarote qui se distingue par sa singularit\u00e9 et sa beaut\u00e9. Chaque bol, de 13 x 6 cm, pr\u00e9sente un design vibrant et color\u00e9 qui \u00e9voque la riche faune marine de cette magnifique \u00eele des Canaries. Les bols sont d\u00e9cor\u00e9s de mosa\u00efques dans des tons rose, bleu et dor\u00e9, cr\u00e9ant un effet visuel qui capture l&rsquo;esprit tropical et joyeux de Lanzarote. Au centre de chacun, une tortue, un dauphin, un hippocampe et un chameau sont soigneusement illustr\u00e9s, symboles qui refl\u00e8tent \u00e0 la fois la richesse marine et la diversit\u00e9 culturelle de la r\u00e9gion.<\/p>\n<p>Fabriqu\u00e9s \u00e0 partir de mat\u00e9riaux naturels, ces bols sont id\u00e9aux non seulement comme \u00e9l\u00e9ments d\u00e9coratifs, mais aussi comme r\u00e9cipients pratiques pour servir des ap\u00e9ritifs. Chaque pi\u00e8ce est une repr\u00e9sentation de l&rsquo;authenticit\u00e9 de Lanzarote, un souvenir parfait pour les touristes qui cherchent \u00e0 emporter un morceau de leur exp\u00e9rience sur l&rsquo;\u00eele. Ce lot de bols est une option id\u00e9ale pour les boutiques de cadeaux touristiques \u00e0 la recherche de souvenirs originaux et de qualit\u00e9, garantissant que chaque client rentre chez lui avec un souvenir significatif et charg\u00e9 d&rsquo;histoire. Chez Ol\u00e9 Mosaic, en tant que distributeurs de souvenirs typiques, nous nous engageons \u00e0 proposer des produits qui c\u00e9l\u00e8brent l&rsquo;essence culturelle de l&rsquo;Espagne et de ses \u00eeles.<\/p>\n","protected":false},"excerpt":{"rendered":"<p>Lot de 4 bols en noix de coco de 13 x 6 cm repr\u00e9sentant la faune marine de Lanzarote. Chaque bol pr\u00e9sente un design color\u00e9 avec des mosa\u00efques dans des tons rose, bleu et dor\u00e9, d\u00e9cor\u00e9s d&rsquo;illustrations d&rsquo;une tortue, d&rsquo;un dauphin, d&rsquo;un hippocampe et d&rsquo;un chameau au centre. Fabriqu\u00e9s \u00e0 partir de mat\u00e9riaux naturels, ces bols sont id\u00e9aux comme \u00e9l\u00e9ments d\u00e9coratifs ou pour servir des ap\u00e9ritifs, \u00e9voquant la beaut\u00e9 et la culture de l&rsquo;\u00eele canarienne.<\/p>\n","protected":false},"featured_media":12127,"template":"","meta":{"_acf_changed":false},"product_brand":[],"product_cat":[521],"product_tag":[530],"class_list":{"0":"post-35026","1":"product","2":"type-product","3":"status-publish","4":"has-post-thumbnail","6":"product_cat-bols","7":"product_tag-animaux","8":"pa_ciudad-lanzarote","9":"pa_motivo-animaux-marins","10":"pa_pais-espana","12":"first","13":"instock","14":"shipping-taxable","15":"product-type-simple"},"acf":[],"_links":{"self":[{"href":"https:\/\/olemosaic.com\/fr\/wp-json\/wp\/v2\/product\/35026","targetHints":{"allow":["GET"]}}],"collection":[{"href":"https:\/\/olemosaic.com\/fr\/wp-json\/wp\/v2\/product"}],"about":[{"href":"https:\/\/olemosaic.com\/fr\/wp-json\/wp\/v2\/types\/product"}],"wp:featuredmedia":[{"embeddable":true,"href":"https:\/\/olemosaic.com\/fr\/wp-json\/wp\/v2\/media\/12127"}],"wp:attachment":[{"href":"https:\/\/olemosaic.com\/fr\/wp-json\/wp\/v2\/media?parent=35026"}],"wp:term":[{"taxonomy":"product_brand","embeddable":true,"href":"https:\/\/olemosaic.com\/fr\/wp-json\/wp\/v2\/product_brand?post=35026"},{"taxonomy":"product_cat","embeddable":true,"href":"https:\/\/olemosaic.com\/fr\/wp-json\/wp\/v2\/product_cat?post=35026"},{"taxonomy":"product_tag","embeddable":true,"href":"https:\/\/olemosaic.com\/fr\/wp-json\/wp\/v2\/product_tag?post=35026"}],"curies":[{"name":"wp","href":"https:\/\/api.w.org\/{rel}","templated":true}]}}