{"id":35025,"date":"2025-02-20T23:36:53","date_gmt":"2025-02-20T22:36:53","guid":{"rendered":"http:\/\/olemosaic.com\/producto\/4-bols-de-coco-de-13-x-6-cm-tortuga-gran-canaria-3\/"},"modified":"2025-07-25T19:06:46","modified_gmt":"2025-07-25T17:06:46","slug":"4-bols-noix-de-coco-13-x-6-cm-tortue-gran-canaria-3","status":"publish","type":"product","link":"https:\/\/olemosaic.com\/fr\/produit\/4-bols-noix-de-coco-13-x-6-cm-tortue-gran-canaria-3\/","title":{"rendered":"4 Bols en noix de coco de 13 x 6 cm. Tortue. C\u0153urs et fleurs. Gran Canaria."},"content":{"rendered":"<p>Lot de 4 bols en noix de coco de Gran Canaria : fonctionnalit\u00e9 et art dans chaque pi\u00e8ce. Cet ensemble attrayant, de 13 x 6 cm par bol, repr\u00e9sente la beaut\u00e9 naturelle de Gran Canaria \u00e0 travers son design charmant, qui met en avant une tortue au centre, symbolisant la riche faune marine de la r\u00e9gion. Chaque bol arbore une mosa\u00efque color\u00e9e dans des tons vibrants et chauds, orn\u00e9e de motifs oscillant entre c\u0153urs et fleurs, cr\u00e9ant une fusion irr\u00e9sistible de joie et de cr\u00e9ativit\u00e9.<\/p>\n<p>La finition artisanale de ces bols garantit que chaque pi\u00e8ce est unique, soulignant l&rsquo;engagement de l&rsquo;artisanat local canarien. Grav\u00e9s du nom \u00ab\u00a0Gran Canaria\u00a0\u00bb, ils ne sont pas seulement des ustensiles id\u00e9aux pour servir des ap\u00e9ritifs, mais fonctionnent \u00e9galement parfaitement comme objets d\u00e9coratifs apportant une touche tropicale \u00e0 n&rsquo;importe quel int\u00e9rieur. Leur design multidimensionnel permet \u00e0 chaque bol de s&#8217;empiler de mani\u00e8re charmante, facilitant leur rangement.<\/p>\n<p>En tant que souvenirs de Gran Canaria, ces bols sont id\u00e9aux pour les touristes \u00e0 la recherche de souvenirs authentiques qui capturent l&rsquo;essence de leur voyage. Chez Ol\u00e9 Mosaic, nous sommes sp\u00e9cialistes de la distribution de souvenirs de qualit\u00e9, et cet ensemble de bols en noix de coco est une excellente option pour les boutiques de cadeaux touristiques qui valorisent l&rsquo;artisanat et la culture locale. Avec ce produit, on obtient un souvenir fonctionnel et esth\u00e9tiquement attrayant qui \u00e9voquera les plages chaudes et la riche biodiversit\u00e9 de Gran Canaria.<\/p>\n","protected":false},"excerpt":{"rendered":"<p>Lot de 4 bols en noix de coco de 13 x 6 cm, d\u00e9cor\u00e9s d&rsquo;un design \u00e9voquant la faune marine de Gran Canaria, plus pr\u00e9cis\u00e9ment une tortue. Chaque bol pr\u00e9sente une mosa\u00efque color\u00e9e aux tons vibrants et chauds, avec des d\u00e9tails variant entre des formes de c\u0153ur et de fleur. Au centre, le nom \u00ab\u00a0Gran Canaria\u00a0\u00bb est grav\u00e9, soulignant l&rsquo;artisanat local. Ils sont id\u00e9aux pour servir des ap\u00e9ritifs ou comme objet d\u00e9coratif, fusionnant fonctionnalit\u00e9 et beaut\u00e9 dans chaque pi\u00e8ce.<\/p>\n","protected":false},"featured_media":10708,"template":"","meta":{"_acf_changed":false},"product_brand":[],"product_cat":[521],"product_tag":[530],"class_list":{"0":"post-35025","1":"product","2":"type-product","3":"status-publish","4":"has-post-thumbnail","6":"product_cat-bols","7":"product_tag-animaux","8":"pa_ciudad-gran-canaria","9":"pa_motivo-tortues","10":"pa_pais-espana","12":"first","13":"instock","14":"shipping-taxable","15":"product-type-simple"},"acf":[],"_links":{"self":[{"href":"https:\/\/olemosaic.com\/fr\/wp-json\/wp\/v2\/product\/35025","targetHints":{"allow":["GET"]}}],"collection":[{"href":"https:\/\/olemosaic.com\/fr\/wp-json\/wp\/v2\/product"}],"about":[{"href":"https:\/\/olemosaic.com\/fr\/wp-json\/wp\/v2\/types\/product"}],"wp:featuredmedia":[{"embeddable":true,"href":"https:\/\/olemosaic.com\/fr\/wp-json\/wp\/v2\/media\/10708"}],"wp:attachment":[{"href":"https:\/\/olemosaic.com\/fr\/wp-json\/wp\/v2\/media?parent=35025"}],"wp:term":[{"taxonomy":"product_brand","embeddable":true,"href":"https:\/\/olemosaic.com\/fr\/wp-json\/wp\/v2\/product_brand?post=35025"},{"taxonomy":"product_cat","embeddable":true,"href":"https:\/\/olemosaic.com\/fr\/wp-json\/wp\/v2\/product_cat?post=35025"},{"taxonomy":"product_tag","embeddable":true,"href":"https:\/\/olemosaic.com\/fr\/wp-json\/wp\/v2\/product_tag?post=35025"}],"curies":[{"name":"wp","href":"https:\/\/api.w.org\/{rel}","templated":true}]}}